{"id":41719,"date":"2022-03-14T10:03:47","date_gmt":"2022-03-14T10:03:47","guid":{"rendered":"https:\/\/www.headshop.nl\/?post_type=product&#038;p=41719"},"modified":"2025-05-23T09:39:36","modified_gmt":"2025-05-23T09:39:36","slug":"jumbo-pro-gold-rolls-with-prerolled-tips","status":"publish","type":"product","link":"https:\/\/www.headshop.nl\/de\/jumbo-pro-gold-rolls-with-prerolled-tips\/","title":{"rendered":"Jumbo Pro Gold Rolls mit vorgewalztem Tips"},"content":{"rendered":"<h2>Jumbo Smoking Verbrauchsmaterial<\/h2>\n<p>Jumbo ist eine holl\u00e4ndische Qualit\u00e4tsmarke f\u00fcr Rolling Paper und Rauchzubeh\u00f6r, die es Rauchern erm\u00f6glichen will, Qualit\u00e4tsprodukte zu einem erschwinglichen Preis zu erhalten. Die Jungs hinter Jumbo behaupten, dass alle ihre Produkte in den gleichen Fabriken wie andere popul\u00e4rere und etabliertere Marken hergestellt werden, so dass ihre Qualit\u00e4t sollte jeder Rauchen Versorgung Hersteller auf dem Markt entsprechen! Jumbo ist auch f\u00fcr seine einzigartige mehrfarbige Rolling Paper Versorgung bekannt.<\/p>","protected":false},"excerpt":{"rendered":"<p>Jumbo Gold Pro Rolling Paper zielt darauf ab, die h\u00f6chste Qualit\u00e4t Rolling Paper zu einem erschwinglichen Preis zu liefern. Diese Rollen kommen auch mit einer vorgerollten Packung von Tipps, so dass Sie Ihre Joints noch schneller rollen k\u00f6nnen. Das hei\u00dft, du nimmst einfach so viel Papier, wie du brauchst, f\u00fcgst eine Spitze hinzu und rollst deinen Joint in Sekundenschnelle! Praktisch!<\/p>","protected":false},"featured_media":44173,"template":"","meta":[],"product_brand":[],"product_cat":[810,297,414,447,421,803],"product_tag":[],"class_list":{"0":"post-41719","1":"product","2":"type-product","3":"status-publish","4":"has-post-thumbnail","6":"product_cat-jumbo","7":"product_cat-all-products","8":"product_cat-headshop","9":"product_cat-papers-with-tips","10":"product_cat-rolling-papers","11":"product_cat-rolls","12":"product_shipping_class-creditcard-on","14":"first","15":"instock","16":"taxable","17":"shipping-taxable","18":"purchasable","19":"product-type-variable","20":"has-default-attributes"},"_links":{"self":[{"href":"https:\/\/www.headshop.nl\/de\/wp-json\/wp\/v2\/product\/41719","targetHints":{"allow":["GET"]}}],"collection":[{"href":"https:\/\/www.headshop.nl\/de\/wp-json\/wp\/v2\/product"}],"about":[{"href":"https:\/\/www.headshop.nl\/de\/wp-json\/wp\/v2\/types\/product"}],"wp:featuredmedia":[{"embeddable":true,"href":"https:\/\/www.headshop.nl\/de\/wp-json\/wp\/v2\/media\/44173"}],"wp:attachment":[{"href":"https:\/\/www.headshop.nl\/de\/wp-json\/wp\/v2\/media?parent=41719"}],"wp:term":[{"taxonomy":"product_brand","embeddable":true,"href":"https:\/\/www.headshop.nl\/de\/wp-json\/wp\/v2\/product_brand?post=41719"},{"taxonomy":"product_cat","embeddable":true,"href":"https:\/\/www.headshop.nl\/de\/wp-json\/wp\/v2\/product_cat?post=41719"},{"taxonomy":"product_tag","embeddable":true,"href":"https:\/\/www.headshop.nl\/de\/wp-json\/wp\/v2\/product_tag?post=41719"}],"curies":[{"name":"wp","href":"https:\/\/api.w.org\/{rel}","templated":true}]}}