{"id":41700,"date":"2022-03-14T10:03:43","date_gmt":"2022-03-14T10:03:43","guid":{"rendered":"https:\/\/www.headshop.nl\/?post_type=product&#038;p=41700"},"modified":"2024-09-17T10:58:49","modified_gmt":"2024-09-17T10:58:49","slug":"jumbo-pink-king-size-cones-prerolled-34x","status":"publish","type":"product","link":"https:\/\/www.headshop.nl\/de\/jumbo-pink-king-size-cones-prerolled-34x\/","title":{"rendered":"Jumbo Rosa King Size Cones Vorgerollt 34x"},"content":{"rendered":"<h2>Rosa Rolling Papers<\/h2>\n<p>Willst du einen pinken Joint drehen und rauchen? Die Jumbo Pink Rolling Paper- und Tip-Kollektion hat alles, was Du brauchst, um Deine Joints auf die pinke Art zu rauchen! Sie haben sogar rosa vorgerollte Kegel f\u00fcr die faulen Raucher da drau\u00dfen... Wenn Sie rosa lieben, werden Sie den Gedanken lieben, dass alle Ihre Joints, von nun an - rosa sein k\u00f6nnen! Holen Sie sich alle Ihre rosa Rolling Supplies von Jumbo.<\/p>\n<h2>Jumbo Smoking Verbrauchsmaterial<\/h2>\n<p>Jumbo ist eine holl\u00e4ndische Qualit\u00e4tsmarke f\u00fcr Rolling Paper und Rauchzubeh\u00f6r, die es Rauchern erm\u00f6glichen will, Qualit\u00e4tsprodukte zu einem erschwinglichen Preis zu erhalten. Die Jungs hinter Jumbo behaupten, dass alle ihre Produkte in den gleichen Fabriken wie andere popul\u00e4rere und etabliertere Marken hergestellt werden, so dass ihre Qualit\u00e4t sollte jeder Rauchen Versorgung Hersteller auf dem Markt entsprechen! Jumbo ist auch f\u00fcr seine einzigartige mehrfarbige Rolling Paper Versorgung bekannt.<\/p>","protected":false},"excerpt":{"rendered":"<p>Classic King-Size-Kegel, aber in rosa! Ja, diese Kegel sind rosa und erm\u00f6glichen es Ihnen, rosa Joints auf die schnellste und einfachste Weise zu rollen, die es gibt. Alle Deine rosa Joints sehen gleichm\u00e4\u00dfig aus und brennen langsam ab. Der einfachste Weg, um glamour\u00f6se rosa Joints in der Stadt zu drehen!<\/p>","protected":false},"featured_media":44046,"template":"","meta":[],"product_brand":[],"product_cat":[483,297,793,414,810,807,421],"product_tag":[],"class_list":{"0":"post-41700","1":"product","2":"type-product","3":"status-publish","4":"has-post-thumbnail","6":"product_cat-cones","7":"product_cat-all-products","8":"product_cat-color-papers","9":"product_cat-headshop","10":"product_cat-jumbo","11":"product_cat-pink-papers","12":"product_cat-rolling-papers","13":"product_shipping_class-creditcard-on","15":"first","16":"instock","17":"taxable","18":"shipping-taxable","19":"purchasable","20":"product-type-variable","21":"has-default-attributes"},"_links":{"self":[{"href":"https:\/\/www.headshop.nl\/de\/wp-json\/wp\/v2\/product\/41700","targetHints":{"allow":["GET"]}}],"collection":[{"href":"https:\/\/www.headshop.nl\/de\/wp-json\/wp\/v2\/product"}],"about":[{"href":"https:\/\/www.headshop.nl\/de\/wp-json\/wp\/v2\/types\/product"}],"wp:featuredmedia":[{"embeddable":true,"href":"https:\/\/www.headshop.nl\/de\/wp-json\/wp\/v2\/media\/44046"}],"wp:attachment":[{"href":"https:\/\/www.headshop.nl\/de\/wp-json\/wp\/v2\/media?parent=41700"}],"wp:term":[{"taxonomy":"product_brand","embeddable":true,"href":"https:\/\/www.headshop.nl\/de\/wp-json\/wp\/v2\/product_brand?post=41700"},{"taxonomy":"product_cat","embeddable":true,"href":"https:\/\/www.headshop.nl\/de\/wp-json\/wp\/v2\/product_cat?post=41700"},{"taxonomy":"product_tag","embeddable":true,"href":"https:\/\/www.headshop.nl\/de\/wp-json\/wp\/v2\/product_tag?post=41700"}],"curies":[{"name":"wp","href":"https:\/\/api.w.org\/{rel}","templated":true}]}}