{"id":41695,"date":"2022-03-14T10:03:42","date_gmt":"2022-03-14T10:03:42","guid":{"rendered":"https:\/\/www.headshop.nl\/?post_type=product&#038;p=41695"},"modified":"2025-05-23T09:43:39","modified_gmt":"2025-05-23T09:43:39","slug":"mascotte-original-tips","status":"publish","type":"product","link":"https:\/\/www.headshop.nl\/de\/mascotte-original-tips\/","title":{"rendered":"Mascotte Original Tips"},"content":{"rendered":"<h2>Mascotte Tips<\/h2>\n<p>Wenn Du eine hochwertige Tip-Auswahl suchst, die zu all Deinen Lieblings-Rolling-Papiergr\u00f6\u00dfen passt, dann hol Dir ein Tip-Booklet von Mascotte. Mit jahrzehntelanger Erfahrung in der Herstellung von Rauchzubeh\u00f6r stellt das Mascotte-Team sicher, dass jedes Produkt, das sie herausbringen, erstklassig ist. Das bedeutet, dass Sie einige wirklich sch\u00f6ne Z\u00fcge erwarten k\u00f6nnen, wenn Sie sich f\u00fcr Mascotte Bl\u00e4ttchen entscheiden!<\/p>\n<h2>Mascotte Rollendes Zubeh\u00f6r<\/h2>\n<p>Mascotte ist ein niederl\u00e4ndischer Hersteller von Rolling Paper und Rauchzubeh\u00f6r, der in der niederl\u00e4ndischen Rauchergemeinde gut etabliert ist. Sie k\u00f6nnen diese Qualit\u00e4t Rolling Papers von Mascotte in fast jedem Laden an der Ecke finden. Und das nicht ohne Grund! Mascotte stellt hochwertige Rolling Papers her, die den Anspr\u00fcchen eines jeden Rauchers gerecht werden. Die Kollektion von Mascotte ist mit verschiedenen Produkten gef\u00fcllt, die zu jeder Rauchvorliebe passen!<\/p>","protected":false},"excerpt":{"rendered":"<p>Die einfachsten Innovationen k\u00f6nnen genial sein! Ein einfaches B\u00fcchlein mit Rolling Tips, das zu den g\u00e4ngigsten Rolling Paper Gr\u00f6\u00dfen passt, ist das, was jeder Raucher braucht. Kein Schneiden von Visitenkarten oder Zerrei\u00dfen von Zeitschriften mehr. Nimm einen Tip, rolle ihn und verwende ihn in deinem Joint, so einfach ist das!<\/p>","protected":false},"featured_media":44601,"template":"","meta":[],"product_brand":[],"product_cat":[445,297,414,627,816,421],"product_tag":[],"class_list":{"0":"post-41695","1":"product","2":"type-product","3":"status-publish","4":"has-post-thumbnail","6":"product_cat-rolling-tips","7":"product_cat-all-products","8":"product_cat-headshop","9":"product_cat-headshop-top-10","10":"product_cat-mascotte","11":"product_cat-rolling-papers","12":"product_shipping_class-creditcard-on","14":"first","15":"instock","16":"taxable","17":"shipping-taxable","18":"purchasable","19":"product-type-variable","20":"has-default-attributes"},"_links":{"self":[{"href":"https:\/\/www.headshop.nl\/de\/wp-json\/wp\/v2\/product\/41695","targetHints":{"allow":["GET"]}}],"collection":[{"href":"https:\/\/www.headshop.nl\/de\/wp-json\/wp\/v2\/product"}],"about":[{"href":"https:\/\/www.headshop.nl\/de\/wp-json\/wp\/v2\/types\/product"}],"wp:featuredmedia":[{"embeddable":true,"href":"https:\/\/www.headshop.nl\/de\/wp-json\/wp\/v2\/media\/44601"}],"wp:attachment":[{"href":"https:\/\/www.headshop.nl\/de\/wp-json\/wp\/v2\/media?parent=41695"}],"wp:term":[{"taxonomy":"product_brand","embeddable":true,"href":"https:\/\/www.headshop.nl\/de\/wp-json\/wp\/v2\/product_brand?post=41695"},{"taxonomy":"product_cat","embeddable":true,"href":"https:\/\/www.headshop.nl\/de\/wp-json\/wp\/v2\/product_cat?post=41695"},{"taxonomy":"product_tag","embeddable":true,"href":"https:\/\/www.headshop.nl\/de\/wp-json\/wp\/v2\/product_tag?post=41695"}],"curies":[{"name":"wp","href":"https:\/\/api.w.org\/{rel}","templated":true}]}}