{"id":41693,"date":"2022-03-14T10:03:35","date_gmt":"2022-03-14T10:03:35","guid":{"rendered":"https:\/\/www.headshop.nl\/?post_type=product&#038;p=41693"},"modified":"2025-05-23T09:43:50","modified_gmt":"2025-05-23T09:43:50","slug":"mascotte-active-10-filters","status":"publish","type":"product","link":"https:\/\/www.headshop.nl\/de\/mascotte-active-10-filters\/","title":{"rendered":"Mascotte Aktiv 10 Filters"},"content":{"rendered":"<h2>Mascotte Aktivkohle Tips<\/h2>\n<p>Diejenigen, die ein saubereres Raucherlebnis suchen, ohne etwas von dem guten Zeug zu verlieren... sollten anfangen, Aktivkohlefilter zu verwenden und nie wieder zur\u00fcckgehen! Sie bewirken Wunder, indem sie jeden Zug filtern und f\u00fcr einen saubereren Rauch und besseren Geschmack sorgen. Wenn Sie sie noch nie ausprobiert haben, sollten Sie das unbedingt tun! Jeder, der Aktivkohlefilter ausprobiert, verliebt sich sofort in sie.<\/p>\n<h2>Mascotte Rollendes Zubeh\u00f6r<\/h2>\n<p>Mascotte ist ein niederl\u00e4ndischer Hersteller von Rolling Paper und Rauchzubeh\u00f6r, der in der niederl\u00e4ndischen Rauchergemeinde gut etabliert ist. Sie k\u00f6nnen diese Qualit\u00e4t Rolling Papers von Mascotte in fast jedem Laden an der Ecke finden. Und das nicht ohne Grund! Mascotte stellt hochwertige Rolling Papers her, die den Anspr\u00fcchen eines jeden Rauchers gerecht werden. Die Kollektion von Mascotte ist mit verschiedenen Produkten gef\u00fcllt, die zu jeder Rauchvorliebe passen!<\/p>","protected":false},"excerpt":{"rendered":"<p>Diese kleine Packung Aktivkohlefilter-Tips wird die Art und Weise, wie Du Deine Joints rauchst, f\u00fcr immer ver\u00e4ndern. Sauberer Rauch, sch\u00f6ner Geschmack, und insgesamt verbesserte Raucherlebnis garantiert! Diese Filter reinigen aktiv jeden Zug, den Sie nehmen, und diejenigen, die sie versuchen, nie zur\u00fcckgehen. Greatest Rauchen Versorgung Investition gibt!<\/p>","protected":false},"featured_media":44611,"template":"","meta":[],"product_brand":[],"product_cat":[445,297,414,816,421],"product_tag":[],"class_list":{"0":"post-41693","1":"product","2":"type-product","3":"status-publish","4":"has-post-thumbnail","6":"product_cat-rolling-tips","7":"product_cat-all-products","8":"product_cat-headshop","9":"product_cat-mascotte","10":"product_cat-rolling-papers","11":"product_shipping_class-creditcard-on","13":"first","14":"instock","15":"taxable","16":"shipping-taxable","17":"purchasable","18":"product-type-variable","19":"has-default-attributes"},"_links":{"self":[{"href":"https:\/\/www.headshop.nl\/de\/wp-json\/wp\/v2\/product\/41693","targetHints":{"allow":["GET"]}}],"collection":[{"href":"https:\/\/www.headshop.nl\/de\/wp-json\/wp\/v2\/product"}],"about":[{"href":"https:\/\/www.headshop.nl\/de\/wp-json\/wp\/v2\/types\/product"}],"wp:featuredmedia":[{"embeddable":true,"href":"https:\/\/www.headshop.nl\/de\/wp-json\/wp\/v2\/media\/44611"}],"wp:attachment":[{"href":"https:\/\/www.headshop.nl\/de\/wp-json\/wp\/v2\/media?parent=41693"}],"wp:term":[{"taxonomy":"product_brand","embeddable":true,"href":"https:\/\/www.headshop.nl\/de\/wp-json\/wp\/v2\/product_brand?post=41693"},{"taxonomy":"product_cat","embeddable":true,"href":"https:\/\/www.headshop.nl\/de\/wp-json\/wp\/v2\/product_cat?post=41693"},{"taxonomy":"product_tag","embeddable":true,"href":"https:\/\/www.headshop.nl\/de\/wp-json\/wp\/v2\/product_tag?post=41693"}],"curies":[{"name":"wp","href":"https:\/\/api.w.org\/{rel}","templated":true}]}}