{"id":41689,"date":"2022-03-14T10:03:34","date_gmt":"2022-03-14T10:03:34","guid":{"rendered":"https:\/\/www.headshop.nl\/?post_type=product&#038;p=41689"},"modified":"2025-05-23T09:44:20","modified_gmt":"2025-05-23T09:44:20","slug":"mascotte-extra-thin-combi-slim-size","status":"publish","type":"product","link":"https:\/\/www.headshop.nl\/de\/mascotte-extra-thin-combi-slim-size\/","title":{"rendered":"Mascotte Extra d\u00fcnne Kombi Slim Size"},"content":{"rendered":"<h2>Mascotte Tips und Papers<\/h2>\n<p>Wenn Du gerne alles, was Du zum Drehen eines Joints brauchst, immer bei Dir hast, brauchst Du ein Kombipack von Mascotte. Es ist ein Kombipack, das sowohl hochwertiges Rolling Paper als auch einige passende Tips enth\u00e4lt, so dass Du Deine Joints ganz einfach unterwegs rollen kannst!<\/p>\n<h2>Mascotte Rollendes Zubeh\u00f6r<\/h2>\n<p>Mascotte ist ein niederl\u00e4ndischer Hersteller von Rolling Paper und Rauchzubeh\u00f6r, der in der niederl\u00e4ndischen Rauchergemeinde gut etabliert ist. Sie k\u00f6nnen diese Qualit\u00e4t Rolling Papers von Mascotte in fast jedem Laden an der Ecke finden. Und das nicht ohne Grund! Mascotte stellt hochwertige Rolling Papers her, die den Anspr\u00fcchen eines jeden Rauchers gerecht werden. Die Kollektion von Mascotte ist mit verschiedenen Produkten gef\u00fcllt, die zu jeder Rauchvorliebe passen!<\/p>","protected":false},"excerpt":{"rendered":"<p>Wenn Du extra d\u00fcnnes Rolling Paper mit Tips haben m\u00f6chtest, ist dies das richtige Produkt f\u00fcr Dich! Diejenigen, die auf d\u00fcnnes Rolling Paper schw\u00f6ren, werden dieses erstaunliche Produkt von Mascotte lieben. Die Kombi-Packung bedeutet, dass Sie eine Menge Tipps und schlanke Papier Gr\u00f6\u00dfe erm\u00f6glicht es Ihnen, noch weniger Papier zu verwenden, so ist es eine perfekte d\u00fcnne Papier Produkt f\u00fcr alle Arten von Rauchern!<\/p>","protected":false},"featured_media":44637,"template":"","meta":[],"product_brand":[],"product_cat":[421,297,414,816,447,802],"product_tag":[],"class_list":{"0":"post-41689","1":"product","2":"type-product","3":"status-publish","4":"has-post-thumbnail","6":"product_cat-rolling-papers","7":"product_cat-all-products","8":"product_cat-headshop","9":"product_cat-mascotte","10":"product_cat-papers-with-tips","11":"product_cat-slim-size","12":"product_shipping_class-creditcard-on","14":"first","15":"instock","16":"taxable","17":"shipping-taxable","18":"purchasable","19":"product-type-variable","20":"has-default-attributes"},"_links":{"self":[{"href":"https:\/\/www.headshop.nl\/de\/wp-json\/wp\/v2\/product\/41689","targetHints":{"allow":["GET"]}}],"collection":[{"href":"https:\/\/www.headshop.nl\/de\/wp-json\/wp\/v2\/product"}],"about":[{"href":"https:\/\/www.headshop.nl\/de\/wp-json\/wp\/v2\/types\/product"}],"wp:featuredmedia":[{"embeddable":true,"href":"https:\/\/www.headshop.nl\/de\/wp-json\/wp\/v2\/media\/44637"}],"wp:attachment":[{"href":"https:\/\/www.headshop.nl\/de\/wp-json\/wp\/v2\/media?parent=41689"}],"wp:term":[{"taxonomy":"product_brand","embeddable":true,"href":"https:\/\/www.headshop.nl\/de\/wp-json\/wp\/v2\/product_brand?post=41689"},{"taxonomy":"product_cat","embeddable":true,"href":"https:\/\/www.headshop.nl\/de\/wp-json\/wp\/v2\/product_cat?post=41689"},{"taxonomy":"product_tag","embeddable":true,"href":"https:\/\/www.headshop.nl\/de\/wp-json\/wp\/v2\/product_tag?post=41689"}],"curies":[{"name":"wp","href":"https:\/\/api.w.org\/{rel}","templated":true}]}}