{"id":41686,"date":"2022-03-14T10:03:34","date_gmt":"2022-03-14T10:03:34","guid":{"rendered":"https:\/\/www.headshop.nl\/?post_type=product&#038;p=41686"},"modified":"2025-05-23T09:44:00","modified_gmt":"2025-05-23T09:44:00","slug":"mascotte-brown-slim-size-rolling-papers","status":"publish","type":"product","link":"https:\/\/www.headshop.nl\/de\/mascotte-brown-slim-size-rolling-papers\/","title":{"rendered":"Mascotte Braun Slim Size Rolling Papers"},"content":{"rendered":"<h2>Schlank Mascotte Papers<\/h2>\n<p>Slim-Size-Rolling-Papier ist wahrscheinlich das am weitesten verbreitete Rolling-Papier auf dem Planeten im Moment. Mit so viel Nachfrage nach Slim-Papier kommt die Notwendigkeit f\u00fcr Marken wie Mascotte, dass perfekte schlanke Rolling Paper zu schaffen. Und wir glauben, dass das Team von Mascotte seine jahrzehntelange Erfahrung in der Herstellung von Rauchwaren genutzt hat, um das ideale Slim Rolling Paper zu liefern, das jeder liebt!<\/p>\n<h2>Mascotte Rollendes Zubeh\u00f6r<\/h2>\n<p>Mascotte ist ein niederl\u00e4ndischer Hersteller von Rolling Paper und Rauchzubeh\u00f6r, der in der niederl\u00e4ndischen Rauchergemeinde gut etabliert ist. Sie k\u00f6nnen diese Qualit\u00e4t Rolling Papers von Mascotte in fast jedem Laden an der Ecke finden. Und das nicht ohne Grund! Mascotte stellt hochwertige Rolling Papers her, die den Anspr\u00fcchen eines jeden Rauchers gerecht werden. Die Kollektion von Mascotte ist mit verschiedenen Produkten gef\u00fcllt, die zu jeder Rauchvorliebe passen!<\/p>","protected":false},"excerpt":{"rendered":"<p>Das Slim-Format ist eines der beliebtesten Formate f\u00fcr Rolling Paper auf dem Planeten und diese Slim Papers von Mascotte sind unraffiniert und ungebleicht! Das bedeutet, dass ihr Herstellungsprozess so sauber und nat\u00fcrlich ist, wie er nur sein kann. Dies bedeutet auch, dass Ihr Raucherlebnis rein sein wird und die Papiere im Grunde keinen zus\u00e4tzlichen Geschmack haben, was Ihnen erlaubt, Ihre Joints noch mehr zu genie\u00dfen!<\/p>","protected":false},"featured_media":44643,"template":"","meta":[],"product_brand":[],"product_cat":[421,297,414,816,802],"product_tag":[],"class_list":{"0":"post-41686","1":"product","2":"type-product","3":"status-publish","4":"has-post-thumbnail","6":"product_cat-rolling-papers","7":"product_cat-all-products","8":"product_cat-headshop","9":"product_cat-mascotte","10":"product_cat-slim-size","11":"product_shipping_class-creditcard-on","13":"first","14":"instock","15":"taxable","16":"shipping-taxable","17":"purchasable","18":"product-type-variable","19":"has-default-attributes"},"_links":{"self":[{"href":"https:\/\/www.headshop.nl\/de\/wp-json\/wp\/v2\/product\/41686","targetHints":{"allow":["GET"]}}],"collection":[{"href":"https:\/\/www.headshop.nl\/de\/wp-json\/wp\/v2\/product"}],"about":[{"href":"https:\/\/www.headshop.nl\/de\/wp-json\/wp\/v2\/types\/product"}],"wp:featuredmedia":[{"embeddable":true,"href":"https:\/\/www.headshop.nl\/de\/wp-json\/wp\/v2\/media\/44643"}],"wp:attachment":[{"href":"https:\/\/www.headshop.nl\/de\/wp-json\/wp\/v2\/media?parent=41686"}],"wp:term":[{"taxonomy":"product_brand","embeddable":true,"href":"https:\/\/www.headshop.nl\/de\/wp-json\/wp\/v2\/product_brand?post=41686"},{"taxonomy":"product_cat","embeddable":true,"href":"https:\/\/www.headshop.nl\/de\/wp-json\/wp\/v2\/product_cat?post=41686"},{"taxonomy":"product_tag","embeddable":true,"href":"https:\/\/www.headshop.nl\/de\/wp-json\/wp\/v2\/product_tag?post=41686"}],"curies":[{"name":"wp","href":"https:\/\/api.w.org\/{rel}","templated":true}]}}