{"id":41666,"date":"2022-03-14T10:03:30","date_gmt":"2022-03-14T10:03:30","guid":{"rendered":"https:\/\/www.headshop.nl\/?post_type=product&#038;p=41666"},"modified":"2025-05-23T09:46:38","modified_gmt":"2025-05-23T09:46:38","slug":"elements-king-size-slim-thin","status":"publish","type":"product","link":"https:\/\/www.headshop.nl\/de\/elements-king-size-slim-thin\/","title":{"rendered":"Elements King Size Schlank D\u00fcnn"},"content":{"rendered":"<h2>Elements D\u00fcnner Reis Rolling Papers<\/h2>\n<p>Mit tausenden von Jahren an Erfahrung kann die Menschheit Papier aus fast jedem Material herstellen. Elements Raucherbedarf nutzt diese Erfahrung der Menschheit und wendet sie bei der Herstellung ihres hochwertigen Bl\u00e4ttchens an. Das ist der Grund, warum ihre biologisch hergestellten Rolling Papers so viele begeisterte Fans rund um den Globus haben! Probieren Sie es aus, wir sind sicher, es wird Ihnen gefallen.<\/p>","protected":false},"excerpt":{"rendered":"<p>Liebhaber von d\u00fcnnem Rolling Paper, freuen Sie sich! Diese aus Reis hergestellten Papiere sind eine der d\u00fcnnsten Rolling-Paper-L\u00f6sungen, die Du auf dem Markt f\u00fcr Raucherbedarf finden kannst. Mit dieser schlanken Gr\u00f6\u00dfe, die jeder liebt, wenn diese Papiere gerollt wird in einem langsam brennenden Joint und insgesamt erstaunliche Raucherlebnis f\u00fchren.<\/p>","protected":false},"featured_media":45090,"template":"","meta":[],"product_brand":[],"product_cat":[421,297,414,446,802],"product_tag":[],"class_list":{"0":"post-41666","1":"product","2":"type-product","3":"status-publish","4":"has-post-thumbnail","6":"product_cat-rolling-papers","7":"product_cat-all-products","8":"product_cat-headshop","9":"product_cat-papers","10":"product_cat-slim-size","11":"product_shipping_class-creditcard-on","13":"first","14":"instock","15":"taxable","16":"shipping-taxable","17":"purchasable","18":"product-type-variable","19":"has-default-attributes"},"_links":{"self":[{"href":"https:\/\/www.headshop.nl\/de\/wp-json\/wp\/v2\/product\/41666","targetHints":{"allow":["GET"]}}],"collection":[{"href":"https:\/\/www.headshop.nl\/de\/wp-json\/wp\/v2\/product"}],"about":[{"href":"https:\/\/www.headshop.nl\/de\/wp-json\/wp\/v2\/types\/product"}],"wp:featuredmedia":[{"embeddable":true,"href":"https:\/\/www.headshop.nl\/de\/wp-json\/wp\/v2\/media\/45090"}],"wp:attachment":[{"href":"https:\/\/www.headshop.nl\/de\/wp-json\/wp\/v2\/media?parent=41666"}],"wp:term":[{"taxonomy":"product_brand","embeddable":true,"href":"https:\/\/www.headshop.nl\/de\/wp-json\/wp\/v2\/product_brand?post=41666"},{"taxonomy":"product_cat","embeddable":true,"href":"https:\/\/www.headshop.nl\/de\/wp-json\/wp\/v2\/product_cat?post=41666"},{"taxonomy":"product_tag","embeddable":true,"href":"https:\/\/www.headshop.nl\/de\/wp-json\/wp\/v2\/product_tag?post=41666"}],"curies":[{"name":"wp","href":"https:\/\/api.w.org\/{rel}","templated":true}]}}