{"id":41665,"date":"2022-03-14T10:03:29","date_gmt":"2022-03-14T10:03:29","guid":{"rendered":"https:\/\/www.headshop.nl\/?post_type=product&#038;p=41665"},"modified":"2025-05-23T09:46:55","modified_gmt":"2025-05-23T09:46:55","slug":"elements-king-size-thin","status":"publish","type":"product","link":"https:\/\/www.headshop.nl\/de\/elements-king-size-thin\/","title":{"rendered":"Elements King Size D\u00fcnn"},"content":{"rendered":"<h2>Elements D\u00fcnn Rolling Papers<\/h2>\n<p>Mit tausenden von Jahren an Erfahrung kann die Menschheit Papier aus fast jedem Material herstellen. Elements Raucherbedarf nutzt diese Erfahrung der Menschheit und wendet sie bei der Herstellung ihres hochwertigen Bl\u00e4ttchens an. Das ist der Grund, warum ihre biologisch hergestellten Rolling Papers so viele begeisterte Fans rund um den Globus haben! Probieren Sie es aus, wir sind sicher, es wird Ihnen gefallen.<\/p>","protected":false},"excerpt":{"rendered":"<p>King-Size-Rolling-Papiere aus Reis, die zu einem langsam brennenden Erlebnis f\u00fchren werden! Das ist einer der Gr\u00fcnde, warum sich die meisten Liebhaber von d\u00fcnnem Papier f\u00fcr elements entscheiden. Sie wissen, wie man organische Materialien richtig einsetzt, um das ideale Papier zu erhalten, das einem beim Rauchen des Joints Freude ins Gesicht zaubert.<\/p>","protected":false},"featured_media":45120,"template":"","meta":[],"product_brand":[],"product_cat":[421,297,414,801,446],"product_tag":[],"class_list":{"0":"post-41665","1":"product","2":"type-product","3":"status-publish","4":"has-post-thumbnail","6":"product_cat-rolling-papers","7":"product_cat-all-products","8":"product_cat-headshop","9":"product_cat-king-size","10":"product_cat-papers","11":"product_shipping_class-creditcard-on","13":"first","14":"instock","15":"taxable","16":"shipping-taxable","17":"purchasable","18":"product-type-variable","19":"has-default-attributes"},"_links":{"self":[{"href":"https:\/\/www.headshop.nl\/de\/wp-json\/wp\/v2\/product\/41665","targetHints":{"allow":["GET"]}}],"collection":[{"href":"https:\/\/www.headshop.nl\/de\/wp-json\/wp\/v2\/product"}],"about":[{"href":"https:\/\/www.headshop.nl\/de\/wp-json\/wp\/v2\/types\/product"}],"wp:featuredmedia":[{"embeddable":true,"href":"https:\/\/www.headshop.nl\/de\/wp-json\/wp\/v2\/media\/45120"}],"wp:attachment":[{"href":"https:\/\/www.headshop.nl\/de\/wp-json\/wp\/v2\/media?parent=41665"}],"wp:term":[{"taxonomy":"product_brand","embeddable":true,"href":"https:\/\/www.headshop.nl\/de\/wp-json\/wp\/v2\/product_brand?post=41665"},{"taxonomy":"product_cat","embeddable":true,"href":"https:\/\/www.headshop.nl\/de\/wp-json\/wp\/v2\/product_cat?post=41665"},{"taxonomy":"product_tag","embeddable":true,"href":"https:\/\/www.headshop.nl\/de\/wp-json\/wp\/v2\/product_tag?post=41665"}],"curies":[{"name":"wp","href":"https:\/\/api.w.org\/{rel}","templated":true}]}}