{"id":41650,"date":"2022-03-14T10:03:19","date_gmt":"2022-03-14T10:03:19","guid":{"rendered":"https:\/\/www.headshop.nl\/?post_type=product&#038;p=41650"},"modified":"2025-05-23T09:50:14","modified_gmt":"2025-05-23T09:50:14","slug":"raw-connoisseur-king-size-slim-rolling-papers-and-tips","status":"publish","type":"product","link":"https:\/\/www.headshop.nl\/de\/raw-connoisseur-king-size-slim-rolling-papers-and-tips\/","title":{"rendered":"Raw Genie\u00dfer King Size Slim Rolling Papers und Tips"},"content":{"rendered":"<h2>ROH Classic Rolling Papers<\/h2>\n<p>Raw classic bietet Produkte, die jeder Raucher lieben und genie\u00dfen wird! Alle RAW-Papiere werden aus organischen Materialien hergestellt, alles ist ungebleicht und nichts wird mit Chemikalien behandelt, deshalb f\u00fchlt sich jedes RAW-Raucherlebnis rein an und der Geschmack ist erstaunlich! Alle Classic RAW-Raucherpapiere und andere Raucherprodukte werden von Millionen geliebt und werden von jedem Raucher geliebt werden, der sie ausprobiert!<\/p>\n<h2>Raw Smoking Verbrauchsmaterial<\/h2>\n<p>Raw ist bekannt f\u00fcr sein hochwertiges, authentisches Rauchzubeh\u00f6r, das von Millionen von Rauchern auf der ganzen Welt geliebt wird. Raw ist eine der anerkanntesten Raucherpapiermarken, die mit dem organischsten, nat\u00fcrlichsten und hochwertigsten Raucherpapier vertraut werden kann. Das beste Zubeh\u00f6r, das Sie als Raucher finden k\u00f6nnen!<\/p>","protected":false},"excerpt":{"rendered":"<p>Gro\u00dfformatige Bl\u00e4ttchen von RAW? Ja, genau! Kommt mit Rolling Tips? Darauf kannst Du wetten! Beste Rolling Paper Qualit\u00e4t trifft auf die organischste Art der Papierherstellung, um Dir das beste Raucherlebnis zu bieten. Diejenigen, die die klassischen RAW King-Size-Papiere ausprobiert haben, wissen, dass dies definitiv die besten Papiere sind, auf die man hoffen kann!<\/p>","protected":false},"featured_media":43573,"template":"","meta":[],"product_brand":[],"product_cat":[421,297,414,447,771],"product_tag":[],"class_list":{"0":"post-41650","1":"product","2":"type-product","3":"status-publish","4":"has-post-thumbnail","6":"product_cat-rolling-papers","7":"product_cat-all-products","8":"product_cat-headshop","9":"product_cat-papers-with-tips","10":"product_cat-raw","11":"product_shipping_class-creditcard-on","13":"first","14":"instock","15":"taxable","16":"shipping-taxable","17":"purchasable","18":"product-type-variable","19":"has-default-attributes"},"_links":{"self":[{"href":"https:\/\/www.headshop.nl\/de\/wp-json\/wp\/v2\/product\/41650","targetHints":{"allow":["GET"]}}],"collection":[{"href":"https:\/\/www.headshop.nl\/de\/wp-json\/wp\/v2\/product"}],"about":[{"href":"https:\/\/www.headshop.nl\/de\/wp-json\/wp\/v2\/types\/product"}],"wp:featuredmedia":[{"embeddable":true,"href":"https:\/\/www.headshop.nl\/de\/wp-json\/wp\/v2\/media\/43573"}],"wp:attachment":[{"href":"https:\/\/www.headshop.nl\/de\/wp-json\/wp\/v2\/media?parent=41650"}],"wp:term":[{"taxonomy":"product_brand","embeddable":true,"href":"https:\/\/www.headshop.nl\/de\/wp-json\/wp\/v2\/product_brand?post=41650"},{"taxonomy":"product_cat","embeddable":true,"href":"https:\/\/www.headshop.nl\/de\/wp-json\/wp\/v2\/product_cat?post=41650"},{"taxonomy":"product_tag","embeddable":true,"href":"https:\/\/www.headshop.nl\/de\/wp-json\/wp\/v2\/product_tag?post=41650"}],"curies":[{"name":"wp","href":"https:\/\/api.w.org\/{rel}","templated":true}]}}