{"id":41642,"date":"2022-03-14T10:03:18","date_gmt":"2022-03-14T10:03:18","guid":{"rendered":"https:\/\/www.headshop.nl\/?post_type=product&#038;p=41642"},"modified":"2025-05-23T09:50:26","modified_gmt":"2025-05-23T09:50:26","slug":"tattoo-movie-flipbook-tips","status":"publish","type":"product","link":"https:\/\/www.headshop.nl\/de\/tattoo-movie-flipbook-tips\/","title":{"rendered":"Tattoo Film Daumenkino Tips"},"content":{"rendered":"<h2>Rolling Tips<\/h2>\n<p>Es gab eine Zeit, in der wir Joints rollten, w\u00e4hrend wir aus Visitenkarten, Magazinen und jedem anderen stabilen Papier, das wir in die Finger bekamen, Tipps machten. Diese Zeit ist vorbei! Jeder Raucher sollte jetzt die einfachste und genialste Erfindung benutzen, das Filterspitzenheft. Man rei\u00dft einfach einen Tipp heraus, rollt ihn auf und verwendet ihn f\u00fcr seinen Joint. Verabschiede dich davon, aus Versehen die wichtige Visitenkarte f\u00fcr ein paar Joints zu benutzen. Sagen Sie Hallo zu Tipps in perfekter Gr\u00f6\u00dfe und Robustheit, die speziell zum Rollen von Joints hergestellt wurden!<\/p>","protected":false},"excerpt":{"rendered":"<p>Diese Tipps eignen sich nicht nur perfekt, um Joints zu rollen, sondern sorgen auch f\u00fcr Gespr\u00e4chsstoff bei deinen Kumpels. Und warum? Weil dieses B\u00fcchlein auch ein kleiner Daumenkino-Film ist. Wenn du das Heft schnell durchbl\u00e4tterst, siehst du eine kleine Animation, denn jeder Tipp hat ein anderes Design, das die kleine Filmsequenz ergibt!<\/p>","protected":false},"featured_media":44871,"template":"","meta":[],"product_brand":[],"product_cat":[445,297,414,421],"product_tag":[],"class_list":{"0":"post-41642","1":"product","2":"type-product","3":"status-publish","4":"has-post-thumbnail","6":"product_cat-rolling-tips","7":"product_cat-all-products","8":"product_cat-headshop","9":"product_cat-rolling-papers","10":"product_shipping_class-creditcard-on","12":"first","13":"instock","14":"taxable","15":"shipping-taxable","16":"purchasable","17":"product-type-variable","18":"has-default-attributes"},"_links":{"self":[{"href":"https:\/\/www.headshop.nl\/de\/wp-json\/wp\/v2\/product\/41642","targetHints":{"allow":["GET"]}}],"collection":[{"href":"https:\/\/www.headshop.nl\/de\/wp-json\/wp\/v2\/product"}],"about":[{"href":"https:\/\/www.headshop.nl\/de\/wp-json\/wp\/v2\/types\/product"}],"wp:featuredmedia":[{"embeddable":true,"href":"https:\/\/www.headshop.nl\/de\/wp-json\/wp\/v2\/media\/44871"}],"wp:attachment":[{"href":"https:\/\/www.headshop.nl\/de\/wp-json\/wp\/v2\/media?parent=41642"}],"wp:term":[{"taxonomy":"product_brand","embeddable":true,"href":"https:\/\/www.headshop.nl\/de\/wp-json\/wp\/v2\/product_brand?post=41642"},{"taxonomy":"product_cat","embeddable":true,"href":"https:\/\/www.headshop.nl\/de\/wp-json\/wp\/v2\/product_cat?post=41642"},{"taxonomy":"product_tag","embeddable":true,"href":"https:\/\/www.headshop.nl\/de\/wp-json\/wp\/v2\/product_tag?post=41642"}],"curies":[{"name":"wp","href":"https:\/\/api.w.org\/{rel}","templated":true}]}}