{"id":41629,"date":"2022-03-14T10:03:08","date_gmt":"2022-03-14T10:03:08","guid":{"rendered":"https:\/\/www.headshop.nl\/?post_type=product&#038;p=41629"},"modified":"2025-05-23T09:53:01","modified_gmt":"2025-05-23T09:53:01","slug":"mascotte-extra-slim-filters","status":"publish","type":"product","link":"https:\/\/www.headshop.nl\/de\/mascotte-extra-slim-filters\/","title":{"rendered":"Mascotte Extra schlank Filters"},"content":{"rendered":"<h2>Mascotte Rollendes Zubeh\u00f6r<\/h2>\n<p>Mascotte ist ein niederl\u00e4ndischer Hersteller von Rolling Paper und Rauchzubeh\u00f6r, der in der niederl\u00e4ndischen Rauchergemeinde gut etabliert ist. Sie k\u00f6nnen diese Qualit\u00e4t Rolling Papers von Mascotte in fast jedem Laden an der Ecke finden. Und das nicht ohne Grund! Mascotte stellt hochwertige Rolling Papers her, die den Anspr\u00fcchen eines jeden Rauchers gerecht werden. Die Kollektion von Mascotte ist mit verschiedenen Produkten gef\u00fcllt, die zu jeder Rauchvorliebe passen!<\/p>","protected":false},"excerpt":{"rendered":"<p>Shag-Raucher kennen diese hochwertigen Filter und lieben sie in ganz Europa. Und das nicht ohne Grund! Mascotte ist in den Niederlanden seit Jahrzehnten eine f\u00fchrende Marke f\u00fcr Raucherbedarf. Deshalb vertrauen so viele Raucher auf ihre hochwertigen Filterspitzen und verwenden sie jeden Tag. Wenn Sie diese Filter noch nie ausprobiert haben, ist es jetzt an der Zeit!<\/p>","protected":false},"featured_media":75277,"template":"","meta":[],"product_brand":[],"product_cat":[445,297,414,627,816,421],"product_tag":[],"class_list":{"0":"post-41629","1":"product","2":"type-product","3":"status-publish","4":"has-post-thumbnail","6":"product_cat-rolling-tips","7":"product_cat-all-products","8":"product_cat-headshop","9":"product_cat-headshop-top-10","10":"product_cat-mascotte","11":"product_cat-rolling-papers","12":"product_shipping_class-creditcard-on","14":"first","15":"instock","16":"taxable","17":"shipping-taxable","18":"purchasable","19":"product-type-variable","20":"has-default-attributes"},"_links":{"self":[{"href":"https:\/\/www.headshop.nl\/de\/wp-json\/wp\/v2\/product\/41629","targetHints":{"allow":["GET"]}}],"collection":[{"href":"https:\/\/www.headshop.nl\/de\/wp-json\/wp\/v2\/product"}],"about":[{"href":"https:\/\/www.headshop.nl\/de\/wp-json\/wp\/v2\/types\/product"}],"wp:featuredmedia":[{"embeddable":true,"href":"https:\/\/www.headshop.nl\/de\/wp-json\/wp\/v2\/media\/75277"}],"wp:attachment":[{"href":"https:\/\/www.headshop.nl\/de\/wp-json\/wp\/v2\/media?parent=41629"}],"wp:term":[{"taxonomy":"product_brand","embeddable":true,"href":"https:\/\/www.headshop.nl\/de\/wp-json\/wp\/v2\/product_brand?post=41629"},{"taxonomy":"product_cat","embeddable":true,"href":"https:\/\/www.headshop.nl\/de\/wp-json\/wp\/v2\/product_cat?post=41629"},{"taxonomy":"product_tag","embeddable":true,"href":"https:\/\/www.headshop.nl\/de\/wp-json\/wp\/v2\/product_tag?post=41629"}],"curies":[{"name":"wp","href":"https:\/\/api.w.org\/{rel}","templated":true}]}}