{"id":41627,"date":"2022-03-14T10:03:08","date_gmt":"2022-03-14T10:03:08","guid":{"rendered":"https:\/\/www.headshop.nl\/?post_type=product&#038;p=41627"},"modified":"2025-05-23T09:52:46","modified_gmt":"2025-05-23T09:52:46","slug":"cyclones-hemp-sugar-cane-blunt-cones","status":"publish","type":"product","link":"https:\/\/www.headshop.nl\/de\/cyclones-hemp-sugar-cane-blunt-cones\/","title":{"rendered":"Cyclones Hanf Zuckerrohr Blunt Cones"},"content":{"rendered":"<h2>Hanf Stumpf Cones<\/h2>\n<p>Auch wenn es immer noch stilvoll ist, einen Blunt mit einem Tabakblatt zu rollen, kannst Du ein noch besseres Raucherlebnis haben, wenn Du Blunt-Wraps aus echten Cannabispflanzen verwendest. Und da diese Wraps in Kegeln geliefert werden, musst Du Dich nicht einmal anstrengen, sie zu rollen. Gib Dein Weed hinein und rauche es!<\/p>","protected":false},"excerpt":{"rendered":"<p>Nie mehr m\u00fchsam einen Blunt drehen! Nimm diesen einfachen Hanfkegel, f\u00fclle ihn mit Weed und z\u00fcnde ihn an. Dieser vorgerollte Hanf-Blunt-Kegel wird mit einer Holzspitze geliefert, die Dein Raucherlebnis noch besser macht. Bester Geschmack trifft auf das langsame Blunt-Raucherlebnis, das Du suchst!<\/p>","protected":false},"featured_media":44993,"template":"","meta":[],"product_brand":[],"product_cat":[483,297,443,414,444,421],"product_tag":[],"class_list":{"0":"post-41627","1":"product","2":"type-product","3":"status-publish","4":"has-post-thumbnail","6":"product_cat-cones","7":"product_cat-all-products","8":"product_cat-blunts","9":"product_cat-headshop","10":"product_cat-hemp-wraps","11":"product_cat-rolling-papers","12":"product_shipping_class-creditcard-on","14":"first","15":"instock","16":"taxable","17":"shipping-taxable","18":"purchasable","19":"product-type-variable","20":"has-default-attributes"},"_links":{"self":[{"href":"https:\/\/www.headshop.nl\/de\/wp-json\/wp\/v2\/product\/41627","targetHints":{"allow":["GET"]}}],"collection":[{"href":"https:\/\/www.headshop.nl\/de\/wp-json\/wp\/v2\/product"}],"about":[{"href":"https:\/\/www.headshop.nl\/de\/wp-json\/wp\/v2\/types\/product"}],"wp:featuredmedia":[{"embeddable":true,"href":"https:\/\/www.headshop.nl\/de\/wp-json\/wp\/v2\/media\/44993"}],"wp:attachment":[{"href":"https:\/\/www.headshop.nl\/de\/wp-json\/wp\/v2\/media?parent=41627"}],"wp:term":[{"taxonomy":"product_brand","embeddable":true,"href":"https:\/\/www.headshop.nl\/de\/wp-json\/wp\/v2\/product_brand?post=41627"},{"taxonomy":"product_cat","embeddable":true,"href":"https:\/\/www.headshop.nl\/de\/wp-json\/wp\/v2\/product_cat?post=41627"},{"taxonomy":"product_tag","embeddable":true,"href":"https:\/\/www.headshop.nl\/de\/wp-json\/wp\/v2\/product_tag?post=41627"}],"curies":[{"name":"wp","href":"https:\/\/api.w.org\/{rel}","templated":true}]}}