{"id":41610,"date":"2022-03-14T10:03:05","date_gmt":"2022-03-14T10:03:05","guid":{"rendered":"https:\/\/www.headshop.nl\/?post_type=product&#038;p=41610"},"modified":"2025-05-23T09:56:38","modified_gmt":"2025-05-23T09:56:38","slug":"ocb-premium-rolls","status":"publish","type":"product","link":"https:\/\/www.headshop.nl\/de\/ocb-premium-rolls\/","title":{"rendered":"OCB Premium Rolls"},"content":{"rendered":"<h2>OCB Rolling Paper<\/h2>\n<p>W\u00e4hrend die Marke OCB in einigen L\u00e4ndern sehr beliebt ist, kennen nicht viele Menschen die Bl\u00e4ttchen aus Frankreich. Das ist schade, denn wenn es um die Qualit\u00e4t des Papiers geht und darum, wie gut ihr Kaugummi ist, gibt es nicht viele Qualit\u00e4tsvergleiche da drau\u00dfen. Es lohnt sich, sie auszuprobieren, vor allem, wenn du immer zu wenig oder zu viel an deinem Zahnfleisch leckst. Diese Papiere werden das automatisch f\u00fcr Sie l\u00f6sen!<\/p>","protected":false},"excerpt":{"rendered":"<p>Jeder will sein Rolling Paper als das beste bezeichnen, aber alles wird klar, wenn man versucht, damit zu rollen und es zu rauchen. Nun, wenn Sie noch nie OCB Rolls probiert haben, sollten Sie das unbedingt tun! Es ist eines der zuverl\u00e4ssigsten Kaugummis in der Stadt, das man nicht \u00fcberlesen kann, und es ist das einzig Wahre, wenn es um die Robustheit des Joints und den langsamen Abbrand geht. Wenn Sie dies lesen und noch nie OCB probiert haben, lassen Sie alles stehen und liegen und besorgen Sie sich jetzt welches, denn es k\u00f6nnte Ihre Sichtweise darauf \u00e4ndern, was das beste Rolling Paper sein kann!<\/p>","protected":false},"featured_media":45015,"template":"","meta":[],"product_brand":[],"product_cat":[421,297,414,803],"product_tag":[],"class_list":{"0":"post-41610","1":"product","2":"type-product","3":"status-publish","4":"has-post-thumbnail","6":"product_cat-rolling-papers","7":"product_cat-all-products","8":"product_cat-headshop","9":"product_cat-rolls","10":"product_shipping_class-creditcard-on","12":"first","13":"instock","14":"taxable","15":"shipping-taxable","16":"purchasable","17":"product-type-variable","18":"has-default-attributes"},"_links":{"self":[{"href":"https:\/\/www.headshop.nl\/de\/wp-json\/wp\/v2\/product\/41610","targetHints":{"allow":["GET"]}}],"collection":[{"href":"https:\/\/www.headshop.nl\/de\/wp-json\/wp\/v2\/product"}],"about":[{"href":"https:\/\/www.headshop.nl\/de\/wp-json\/wp\/v2\/types\/product"}],"wp:featuredmedia":[{"embeddable":true,"href":"https:\/\/www.headshop.nl\/de\/wp-json\/wp\/v2\/media\/45015"}],"wp:attachment":[{"href":"https:\/\/www.headshop.nl\/de\/wp-json\/wp\/v2\/media?parent=41610"}],"wp:term":[{"taxonomy":"product_brand","embeddable":true,"href":"https:\/\/www.headshop.nl\/de\/wp-json\/wp\/v2\/product_brand?post=41610"},{"taxonomy":"product_cat","embeddable":true,"href":"https:\/\/www.headshop.nl\/de\/wp-json\/wp\/v2\/product_cat?post=41610"},{"taxonomy":"product_tag","embeddable":true,"href":"https:\/\/www.headshop.nl\/de\/wp-json\/wp\/v2\/product_tag?post=41610"}],"curies":[{"name":"wp","href":"https:\/\/api.w.org\/{rel}","templated":true}]}}