{"id":41585,"date":"2022-03-14T10:02:51","date_gmt":"2022-03-14T10:02:51","guid":{"rendered":"https:\/\/www.headshop.nl\/?post_type=product&#038;p=41585"},"modified":"2025-05-23T09:59:34","modified_gmt":"2025-05-23T09:59:34","slug":"raw-organic-hemp-connoisseur-king-size-slim-with-tips","status":"publish","type":"product","link":"https:\/\/www.headshop.nl\/de\/raw-organic-hemp-connoisseur-king-size-slim-with-tips\/","title":{"rendered":"Raw Bio-Hanf Genie\u00dfer King Size Slim mit Tips"},"content":{"rendered":"<h2>Raw Organisch Hemp Papers<\/h2>\n<p>Bei der Raw Bio-Hanf-Produktlinie dreht sich alles um das ganz nat\u00fcrliche Cannabis-Rauchgef\u00fchl, das sich einstellt, wenn Du Hanf-Rolling-Papiere zum Drehen Deiner Joints verwendest. Nichts passt besser zu Deinem Weed-Geschmack als... das Weed selbst! Hanf-Rolling-Papiere sind ein gro\u00dfartiger organischer und unraffinierter Weg, um Ihre Joints zu rollen!<\/p>\n<h2>Raw Smoking Verbrauchsmaterial<\/h2>\n<p>Raw ist bekannt f\u00fcr sein hochwertiges, authentisches Rauchzubeh\u00f6r, das von Millionen von Rauchern auf der ganzen Welt geliebt wird. Raw ist eine der anerkanntesten Raucherpapiermarken, die mit dem organischsten, nat\u00fcrlichsten und hochwertigsten Raucherpapier vertraut werden kann.<\/p>","protected":false},"excerpt":{"rendered":"<p>Hochwertige Papiere, die mit einem fertigen Tippbuch geliefert werden? Du hast es erraten! Hochwertiges Bio-Hanfpapier in Kombination mit ungebleichten Rolling Tips verleiht Ihren Spliffs oder kleinen Joints den rostbraunen Bio-Look, f\u00fcr den Raw bekannt ist. Und es kommt alles auf die h\u00f6chste Qualit\u00e4t Raucherzubeh\u00f6r Sie sind immer mit ihm!<\/p>","protected":false},"featured_media":43403,"template":"","meta":[],"product_brand":[],"product_cat":[421,297,414,627,791,447,771],"product_tag":[],"class_list":{"0":"post-41585","1":"product","2":"type-product","3":"status-publish","4":"has-post-thumbnail","6":"product_cat-rolling-papers","7":"product_cat-all-products","8":"product_cat-headshop","9":"product_cat-headshop-top-10","10":"product_cat-hemp-papers","11":"product_cat-papers-with-tips","12":"product_cat-raw","13":"product_shipping_class-creditcard-on","15":"first","16":"instock","17":"taxable","18":"shipping-taxable","19":"purchasable","20":"product-type-variable","21":"has-default-attributes"},"_links":{"self":[{"href":"https:\/\/www.headshop.nl\/de\/wp-json\/wp\/v2\/product\/41585","targetHints":{"allow":["GET"]}}],"collection":[{"href":"https:\/\/www.headshop.nl\/de\/wp-json\/wp\/v2\/product"}],"about":[{"href":"https:\/\/www.headshop.nl\/de\/wp-json\/wp\/v2\/types\/product"}],"wp:featuredmedia":[{"embeddable":true,"href":"https:\/\/www.headshop.nl\/de\/wp-json\/wp\/v2\/media\/43403"}],"wp:attachment":[{"href":"https:\/\/www.headshop.nl\/de\/wp-json\/wp\/v2\/media?parent=41585"}],"wp:term":[{"taxonomy":"product_brand","embeddable":true,"href":"https:\/\/www.headshop.nl\/de\/wp-json\/wp\/v2\/product_brand?post=41585"},{"taxonomy":"product_cat","embeddable":true,"href":"https:\/\/www.headshop.nl\/de\/wp-json\/wp\/v2\/product_cat?post=41585"},{"taxonomy":"product_tag","embeddable":true,"href":"https:\/\/www.headshop.nl\/de\/wp-json\/wp\/v2\/product_tag?post=41585"}],"curies":[{"name":"wp","href":"https:\/\/api.w.org\/{rel}","templated":true}]}}