{"id":41582,"date":"2022-03-14T10:02:51","date_gmt":"2022-03-14T10:02:51","guid":{"rendered":"https:\/\/www.headshop.nl\/?post_type=product&#038;p=41582"},"modified":"2025-05-23T09:59:11","modified_gmt":"2025-05-23T09:59:11","slug":"clear-cellulose-king-size-rolling-papers","status":"publish","type":"product","link":"https:\/\/www.headshop.nl\/de\/clear-cellulose-king-size-rolling-papers\/","title":{"rendered":"Klare Zellulose King Size Rolling Papers"},"content":{"rendered":"<h2>Durchsichtig Rolling Papers<\/h2>\n<p>Hast Du Dich jemals gefragt, was sie benutzen, um diese durchsichtigen Joints zu drehen? Um diesen sexy, durchsichtigen Joint zu drehen, brauchst Du diese Rolling Papers! Nun, eigentlich passt das Wort Papiere hier nicht, da sie nicht wirklich aus Papiermaterialien hergestellt sind. Asiatische Baumwollmalve wurde verwendet, um das 100% nat\u00fcrliche transparente Material zu erhalten, das zum Drehen von durchsichtigen Joints verwendet werden kann. Diejenigen, die sie genie\u00dfen, schw\u00f6ren darauf, sie ein Leben lang zu benutzen!<\/p>","protected":false},"excerpt":{"rendered":"<p>Ein durchsichtiger King-Size-Joint zum Kiffen? Sie brauchen dieses Produkt, wenn dies etwas ist, das Sie versuchen wollen! W\u00e4hrend nicht wirklich Papiere, diese klare Zellulose Wraps sind aus 100% nat\u00fcrlichen und organischen Materialien hergestellt, so dass sie keinen zus\u00e4tzlichen Geschmack zu Ihrem Joint hinzuf\u00fcgen. Mit ihnen werden Sie klar sehen, was in Ihrem Joint ist und das ist eine Erfahrung, die jeder Raucher versuchen sollte!<\/p>","protected":false},"featured_media":44937,"template":"","meta":[],"product_brand":[],"product_cat":[421,297,414,446],"product_tag":[],"class_list":{"0":"post-41582","1":"product","2":"type-product","3":"status-publish","4":"has-post-thumbnail","6":"product_cat-rolling-papers","7":"product_cat-all-products","8":"product_cat-headshop","9":"product_cat-papers","10":"product_shipping_class-creditcard-on","12":"first","13":"instock","14":"taxable","15":"shipping-taxable","16":"purchasable","17":"product-type-variable","18":"has-default-attributes"},"_links":{"self":[{"href":"https:\/\/www.headshop.nl\/de\/wp-json\/wp\/v2\/product\/41582","targetHints":{"allow":["GET"]}}],"collection":[{"href":"https:\/\/www.headshop.nl\/de\/wp-json\/wp\/v2\/product"}],"about":[{"href":"https:\/\/www.headshop.nl\/de\/wp-json\/wp\/v2\/types\/product"}],"wp:featuredmedia":[{"embeddable":true,"href":"https:\/\/www.headshop.nl\/de\/wp-json\/wp\/v2\/media\/44937"}],"wp:attachment":[{"href":"https:\/\/www.headshop.nl\/de\/wp-json\/wp\/v2\/media?parent=41582"}],"wp:term":[{"taxonomy":"product_brand","embeddable":true,"href":"https:\/\/www.headshop.nl\/de\/wp-json\/wp\/v2\/product_brand?post=41582"},{"taxonomy":"product_cat","embeddable":true,"href":"https:\/\/www.headshop.nl\/de\/wp-json\/wp\/v2\/product_cat?post=41582"},{"taxonomy":"product_tag","embeddable":true,"href":"https:\/\/www.headshop.nl\/de\/wp-json\/wp\/v2\/product_tag?post=41582"}],"curies":[{"name":"wp","href":"https:\/\/api.w.org\/{rel}","templated":true}]}}