{"id":41577,"date":"2022-03-14T10:02:50","date_gmt":"2022-03-14T10:02:50","guid":{"rendered":"https:\/\/www.headshop.nl\/?post_type=product&#038;p=41577"},"modified":"2025-05-23T10:00:07","modified_gmt":"2025-05-23T10:00:07","slug":"actitube-activated-charcoal-filter-tip","status":"publish","type":"product","link":"https:\/\/www.headshop.nl\/de\/actitube-activated-charcoal-filter-tip\/","title":{"rendered":"ActiTube Aktivkohle Filter Spitze"},"content":{"rendered":"<h2>ActiTube Aktivkohle Filters<\/h2>\n<p>Deutscher Einfallsreichtum trifft auf das hochwertigste Kifferlebnis Deines Lebens! ActiTube macht das Raucherleben einfacher, indem es Aktivkohle verwendet, um jeden Rauch, jeden Zug und jeden Zug zu filtern, den Sie nehmen. Diese Filter machen dein Raucherlebnis sauberer, ohne dabei die guten Stoffe zu entfernen oder die Wirkung zu verringern. Je mehr Du dar\u00fcber erf\u00e4hrst, was diese kleinen speziellen Joints tun k\u00f6nnen, desto mehr m\u00f6chtest Du sie f\u00fcr jeden einzelnen Joint verwenden, den Du drehst!<\/p>","protected":false},"excerpt":{"rendered":"<p>Diese Aktivkohlespitzen sind ideal f\u00fcr einen King-Size-Joint und haben ungef\u00e4hr die gleiche Gr\u00f6\u00dfe wie ein durchschnittlicher Zigarettenfilter. Aber sie tun so viel mehr und spezielle Aktivkohle filtert Ihren Rauch viel besser als jede Spitze der Filter jemals k\u00f6nnte. Im Gegensatz zu ihren schlanken Gegenst\u00fccken k\u00f6nnen Sie mit diesen Spitzen einen stabilen, geraden Joint rollen oder King-Size-Papier verwenden, um einen dicken Joint zu rollen. Eines der besten Produkte f\u00fcr jeden Joint-Liebhaber zu versuchen!<\/p>","protected":false},"featured_media":44957,"template":"","meta":[],"product_brand":[],"product_cat":[445,297,414,421],"product_tag":[],"class_list":{"0":"post-41577","1":"product","2":"type-product","3":"status-publish","4":"has-post-thumbnail","6":"product_cat-rolling-tips","7":"product_cat-all-products","8":"product_cat-headshop","9":"product_cat-rolling-papers","10":"product_shipping_class-creditcard-on","12":"first","13":"instock","14":"taxable","15":"shipping-taxable","16":"purchasable","17":"product-type-variable","18":"has-default-attributes"},"_links":{"self":[{"href":"https:\/\/www.headshop.nl\/de\/wp-json\/wp\/v2\/product\/41577","targetHints":{"allow":["GET"]}}],"collection":[{"href":"https:\/\/www.headshop.nl\/de\/wp-json\/wp\/v2\/product"}],"about":[{"href":"https:\/\/www.headshop.nl\/de\/wp-json\/wp\/v2\/types\/product"}],"wp:featuredmedia":[{"embeddable":true,"href":"https:\/\/www.headshop.nl\/de\/wp-json\/wp\/v2\/media\/44957"}],"wp:attachment":[{"href":"https:\/\/www.headshop.nl\/de\/wp-json\/wp\/v2\/media?parent=41577"}],"wp:term":[{"taxonomy":"product_brand","embeddable":true,"href":"https:\/\/www.headshop.nl\/de\/wp-json\/wp\/v2\/product_brand?post=41577"},{"taxonomy":"product_cat","embeddable":true,"href":"https:\/\/www.headshop.nl\/de\/wp-json\/wp\/v2\/product_cat?post=41577"},{"taxonomy":"product_tag","embeddable":true,"href":"https:\/\/www.headshop.nl\/de\/wp-json\/wp\/v2\/product_tag?post=41577"}],"curies":[{"name":"wp","href":"https:\/\/api.w.org\/{rel}","templated":true}]}}