{"id":41575,"date":"2022-03-14T10:02:49","date_gmt":"2022-03-14T10:02:49","guid":{"rendered":"https:\/\/www.headshop.nl\/?post_type=product&#038;p=41575"},"modified":"2025-05-23T10:00:36","modified_gmt":"2025-05-23T10:00:36","slug":"raw-rolls-3m","status":"publish","type":"product","link":"https:\/\/www.headshop.nl\/de\/raw-rolls-3m\/","title":{"rendered":"Raw Rolls 3m"},"content":{"rendered":"<h2>Raw Rolls<\/h2>\n<p>Raw produzieren hochwertiges Papier aus den besten Materialien, die Sie sich vorstellen k\u00f6nnen! Dies macht Raw rollt Rollen Papier eine der besten Rollen rollt Papierprodukte auf dem Markt. Nichts geht \u00fcber einen hochwertigen Joint aus einer Raw Rolle gerollt.<\/p>\n<h2>Raw Smoking Verbrauchsmaterial<\/h2>\n<p>Raw ist bekannt f\u00fcr sein hochwertiges, authentisches Rauchzubeh\u00f6r, das von Millionen von Rauchern auf der ganzen Welt geliebt wird. Raw ist eine der anerkanntesten Raucherpapiermarken, die mit dem organischsten, nat\u00fcrlichsten und hochwertigsten Raucherpapier vertraut werden kann.<\/p>","protected":false},"excerpt":{"rendered":"<p>Die beste 3-Meter-Packung Qualit\u00e4ts-Rolling-Papier? Das ist es! Ungebleicht und unraffiniert ist dieses Rolling Paper alles, was Du f\u00fcr einen langsamen, gleichm\u00e4\u00dfig brennenden Joint brauchst. Beste Qualit\u00e4t ist das, was Raw tut und diese Rolle von Rolling Paper ist keine Ausnahme!<\/p>","protected":false},"featured_media":43310,"template":"","meta":[],"product_brand":[],"product_cat":[421,297,414,446,771,803],"product_tag":[],"class_list":{"0":"post-41575","1":"product","2":"type-product","3":"status-publish","4":"has-post-thumbnail","6":"product_cat-rolling-papers","7":"product_cat-all-products","8":"product_cat-headshop","9":"product_cat-papers","10":"product_cat-raw","11":"product_cat-rolls","12":"product_shipping_class-creditcard-on","14":"first","15":"instock","16":"taxable","17":"shipping-taxable","18":"purchasable","19":"product-type-variable","20":"has-default-attributes"},"_links":{"self":[{"href":"https:\/\/www.headshop.nl\/de\/wp-json\/wp\/v2\/product\/41575","targetHints":{"allow":["GET"]}}],"collection":[{"href":"https:\/\/www.headshop.nl\/de\/wp-json\/wp\/v2\/product"}],"about":[{"href":"https:\/\/www.headshop.nl\/de\/wp-json\/wp\/v2\/types\/product"}],"wp:featuredmedia":[{"embeddable":true,"href":"https:\/\/www.headshop.nl\/de\/wp-json\/wp\/v2\/media\/43310"}],"wp:attachment":[{"href":"https:\/\/www.headshop.nl\/de\/wp-json\/wp\/v2\/media?parent=41575"}],"wp:term":[{"taxonomy":"product_brand","embeddable":true,"href":"https:\/\/www.headshop.nl\/de\/wp-json\/wp\/v2\/product_brand?post=41575"},{"taxonomy":"product_cat","embeddable":true,"href":"https:\/\/www.headshop.nl\/de\/wp-json\/wp\/v2\/product_cat?post=41575"},{"taxonomy":"product_tag","embeddable":true,"href":"https:\/\/www.headshop.nl\/de\/wp-json\/wp\/v2\/product_tag?post=41575"}],"curies":[{"name":"wp","href":"https:\/\/api.w.org\/{rel}","templated":true}]}}