{"id":41572,"date":"2022-03-14T10:02:42","date_gmt":"2022-03-14T10:02:42","guid":{"rendered":"https:\/\/www.headshop.nl\/?post_type=product&#038;p=41572"},"modified":"2025-05-23T10:20:00","modified_gmt":"2025-05-23T10:20:00","slug":"raw-wide-tips-booklet","status":"publish","type":"product","link":"https:\/\/www.headshop.nl\/de\/raw-wide-tips-booklet\/","title":{"rendered":"Raw Breite Tips Brosch\u00fcre"},"content":{"rendered":"<h2>Raw Tips f\u00fcr Smoking<\/h2>\n<p>Raw produziert die hochwertigsten Raucherpapiere, deshalb ist es auch eine gute Idee, ihre Papiere mit einigen hochwertigen Rolling Tips zu kombinieren. Alle Raw Rolling Tips sind unraffiniert und es gibt verschiedene fantastische Tip Booklet Packs zur Auswahl. Alles von perforiert bis vorgerollt, von 100 Tip Book bis 480 Tip Book. Jeder Raucher wird finden, was er braucht!<\/p>\n<h2>Raw Smoking Verbrauchsmaterial<\/h2>\n<p>Raw ist bekannt f\u00fcr sein hochwertiges, authentisches Raucherzubeh\u00f6r, das von Millionen von Rauchern rund um den Globus geliebt wird. Raw ist eine der anerkanntesten Raucherpapier-Marke, die mit den meisten organischen, nat\u00fcrlichen und h\u00f6chsten Grad Raucherpapier vertraut werden kann.<\/p>","protected":false},"excerpt":{"rendered":"<p>Classic Tips vom besten Raucherbedarfshersteller der Welt! Begr\u00fc\u00dfen Sie die Rolling Tips von Raw, der weltweit beliebtesten Marke f\u00fcr Rauchzubeh\u00f6r. Diese Tips machen es einfach, perfekte Joints zu rollen und passen zu allen beliebten Raw Rolling Paper Gr\u00f6\u00dfen!<\/p>","protected":false},"featured_media":43480,"template":"","meta":[],"product_brand":[],"product_cat":[445,297,414,771,421],"product_tag":[],"class_list":{"0":"post-41572","1":"product","2":"type-product","3":"status-publish","4":"has-post-thumbnail","6":"product_cat-rolling-tips","7":"product_cat-all-products","8":"product_cat-headshop","9":"product_cat-raw","10":"product_cat-rolling-papers","11":"product_shipping_class-creditcard-on","13":"first","14":"onbackorder","15":"taxable","16":"shipping-taxable","17":"purchasable","18":"product-type-variable","19":"has-default-attributes"},"_links":{"self":[{"href":"https:\/\/www.headshop.nl\/de\/wp-json\/wp\/v2\/product\/41572","targetHints":{"allow":["GET"]}}],"collection":[{"href":"https:\/\/www.headshop.nl\/de\/wp-json\/wp\/v2\/product"}],"about":[{"href":"https:\/\/www.headshop.nl\/de\/wp-json\/wp\/v2\/types\/product"}],"wp:featuredmedia":[{"embeddable":true,"href":"https:\/\/www.headshop.nl\/de\/wp-json\/wp\/v2\/media\/43480"}],"wp:attachment":[{"href":"https:\/\/www.headshop.nl\/de\/wp-json\/wp\/v2\/media?parent=41572"}],"wp:term":[{"taxonomy":"product_brand","embeddable":true,"href":"https:\/\/www.headshop.nl\/de\/wp-json\/wp\/v2\/product_brand?post=41572"},{"taxonomy":"product_cat","embeddable":true,"href":"https:\/\/www.headshop.nl\/de\/wp-json\/wp\/v2\/product_cat?post=41572"},{"taxonomy":"product_tag","embeddable":true,"href":"https:\/\/www.headshop.nl\/de\/wp-json\/wp\/v2\/product_tag?post=41572"}],"curies":[{"name":"wp","href":"https:\/\/api.w.org\/{rel}","templated":true}]}}