{"id":41564,"date":"2022-03-14T10:02:40","date_gmt":"2022-03-14T10:02:40","guid":{"rendered":"https:\/\/www.headshop.nl\/?post_type=product&#038;p=41564"},"modified":"2024-09-17T11:01:21","modified_gmt":"2024-09-17T11:01:21","slug":"cotton-candy-flavored-papers","status":"publish","type":"product","link":"https:\/\/www.headshop.nl\/de\/cotton-candy-flavored-papers\/","title":{"rendered":"Zuckerwatte Flavored Papers"},"content":{"rendered":"<h2>Juicy Jay's Rolling Papers<\/h2>\n<p>Juicy Jay's oder einfach Juicy ist eine dieser Bl\u00e4ttchenmarken, die man entweder liebt oder hasst. Ihre Rolling Paper-Kollektion ist einzigartig, da alle Juicy-Papiere mit einer Geschmacksrichtung und einem farbenfrohen Design versehen sind. Jede Geschmacksrichtung, die Sie sich vorstellen k\u00f6nnen, sie haben es!<\/p>\n<p>Das macht das Drehen von Joints mit aromatisierten Papieren zu einer aufregenden Aktivit\u00e4t, denn das Papier Ihrer Wahl beeinflusst den Geschmack und den Geruch Ihres Joints. W\u00e4hlen Sie Ihr Lieblingsaroma und rauchen Sie Ihre Joints mit Stil!<\/p>","protected":false},"excerpt":{"rendered":"<p>Ein Joint mit Zuckerwatte-Geschmack? Aber ja! Diese magischen Rolling Papers lassen jeden Joint wie Zuckerwatte schmecken. Drehen Sie Ihren Joint und genie\u00dfen Sie den geschmackvollen Rauch von Zuckerwatte. Eine tolle Art, deine Freunde auf einer Party zu \u00fcberraschen. Sei bereit f\u00fcr einen echten Geschmack der S\u00fc\u00dfe!<\/p>","protected":false},"featured_media":45479,"template":"","meta":[],"product_brand":[],"product_cat":[297,793,809,414,446,421,802],"product_tag":[],"class_list":{"0":"post-41564","1":"product","2":"type-product","3":"status-publish","4":"has-post-thumbnail","6":"product_cat-all-products","7":"product_cat-color-papers","8":"product_cat-flavored-papers","9":"product_cat-headshop","10":"product_cat-papers","11":"product_cat-rolling-papers","12":"product_cat-slim-size","13":"product_shipping_class-creditcard-on","15":"first","16":"instock","17":"taxable","18":"shipping-taxable","19":"purchasable","20":"product-type-variable","21":"has-default-attributes"},"_links":{"self":[{"href":"https:\/\/www.headshop.nl\/de\/wp-json\/wp\/v2\/product\/41564","targetHints":{"allow":["GET"]}}],"collection":[{"href":"https:\/\/www.headshop.nl\/de\/wp-json\/wp\/v2\/product"}],"about":[{"href":"https:\/\/www.headshop.nl\/de\/wp-json\/wp\/v2\/types\/product"}],"wp:featuredmedia":[{"embeddable":true,"href":"https:\/\/www.headshop.nl\/de\/wp-json\/wp\/v2\/media\/45479"}],"wp:attachment":[{"href":"https:\/\/www.headshop.nl\/de\/wp-json\/wp\/v2\/media?parent=41564"}],"wp:term":[{"taxonomy":"product_brand","embeddable":true,"href":"https:\/\/www.headshop.nl\/de\/wp-json\/wp\/v2\/product_brand?post=41564"},{"taxonomy":"product_cat","embeddable":true,"href":"https:\/\/www.headshop.nl\/de\/wp-json\/wp\/v2\/product_cat?post=41564"},{"taxonomy":"product_tag","embeddable":true,"href":"https:\/\/www.headshop.nl\/de\/wp-json\/wp\/v2\/product_tag?post=41564"}],"curies":[{"name":"wp","href":"https:\/\/api.w.org\/{rel}","templated":true}]}}