{"id":40192,"date":"2022-01-04T08:33:33","date_gmt":"2022-01-04T08:33:33","guid":{"rendered":"https:\/\/www.headshop.nl\/?post_type=product&#038;p=40192"},"modified":"2024-09-17T11:01:45","modified_gmt":"2024-09-17T11:01:45","slug":"rasta-cannabis-leaf-big-rolling-tray","status":"publish","type":"product","link":"https:\/\/www.headshop.nl\/de\/rasta-cannabis-leaf-big-rolling-tray\/","title":{"rendered":"Rasta Cannabis Blatt gro\u00df Rolling Tray"},"content":{"rendered":"<h2>Was ist ein Rolltablett?<\/h2>\n<p>Ein Rolling-Tablett ist das perfekte Hilfsmittel f\u00fcr Kiffer, die t\u00e4glich kiffen, und f\u00fcr Raucher, die \u00fcberall im Haus Unordnung machen. Du wei\u00dft, wovon wir sprechen - St\u00fccke von Rolling Papers, winzige Reste von Gras oder Tabak, Tips und alle anderen \"Rolling Leftovers\".<\/p>\n<p>Mit einem Rolling Tray l\u00f6sen Sie gleich zwei Probleme auf einmal: Sie k\u00f6nnen direkt in oder auf Ihrem Rolling Tray rollen. Au\u00dferdem k\u00f6nnen Sie Ihre Rolling Papers, Tips, Grinder, Stash-Boxen und alle anderen Rauchutensilien in das Tablett legen. Dann bewahre sie einfach dort auf, bis du sie wieder brauchst.<\/p>\n<p>Dieses Tablett ist ein Muss, denn zum Drehen von Joints braucht man so viele verschiedene Rauchutensilien. Mit einem Rolling-Tablett haben Sie alles an einem Ort, au\u00dferdem haben Sie weniger Unordnung im Haus, wenn Sie auf Ihrem Rolling-Tablett drehen.<\/p>\n<h2>Verschiedene Gr\u00f6\u00dfen von Rollschalen<\/h2>\n<p>Es gibt zwei Hauptgr\u00f6\u00dfen von Tabletts - klein und gro\u00df. W\u00e4hle klein, wenn Du nur kleine Spliffs drehst und Dich f\u00fcr einen ordentlichen Roller h\u00e4ltst. W\u00e4hle gro\u00df, wenn Du auch Joints f\u00fcr Deine Freunde rollst oder einfach das Gef\u00fchl hast, dass Du insgesamt ein unordentlicher Roller bist. Theoretisch empfehlen wir immer einen gro\u00dfen Rolling-Tray f\u00fcr alle, aber du kannst auch einen kleinen Rolling-Tray w\u00e4hlen, wenn du das Gef\u00fchl hast, dass ein kleiner Tray ausreichend ist.<\/p>","protected":false},"excerpt":{"rendered":"<p>Gro\u00dfes Rolling-Tablett mit bunter Rastafari-Flagge und schwarzem Cannabisblatt-Design? Keine Unordnung und kein Weed-Staub mehr im ganzen Haus! Halten Sie Ihre Rolling Bem\u00fchungen weniger chaotisch mit einem speziellen Joint-Rolling-Tablett. Dieses Rolling-Tablett ist aus Leichtmetall gefertigt und mit einer non-stick-Beschichtung versehen. Erwarte ein besseres und weniger unordentliches Rolling-Erlebnis. Es ist auch ein perfekter Ort, um alle Ihre Rolling-Zubeh\u00f6r an einem Ort zu halten!<\/p>","protected":false},"featured_media":40285,"template":"","meta":[],"product_brand":[],"product_cat":[297,414,416],"product_tag":[],"class_list":{"0":"post-40192","1":"product","2":"type-product","3":"status-publish","4":"has-post-thumbnail","6":"product_cat-all-products","7":"product_cat-headshop","8":"product_cat-rolling-trays","9":"product_shipping_class-creditcard-on","11":"first","12":"instock","13":"taxable","14":"shipping-taxable","15":"purchasable","16":"product-type-variable","17":"has-default-attributes"},"_links":{"self":[{"href":"https:\/\/www.headshop.nl\/de\/wp-json\/wp\/v2\/product\/40192","targetHints":{"allow":["GET"]}}],"collection":[{"href":"https:\/\/www.headshop.nl\/de\/wp-json\/wp\/v2\/product"}],"about":[{"href":"https:\/\/www.headshop.nl\/de\/wp-json\/wp\/v2\/types\/product"}],"wp:featuredmedia":[{"embeddable":true,"href":"https:\/\/www.headshop.nl\/de\/wp-json\/wp\/v2\/media\/40285"}],"wp:attachment":[{"href":"https:\/\/www.headshop.nl\/de\/wp-json\/wp\/v2\/media?parent=40192"}],"wp:term":[{"taxonomy":"product_brand","embeddable":true,"href":"https:\/\/www.headshop.nl\/de\/wp-json\/wp\/v2\/product_brand?post=40192"},{"taxonomy":"product_cat","embeddable":true,"href":"https:\/\/www.headshop.nl\/de\/wp-json\/wp\/v2\/product_cat?post=40192"},{"taxonomy":"product_tag","embeddable":true,"href":"https:\/\/www.headshop.nl\/de\/wp-json\/wp\/v2\/product_tag?post=40192"}],"curies":[{"name":"wp","href":"https:\/\/api.w.org\/{rel}","templated":true}]}}