{"id":37913,"date":"2021-10-16T10:42:42","date_gmt":"2021-10-16T10:42:42","guid":{"rendered":"https:\/\/www.headshop.nl\/?post_type=product&#038;p=37913"},"modified":"2025-11-18T14:37:57","modified_gmt":"2025-11-18T14:37:57","slug":"bali-kratom-white-capsules","status":"publish","type":"product","link":"https:\/\/www.headshop.nl\/de\/bali-kratom-white-capsules\/","title":{"rendered":"Bali Kratom Wei\u00df Capsules"},"content":{"rendered":"<h2 data-start=\"0\" data-end=\"31\">Was sind Kratom und Capsules?<\/h2>\n<p data-start=\"32\" data-end=\"581\">Kratom Capsules bieten eine bequeme und effektive M\u00f6glichkeit, die nat\u00fcrlichen Vorteile von <em data-start=\"123\" data-end=\"143\">Mitragyna speciosa<\/em>eine in S\u00fcdostasien beheimatete Pflanze. Diese Kapseln enthalten eine leistungsstarke Mischung aus <em data-start=\"222\" data-end=\"242\">Mitragyna speciosa<\/em> 15x-Extrakt, White Bali-Pulver und einer kleinen Menge Koffein, wodurch eine ausgewogene Mischung aus Energie und Entspannung entsteht. Der konzentrierte Extrakt sorgt f\u00fcr eine st\u00e4rkere und schneller wirkende Wirkung im Vergleich zu den traditionellen Kratom-Bl\u00e4ttern. Das White Bali-Pulver verst\u00e4rkt die beruhigenden Eigenschaften, w\u00e4hrend das Koffein f\u00fcr einen leichten Schub sorgt und die Wachsamkeit f\u00f6rdert.<\/p>\n<p data-start=\"583\" data-end=\"973\">Die Kratom Capsules wurden f\u00fcr eine einfache Anwendung entwickelt und sind sowohl f\u00fcr Anf\u00e4nger als auch f\u00fcr erfahrene Anwender geeignet. Jede Kapsel enth\u00e4lt eine genau abgemessene Dosis von 505 mg, wodurch das Abmessen von Pulvern oder das Aufbr\u00fchen von Tees \u00fcberfl\u00fcssig wird. Egal, ob Sie eine leichte Entspannung oder eine st\u00e4rkere Wirkung suchen, diese Kapseln bieten eine einfache und zuverl\u00e4ssige M\u00f6glichkeit, die einzigartigen Vorteile von Kratom ohne zus\u00e4tzliche Vorbereitung zu genie\u00dfen.<\/p>\n<h2 data-start=\"975\" data-end=\"1007\">Geschichte von Kratom Capsules<\/h2>\n<p data-start=\"1008\" data-end=\"1419\">Kratom hat eine tief verwurzelte Geschichte in S\u00fcdostasien, wo es traditionell seit Jahrhunderten von Bauern und Arbeitern verwendet wird, um M\u00fcdigkeit und Schmerzen zu lindern. Die Bl\u00e4tter des <em data-start=\"1191\" data-end=\"1211\">Mitragyna speciosa<\/em> Der Baum wurde oft gekaut oder zu Tee aufgebr\u00fcht, da er eine anregende und beruhigende Wirkung hatte. Im Laufe der Zeit verbreitete sich der Ruf von Kratom \u00fcber seine Heimatregionen hinaus und gewann im Westen als pflanzliches Erg\u00e4nzungsmittel an Popularit\u00e4t.<\/p>\n<p data-start=\"1421\" data-end=\"1951\">Die Entwicklung von Kratom Capsules war eine moderne Innovation, die Kratom zug\u00e4nglicher und bequemer machen sollte. Statt Pulver abzumessen oder Tees zuzubereiten, bieten die Kapseln eine tragbare und einfach zu dosierende Alternative. Die Einf\u00fchrung von hochkonzentrierten Extrakten, wie dem 15-fachen Extrakt, der in diesen Kapseln verwendet wird, hat ihre Potenz und Wirksamkeit weiter verbessert. Heute ist Kratom Capsules eines der am h\u00e4ufigsten verwendeten Produkte und bietet eine konsistente und kontrollierte Erfahrung f\u00fcr Anwender weltweit.<\/p>\n<h2 data-start=\"1953\" data-end=\"1985\">Verwendung von Kratom Capsules<\/h2>\n<p data-start=\"1986\" data-end=\"2338\">Die Anwendung von Kratom Capsules ist einfach und erfordert keine zus\u00e4tzliche Vorbereitung. Die empfohlene Dosierung variiert je nach individueller Toleranz und gew\u00fcnschter Wirkung. Anf\u00e4nger sollten mit 1 Kapsel f\u00fcr eine milde Erfahrung beginnen, w\u00e4hrend erfahrenere Nutzer 2-3 Kapseln f\u00fcr eine moderate Wirkung nehmen k\u00f6nnen. Eine st\u00e4rkere Wirkung wird in der Regel mit 3-5 Kapseln erreicht.<\/p>\n<p data-start=\"2340\" data-end=\"2771\">Um Kratom Capsules einzunehmen, schlucken Sie sie einfach mit einem Glas Wasser. Sie k\u00f6nnen mit oder ohne Nahrung eingenommen werden, wobei die Einnahme auf n\u00fcchternen Magen zu schnelleren Ergebnissen f\u00fchren kann. Da diese Kapseln einen konzentrierten Extrakt enthalten, ist es wichtig, mit einer niedrigen Dosis zu beginnen und diese je nach Bedarf schrittweise zu erh\u00f6hen. Eine \u00dcberdosierung sollte vermieden werden, um unerw\u00fcnschte Nebenwirkungen zu vermeiden. Um die besten Ergebnisse zu erzielen, sollte Kratom Capsules verantwortungsbewusst und in Ma\u00dfen verwendet werden.<\/p>\n<h2 data-start=\"2773\" data-end=\"2809\">Inhaltsstoffe von Bali Kratom Wei\u00df Capsules<\/h2>\n<p data-start=\"2810\" data-end=\"2920\">Jede Kratom-Kapsel ist mit einer pr\u00e4zisen Mischung von Inhaltsstoffen formuliert, um ihre Wirksamkeit zu erh\u00f6hen:<\/p>\n<ul data-start=\"2922\" data-end=\"3349\">\n<li data-start=\"2922\" data-end=\"3084\"><strong data-start=\"2924\" data-end=\"2958\">Mitragyna speciosa 15x Extrakt<\/strong> - Ein hochkonzentrierter Kratom-Extrakt, der im Vergleich zu rohen Bl\u00e4ttern oder Pulver mit einer geringeren Dosierung eine starke Wirkung erzielt.<\/li>\n<li data-start=\"3085\" data-end=\"3235\"><strong data-start=\"3087\" data-end=\"3115\">Wei\u00dfes Bali Kratom-Pulver<\/strong> - Diese Sorte von Kratom ist f\u00fcr ihre erhebenden und stimmungsaufhellenden Eigenschaften bekannt und tr\u00e4gt zu einem ausgeglichenen Erlebnis bei.<\/li>\n<li data-start=\"3236\" data-end=\"3349\"><strong data-start=\"3238\" data-end=\"3256\">Koffein (5mg)<\/strong> - Ein mildes Stimulans, das die Konzentration und Wachsamkeit verbessert und die Wirkung von Kratom erg\u00e4nzt.<\/li>\n<\/ul>\n<p data-start=\"3351\" data-end=\"3505\">Diese sorgf\u00e4ltig ausgew\u00e4hlten Inhaltsstoffe wirken zusammen und bieten eine einzigartige Kombination aus Entspannung, Energie und geistiger Klarheit in einer einfach zu verwendenden Kapsel.<\/p>\n<p data-start=\"3507\" data-end=\"3913\" data-is-last-node=\"\"><strong data-start=\"3507\" data-end=\"3518\">Warnung<\/strong><br data-start=\"3518\" data-end=\"3521\" \/>Mit Vorsicht verwenden. Kratom Capsules sind nicht f\u00fcr Personen unter 18 Jahren bestimmt. Nicht verwenden, wenn Sie ein Kraftfahrzeug oder eine Maschine bedienen. Nicht verwenden, wenn Sie schwanger sind, stillen oder verschreibungspflichtige oder nicht verschreibungspflichtige Medikamente einnehmen. Au\u00dferhalb der Reichweite von Kindern aufbewahren. Dieses Produkt wurde nicht von der FDA gepr\u00fcft und ist nicht zur Diagnose, Behandlung, Heilung oder Vorbeugung von Krankheiten bestimmt.<\/p>","protected":false},"excerpt":{"rendered":"<p>Unsere Kratom Capsules sind fachm\u00e4nnisch formuliert mit einer leistungsstarken Mischung aus <em data-start=\"69\" data-end=\"89\">Mitragyna speciosa<\/em> 15x-Extrakt, White Bali-Pulver und einem Hauch von Koffein, die eine ausgewogene Kombination von Energie und Entspannung liefern. Jede Kapsel enth\u00e4lt 505mg und bietet eine bequeme und pr\u00e4zise M\u00f6glichkeit, die Vorteile von Kratom zu erleben, ohne die Notwendigkeit einer traditionellen Zubereitung. Diese Kapseln wurden sowohl f\u00fcr Anf\u00e4nger als auch f\u00fcr erfahrene Konsumenten entwickelt und bieten eine anpassbare Erfahrung, die von einer leichten bis zu einer starken Wirkung reicht. Verpackt in einem Set von 20 St\u00fcck, sind sie eine einfache und effektive Option f\u00fcr diejenigen, die einen nat\u00fcrlichen Schub suchen.<\/p>","protected":false},"featured_media":82191,"template":"","meta":[],"product_brand":[],"product_cat":[390,297,389,817,396,405,384],"product_tag":[],"class_list":{"0":"post-37913","1":"product","2":"type-product","3":"status-publish","4":"has-post-thumbnail","6":"product_cat-kratom","7":"product_cat-all-products","8":"product_cat-herbs","9":"product_cat-kratopia","10":"product_cat-relax","11":"product_cat-relax-herbs","12":"product_cat-smartshop","13":"product_shipping_class-group-7","15":"first","16":"instock","17":"taxable","18":"shipping-taxable","19":"purchasable","20":"product-type-variable","21":"has-default-attributes"},"_links":{"self":[{"href":"https:\/\/www.headshop.nl\/de\/wp-json\/wp\/v2\/product\/37913","targetHints":{"allow":["GET"]}}],"collection":[{"href":"https:\/\/www.headshop.nl\/de\/wp-json\/wp\/v2\/product"}],"about":[{"href":"https:\/\/www.headshop.nl\/de\/wp-json\/wp\/v2\/types\/product"}],"wp:featuredmedia":[{"embeddable":true,"href":"https:\/\/www.headshop.nl\/de\/wp-json\/wp\/v2\/media\/82191"}],"wp:attachment":[{"href":"https:\/\/www.headshop.nl\/de\/wp-json\/wp\/v2\/media?parent=37913"}],"wp:term":[{"taxonomy":"product_brand","embeddable":true,"href":"https:\/\/www.headshop.nl\/de\/wp-json\/wp\/v2\/product_brand?post=37913"},{"taxonomy":"product_cat","embeddable":true,"href":"https:\/\/www.headshop.nl\/de\/wp-json\/wp\/v2\/product_cat?post=37913"},{"taxonomy":"product_tag","embeddable":true,"href":"https:\/\/www.headshop.nl\/de\/wp-json\/wp\/v2\/product_tag?post=37913"}],"curies":[{"name":"wp","href":"https:\/\/api.w.org\/{rel}","templated":true}]}}