{"id":37830,"date":"2021-10-15T08:19:10","date_gmt":"2021-10-15T08:19:10","guid":{"rendered":"https:\/\/www.headshop.nl\/?post_type=product&#038;p=37830"},"modified":"2025-11-18T14:38:00","modified_gmt":"2025-11-18T14:38:00","slug":"white-bali-kratom","status":"publish","type":"product","link":"https:\/\/www.headshop.nl\/de\/white-bali-kratom\/","title":{"rendered":"White Bali Kratom"},"content":{"rendered":"<h2 data-start=\"367\" data-end=\"398\">Was ist die wei\u00dfe Bali Kratom?<\/h2>\n<p data-start=\"399\" data-end=\"787\">White Bali Kratom ist eine Sorte von Mitragyna speciosa, einem in S\u00fcdostasien beheimateten Baum. Wie andere Kratom-Sorten wird auch White Bali aus den Bl\u00e4ttern des Kratom-Baums gewonnen, aber ihre einzigartige Wirkung beruht auf den spezifischen Verarbeitungs- und Erntemethoden. White Bali ist daf\u00fcr bekannt, ein energetisierendes und euphorisches Gef\u00fchl zu vermitteln, was sie zu einer der beliebtesten Kratom-Sorten weltweit macht.<\/p>\n<p data-start=\"789\" data-end=\"1260\">Der Hauptnutzen von White Bali Kratom ist seine F\u00e4higkeit, die Energie zu steigern und die Stimmung zu verbessern. Es wird h\u00e4ufig verwendet, um M\u00fcdigkeit zu bek\u00e4mpfen, die Konzentration zu verbessern und das Wohlbefinden zu steigern. Nutzer berichten, dass sie nach dem Konsum von White Bali Kratom einen erh\u00f6hten Fokus, geistige Klarheit und gesteigerte Motivation erleben. Diese Sorte wird besonders von Personen bevorzugt, die einen geistigen und k\u00f6rperlichen Energieschub brauchen, sei es f\u00fcr die Produktivit\u00e4t oder einfach nur, um den Tag gest\u00e4rkt zu beginnen.<\/p>\n<p data-start=\"1262\" data-end=\"1544\">Die einzigartige chemische Zusammensetzung von White Bali Kratom, die sich aus der Kombination der Bl\u00e4tter verschiedener Kratom-B\u00e4ume ergibt, tr\u00e4gt zu seiner unverwechselbaren Wirkung bei. Es wird in der Regel am Standort des Baumes getrocknet, sei es in Borneo, Sumatra oder Bali, um seine starken Alkaloide zu erhalten.<\/p>\n<h2 data-start=\"1551\" data-end=\"1584\">Geschichte von White Bali Kratom<\/h2>\n<p data-start=\"1585\" data-end=\"2006\">Die Geschichte von White Bali Kratom ist mit der traditionellen Verwendung von Kratom in S\u00fcdostasien verbunden. Seit Jahrhunderten vertrauen die Ureinwohner dieser Region auf die medizinischen Eigenschaften von Kratom, darunter Schmerzlinderung, Stimmungsaufhellung und Energiesteigerung. White Bali Kratom wurde jedoch vor allem wegen seiner einzigartigen Eigenschaften popul\u00e4r, insbesondere wegen seiner F\u00e4higkeit, ein energetisierendes und euphorisches Erlebnis zu vermitteln.<\/p>\n<p data-start=\"2008\" data-end=\"2427\">White Bali Kratom ist eine Mischung aus Bl\u00e4ttern verschiedener Kratom-B\u00e4ume, die in Borneo, Sumatra und Bali wachsen. Diese B\u00e4ume werden sorgf\u00e4ltig nach ihrem Alkaloidgehalt ausgew\u00e4hlt, der je nach Region und Wachstumsbedingungen variiert. Der Trocknungsprozess spielt eine entscheidende Rolle bei der Erhaltung der Potenz der Alkaloide, wobei die Bl\u00e4tter vor Ort am Standort des Baumes getrocknet werden, was dazu beitr\u00e4gt, ihre nat\u00fcrliche Wirkung zu erhalten.<\/p>\n<p data-start=\"2429\" data-end=\"2725\">Im Laufe der Jahre hat White Bali Kratom vor allem in den westlichen L\u00e4ndern aufgrund seiner bemerkenswerten F\u00e4higkeit, den Konsumenten zu beleben und mit Energie zu versorgen, an Beliebtheit gewonnen. Es ist zu einer beliebten Wahl unter denjenigen geworden, die ein nat\u00fcrliches Stimulans suchen, das nicht die mit synthetischen Alternativen verbundenen Risiken birgt.<\/p>\n<h2 data-start=\"2732\" data-end=\"2765\">So verwenden Sie das wei\u00dfe Bali Kratom<\/h2>\n<p data-start=\"2766\" data-end=\"3098\">Die h\u00e4ufigste Art, White Bali Kratom zu konsumieren, ist das Aufbr\u00fchen von Tee. Um den Tee zuzubereiten, l\u00f6sen Sie einfach 4 bis 5 Gramm White Bali Kratom-Pulver in hei\u00dfem Wasser (zwischen 70 und 95 \u00b0C) auf und lassen es 3 bis 5 Minuten ziehen. Diese Methode erm\u00f6glicht es Ihnen, die volle Wirkung des Kratom zu genie\u00dfen und gleichzeitig eine beruhigende und angenehme Erfahrung zu machen.<\/p>\n<p data-start=\"3100\" data-end=\"3441\">Um optimale Ergebnisse zu erzielen, wird empfohlen, mit einer niedrigen Dosis zu beginnen und diese je nach Bedarf schrittweise zu erh\u00f6hen, je nachdem, wie Ihr K\u00f6rper darauf reagiert. Die energetisierende Wirkung von White Bali Kratom beginnt in der Regel innerhalb von 15 Minuten sp\u00fcrbar zu werden und kann je nach Dosierung und individuellen Faktoren wie Gewicht und Stoffwechsel mehrere Stunden anhalten.<\/p>\n<p data-start=\"3443\" data-end=\"3774\">Es ist auch \u00fcblich, White Bali Kratom mit Fruchts\u00e4ften oder anderen Getr\u00e4nken zu mischen, um den Geschmack und die Wirkung zu verst\u00e4rken. W\u00e4hrend Tee die bevorzugte Methode ist, kann White Bali Kratom auch in Form von Kapseln eingenommen oder Smoothies zugesetzt werden. Wie bei allen Kratom-Sorten ist es wichtig, sie verantwortungsvoll zu konsumieren und einen \u00fcberm\u00e4\u00dfigen Gebrauch zu vermeiden.<\/p>\n<h2 data-start=\"3781\" data-end=\"3818\">Inhaltsstoffe von Wei\u00df Bali Kratom<\/h2>\n<p data-start=\"3819\" data-end=\"4292\">Der Hauptbestandteil von White Bali Kratom sind die pulverisierten Bl\u00e4tter des Mitragyna speciosa-Baums, insbesondere die Bl\u00e4tter von Kratom-B\u00e4umen in Regionen wie Borneo, Sumatra und Bali. Diese B\u00e4ume werden wegen ihres Alkaloidgehalts ausgew\u00e4hlt, der White Bali Kratom seine anregende und euphorisierende Wirkung verleiht. Die wichtigsten Wirkstoffe in White Bali Kratom sind Mitragynin und 7-Hydroxymitragynin, die f\u00fcr seine stimulierenden und stimmungsaufhellenden Eigenschaften verantwortlich sind.<\/p>\n<p data-start=\"4294\" data-end=\"4726\">Nach der Ernte werden die Bl\u00e4tter einem Trocknungsprozess unterzogen, um die Wirksamkeit dieser Alkaloide zu erhalten. Der Trocknungsprozess variiert je nach Standort, findet aber in der Regel in der nat\u00fcrlichen Umgebung statt, in der die B\u00e4ume wachsen, was dazu beitr\u00e4gt, die Reinheit der Pflanze zu erhalten. Durch die sorgf\u00e4ltige Auswahl und Verarbeitung der Bl\u00e4tter beh\u00e4lt White Bali Kratom seine unverwechselbare Wirkung und bietet dem Konsumenten einen nat\u00fcrlichen Energieschub und eine verbesserte Konzentration.<\/p>\n<p data-start=\"4728\" data-end=\"4992\">Als reines Naturprodukt enth\u00e4lt White Bali Kratom keine k\u00fcnstlichen Chemikalien oder Zusatzstoffe und ist somit eine saubere und effektive M\u00f6glichkeit, die Vorteile von Kratom zu erfahren. Es ist frei von jeglichen synthetischen Substanzen und bietet eine pflanzliche Alternative zu anderen Stimulanzien.<\/p>\n<p data-start=\"4999\" data-end=\"5340\" data-is-last-node=\"\"><strong data-start=\"4999\" data-end=\"5011\">Warnung:<\/strong><br data-start=\"5011\" data-end=\"5014\" \/>Dieses Produkt ist nicht f\u00fcr den Gebrauch durch Personen unter 18 Jahren bestimmt. Au\u00dferhalb der Reichweite von Kindern aufbewahren. Nicht verwenden bei hohem oder niedrigem Blutdruck, Herz- oder Lungenerkrankungen, Diabetes, Schwangerschaft, Medikamenten-, Drogen- oder Alkoholkonsum. Konsultieren Sie immer einen Arzt, bevor Sie ein Nahrungserg\u00e4nzungsmittel verwenden.<\/p>","protected":false},"excerpt":{"rendered":"<p>White Bali Kratom ist eine beliebte Sorte, die f\u00fcr ihre erhebende und energetisierende Wirkung bekannt ist. Bekannt f\u00fcr ihre euphorisierenden Eigenschaften, ist diese Sorte bei denjenigen beliebt, die ihre Stimmung, Energie und Konzentration verbessern wollen. White Bali Kratom kann als Tee genossen werden und bietet so eine nat\u00fcrliche, erfrischende M\u00f6glichkeit, ihre stimulierende Wirkung zu erleben.<\/p>","protected":false},"featured_media":82204,"template":"","meta":[],"product_brand":[],"product_cat":[390,297,389,817,396,405,384],"product_tag":[],"class_list":{"0":"post-37830","1":"product","2":"type-product","3":"status-publish","4":"has-post-thumbnail","6":"product_cat-kratom","7":"product_cat-all-products","8":"product_cat-herbs","9":"product_cat-kratopia","10":"product_cat-relax","11":"product_cat-relax-herbs","12":"product_cat-smartshop","13":"product_shipping_class-group-7","15":"first","16":"instock","17":"taxable","18":"shipping-taxable","19":"purchasable","20":"product-type-variable","21":"has-default-attributes"},"_links":{"self":[{"href":"https:\/\/www.headshop.nl\/de\/wp-json\/wp\/v2\/product\/37830","targetHints":{"allow":["GET"]}}],"collection":[{"href":"https:\/\/www.headshop.nl\/de\/wp-json\/wp\/v2\/product"}],"about":[{"href":"https:\/\/www.headshop.nl\/de\/wp-json\/wp\/v2\/types\/product"}],"wp:featuredmedia":[{"embeddable":true,"href":"https:\/\/www.headshop.nl\/de\/wp-json\/wp\/v2\/media\/82204"}],"wp:attachment":[{"href":"https:\/\/www.headshop.nl\/de\/wp-json\/wp\/v2\/media?parent=37830"}],"wp:term":[{"taxonomy":"product_brand","embeddable":true,"href":"https:\/\/www.headshop.nl\/de\/wp-json\/wp\/v2\/product_brand?post=37830"},{"taxonomy":"product_cat","embeddable":true,"href":"https:\/\/www.headshop.nl\/de\/wp-json\/wp\/v2\/product_cat?post=37830"},{"taxonomy":"product_tag","embeddable":true,"href":"https:\/\/www.headshop.nl\/de\/wp-json\/wp\/v2\/product_tag?post=37830"}],"curies":[{"name":"wp","href":"https:\/\/api.w.org\/{rel}","templated":true}]}}