{"id":37824,"date":"2021-10-15T08:18:58","date_gmt":"2021-10-15T08:18:58","guid":{"rendered":"https:\/\/www.headshop.nl\/?post_type=product&#038;p=37824"},"modified":"2025-12-24T01:26:28","modified_gmt":"2025-12-24T01:26:28","slug":"red-borneo-kratom","status":"publish","type":"product","link":"https:\/\/www.headshop.nl\/de\/red-borneo-kratom\/","title":{"rendered":"Red Borneo Kratom"},"content":{"rendered":"<h2 data-start=\"379\" data-end=\"408\">Was ist Red Borneo Kratom?<\/h2>\n<p data-start=\"410\" data-end=\"1455\">Red Borneo Kratom ist eine einzigartige Sorte, die von der Insel Borneo stammt, genauer gesagt aus dem indonesischen Teil, der als Kalimantan bekannt ist. Diese Sorte ist tief in der lokalen Kultur verwurzelt, wo sie als nat\u00fcrliches Heilmittel f\u00fcr viele h\u00e4ufige Gesundheitsprobleme verehrt wird. Die Einwohner von Kalimantan haben Kratom seit jeher in verschiedenen Formen verwendet, einschlie\u00dflich des Rauchens der getrockneten Bl\u00e4tter. Die g\u00e4ngigste moderne Verwendung ist jedoch das Aufbr\u00fchen zu einem entspannenden und zugleich energiespendenden Tee. Die Kratombl\u00e4tter werden \u00fcber einen l\u00e4ngeren Zeitraum getrocknet und anschlie\u00dfend einem leichten Fermentationsprozess unterzogen, der die nat\u00fcrlichen Alkaloide der Pflanze verst\u00e4rkt. Red Borneo Kratom ist besonders f\u00fcr seine ausgewogene Mischung aus anregender Wirkung und stimmungsaufhellender Wirkung bekannt. Im Vergleich zu anderen Sorten bietet sie einen milderen, entspannteren Energieschub, was sie zu einem Favoriten f\u00fcr diejenigen macht, die einen nat\u00fcrlichen Muntermacher ohne die Intensit\u00e4t st\u00e4rkerer Sorten suchen. Egal, ob Sie Stress abbauen, sich besser konzentrieren oder einfach nur einen sanften Energieschub bekommen wollen, Red Borneo Kratom ist eine ausgezeichnete Wahl f\u00fcr eine nat\u00fcrliche, pflanzliche L\u00f6sung.<\/p>\n<h2 data-start=\"1457\" data-end=\"1488\">Geschichte von Red Borneo Kratom<\/h2>\n<p data-start=\"1490\" data-end=\"2583\">Die Geschichte von Red Borneo Kratom geht auf die Ureinwohner von Kalimantan, dem indonesischen Teil der Insel Borneo, zur\u00fcck. Seit Jahrhunderten verwenden die Einheimischen Kratom als traditionelle Medizin und betrachten es als nat\u00fcrliches Heilmittel f\u00fcr eine Vielzahl von Beschwerden. Sie bezeichneten die Bl\u00e4tter des Kratom-Baums oft als \"himmlische Bl\u00e4tter\" und unterstrichen damit ihren Glauben an die starke Heilkraft der Pflanze. Traditionell wurden die Bl\u00e4tter auf vielerlei Weise konsumiert, unter anderem auch in selbstgemachten Zigaretten geraucht. Im Laufe der Zeit haben sich die modernen Nutzer in Kalimantan jedoch weitgehend darauf verlegt, die Bl\u00e4tter zu einem Tee aufzubr\u00fchen, um ein kontrollierteres und beruhigenderes Erlebnis zu haben. Die f\u00fcr die Herstellung von Red Borneo Kratom verwendeten Bl\u00e4tter werden speziell wegen ihres l\u00e4ngeren Trocknungsprozesses ausgew\u00e4hlt und einem milden Fermentierungsschritt unterzogen. Diese einzigartige Zubereitung tr\u00e4gt dazu bei, den Alkaloidgehalt zu erh\u00f6hen, was der Sorte ihre besondere Wirkung verleiht. Im Laufe der Jahre hat Red Borneo Kratom internationale Anerkennung f\u00fcr seine ausgewogenen und wirksamen Qualit\u00e4ten erlangt, so dass viele Menschen auf der ganzen Welt es als Teil ihrer t\u00e4glichen Routine annehmen.<\/p>\n<h2 data-start=\"2585\" data-end=\"2616\">Verwendung von Red Borneo Kratom<\/h2>\n<p data-start=\"2618\" data-end=\"3675\">Red Borneo Kratom wird am besten in Form eines wohltuenden Tees konsumiert, der einfach zuzubereiten ist und es Ihnen erm\u00f6glicht, die volle Bandbreite seiner Vorteile zu erleben. Um eine Tasse Red Borneo Kratom-Tee zuzubereiten, l\u00f6sen Sie 4 bis 5 Gramm Kratompulver in hei\u00dfem Wasser mit einer Temperatur zwischen 70 und 95 Grad Celsius auf. Es wird empfohlen, den Tee 3 bis 5 Minuten lang ziehen zu lassen, um die n\u00fctzlichen Alkaloide aus den Kratombl\u00e4ttern vollst\u00e4ndig zu extrahieren. Es besteht keine Notwendigkeit, den Tee zu filtern, da alle Teile des Kratoms konsumiert werden k\u00f6nnen. Wenn Du Red Borneo Kratom zum ersten Mal konsumierst, ist es ratsam, mit einer kleineren Dosis zu beginnen, um zu sehen, wie Dein K\u00f6rper darauf reagiert, da die Wirkung je nach Deiner individuellen Toleranz und Empfindlichkeit variieren kann. Viele Nutzer finden, dass 3 bis 5 Gramm von Red Borneo Kratom eine milde Wirkung haben, w\u00e4hrend erfahrenere Nutzer vielleicht eine etwas h\u00f6here Dosis ben\u00f6tigen. Diese Sorte ist bekannt f\u00fcr ihre Ausgewogenheit von Energie und Ruhe, was sie perfekt f\u00fcr den Tagesgebrauch oder als nat\u00fcrlichen Stimmungsaufheller macht. Verwende Kratom immer verantwortungsvoll, um eine Toleranzentwicklung oder Nebenwirkungen zu vermeiden.<\/p>\n<h2 data-start=\"3677\" data-end=\"3712\">Inhaltsstoffe von Red Borneo Kratom<\/h2>\n<p data-start=\"3714\" data-end=\"4763\">Der Hauptbestandteil von Red Borneo Kratom ist <strong data-start=\"3757\" data-end=\"3779\">Mitragyna speciosa<\/strong>Ein tropischer Baum, der in S\u00fcdostasien beheimatet ist. Die Bl\u00e4tter des Mitragyna speciosa Baumes werden geerntet, getrocknet und dann zu Kratompulver verarbeitet. Red Borneo Kratom wird einem speziellen Trocknungs- und leichten Fermentierungsprozess unterzogen, der ihm seine einzigartigen Eigenschaften verleiht. Durch die l\u00e4ngere Trocknungszeit und die milde Fermentierung wird der Alkaloidgehalt in den Bl\u00e4ttern erh\u00f6ht, was zu einer st\u00e4rkeren und dennoch ausgewogenen Wirkung f\u00fchrt. Die wichtigsten Alkaloide in Red Borneo Kratom sind Mitragynin und 7-Hydroxymitragynin, die mit den k\u00f6rpereigenen Rezeptoren interagieren, um ein Gef\u00fchl des Wohlbefindens, mehr Energie und die Linderung von Beschwerden zu f\u00f6rdern. W\u00e4hrend der Fermentationsprozess der Schl\u00fcssel zur Entwicklung der unverwechselbaren Wirkungen von Red Borneo ist, ist die Gesamtqualit\u00e4t der Bl\u00e4tter entscheidend daf\u00fcr, dass das Kratom seine Potenz beibeh\u00e4lt. Ob als Tee oder in anderen Formen konsumiert, die sorgf\u00e4ltig verarbeiteten Inhaltsstoffe von Red Borneo Kratom machen es zu einer ausgezeichneten Option f\u00fcr diejenigen, die einen nat\u00fcrlichen Energieschub mit einer beruhigenden Wirkung suchen.<\/p>\n<p data-start=\"4765\" data-end=\"4777\"><strong data-start=\"4765\" data-end=\"4777\">Warnung:<\/strong><\/p>\n<p data-start=\"4779\" data-end=\"5092\">Verkauf und Verwendung von Red Borneo Kratom sind f\u00fcr Personen unter 18 Jahren verboten. Au\u00dferhalb der Reichweite von Kindern aufbewahren. Nicht verwenden bei hohem oder niedrigem Blutdruck, Herz- oder Lungenproblemen, Diabetes, Schwangerschaft, Einnahme von Medikamenten, Drogen oder Alkohol. Konsultieren Sie vor der Einnahme immer einen Arzt oder eine \u00c4rztin.<\/p>\n<hr data-start=\"5094\" data-end=\"5097\" \/>\n<p data-start=\"5099\" data-end=\"5250\" data-is-last-node=\"\">","protected":false},"excerpt":{"rendered":"<p>Wenn Du also auf der Suche nach einem lang anhaltenden Energieschub bist, hat dieses Kratom das Zeug dazu, daf\u00fcr zu sorgen, dass Du aufgeladen bleibst. Und es hat keine dieser unangenehmen Nebenwirkungen wie unangenehme Geschm\u00e4cker oder \u00dcberreizung, die zu viel von Deinem Tag wegnehmen. Behalten Sie Red Borneo Kratom im Auge, der Super-Energetiker schlechthin!<\/p>","protected":false},"featured_media":82213,"template":"","meta":[],"product_brand":[],"product_cat":[390,297,389,817,396,405,384],"product_tag":[],"class_list":{"0":"post-37824","1":"product","2":"type-product","3":"status-publish","4":"has-post-thumbnail","6":"product_cat-kratom","7":"product_cat-all-products","8":"product_cat-herbs","9":"product_cat-kratopia","10":"product_cat-relax","11":"product_cat-relax-herbs","12":"product_cat-smartshop","13":"product_shipping_class-group-7","15":"first","16":"instock","17":"taxable","18":"shipping-taxable","19":"purchasable","20":"product-type-variable","21":"has-default-attributes"},"_links":{"self":[{"href":"https:\/\/www.headshop.nl\/de\/wp-json\/wp\/v2\/product\/37824","targetHints":{"allow":["GET"]}}],"collection":[{"href":"https:\/\/www.headshop.nl\/de\/wp-json\/wp\/v2\/product"}],"about":[{"href":"https:\/\/www.headshop.nl\/de\/wp-json\/wp\/v2\/types\/product"}],"wp:featuredmedia":[{"embeddable":true,"href":"https:\/\/www.headshop.nl\/de\/wp-json\/wp\/v2\/media\/82213"}],"wp:attachment":[{"href":"https:\/\/www.headshop.nl\/de\/wp-json\/wp\/v2\/media?parent=37824"}],"wp:term":[{"taxonomy":"product_brand","embeddable":true,"href":"https:\/\/www.headshop.nl\/de\/wp-json\/wp\/v2\/product_brand?post=37824"},{"taxonomy":"product_cat","embeddable":true,"href":"https:\/\/www.headshop.nl\/de\/wp-json\/wp\/v2\/product_cat?post=37824"},{"taxonomy":"product_tag","embeddable":true,"href":"https:\/\/www.headshop.nl\/de\/wp-json\/wp\/v2\/product_tag?post=37824"}],"curies":[{"name":"wp","href":"https:\/\/api.w.org\/{rel}","templated":true}]}}