{"id":37822,"date":"2021-10-15T08:18:56","date_gmt":"2021-10-15T08:18:56","guid":{"rendered":"https:\/\/www.headshop.nl\/?post_type=product&#038;p=37822"},"modified":"2025-11-18T14:38:03","modified_gmt":"2025-11-18T14:38:03","slug":"red-bali-kratom","status":"publish","type":"product","link":"https:\/\/www.headshop.nl\/de\/red-bali-kratom\/","title":{"rendered":"Red Bali Kratom"},"content":{"rendered":"<h2 data-start=\"502\" data-end=\"538\">Was ist Kratopia Red Bali Kratom?<\/h2>\n<p data-start=\"540\" data-end=\"1603\">Kratopia Red Bali Kratom ist eine beliebte Sorte, die aufgrund ihrer abgerundeten Wirkung und ihres milderen Geschmacks bei Anf\u00e4ngern sehr beliebt geworden ist. Red Bali Kratom ist f\u00fcr ihre F\u00e4higkeit bekannt, soziale Interaktionen zu verbessern. Sie l\u00e4sst die Nutzer sich einf\u00fchlsamer und verbundener f\u00fchlen, was ihre sozialen Erfahrungen insgesamt verbessert. Die einzigartige Zusammensetzung der Alkaloide sorgt f\u00fcr eine ausgewogene Wirkung, die sowohl als Stimmungsaufheller als auch als sanftes Schmerzmittel wirkt. Diese Sorte ist besonders wegen ihres sanfteren Geschmacks beliebt, der sie im Vergleich zu anderen, bittereren Sorten schmackhafter macht. H\u00e4ufig stellen die Nutzer fest, dass Red Bali Kratom ihnen hilft, sich in einer sozialen Umgebung entspannter und wohler zu f\u00fchlen, w\u00e4hrend sie gleichzeitig k\u00f6rperliche Beschwerden lindert. Die Kombination aus sozialer und beruhigender Wirkung macht sie zu einer vielseitigen Option f\u00fcr alle, die ihr allgemeines Wohlbefinden verbessern wollen. Red Bali Kratom ist besonders f\u00fcr Neulinge geeignet, da es ihnen erlaubt, die Vorteile von Kratom ohne \u00fcberw\u00e4ltigende Effekte zu erleben, was es zu einem ausgezeichneten Ausgangspunkt f\u00fcr die Erkundung dieser kraftvollen Pflanze macht.<\/p>\n<h2 data-start=\"1605\" data-end=\"1643\">Geschichte von Kratopia Rot Bali Kratom<\/h2>\n<p data-start=\"1645\" data-end=\"2780\">Das rote Bali Kratom, einschlie\u00dflich der Variante Kratopia, hat tiefe historische Wurzeln in S\u00fcdostasien. Sie wird traditionell in Indonesien verwendet, insbesondere in der Region Bali, woher sie auch ihren Namen hat. W\u00e4hrend auf Bali selbst keine Kratomb\u00e4ume wachsen, ist die Sorte eine Mischung aus Bl\u00e4ttern von Kratomb\u00e4umen, die in verschiedenen Regionen S\u00fcdostasiens zu finden sind. Historisch gesehen wurde Red Bali Kratom wegen ihrer beruhigenden und medizinischen Eigenschaften verehrt und von den Einheimischen zur Schmerzbek\u00e4mpfung, Stimmungsverbesserung und zum Stressabbau verwendet. Als vielseitige Sorte wurde Red Bali Kratom auch als soziales Mittel eingesetzt, das ein Gef\u00fchl von Leichtigkeit und Verbundenheit unter den Menschen f\u00f6rdert. Im Laufe der Zeit, als die Popularit\u00e4t von Kratom im Westen zunahm, wurde Red Bali aufgrund seiner milden Wirkung und seiner Vorteile f\u00fcr das allgemeine Wohlbefinden zu einer der am meisten anerkannten Sorten. In der heutigen Zeit wenden sich viele Nutzer an Red Bali Kratom, weil es Schmerzen lindert und die Stimmung verbessert, ohne dass man auf scharfe pharmazeutische Medikamente zur\u00fcckgreifen muss. Mit seinen historischen Wurzeln und seiner wachsenden weltweiten Anziehungskraft ist Kratopia Red Bali Kratom weiterhin eine Top-Wahl f\u00fcr alle, die eine ausgewogene und angenehme Kratomerfahrung suchen.<\/p>\n<h2 data-start=\"2782\" data-end=\"2820\">Verwendung von Kratopia Rot Bali Kratom<\/h2>\n<p data-start=\"2822\" data-end=\"3892\">Die Verwendung von Kratopia Red Bali Kratom ist einfach und kann in Form eines Tees genossen werden. Zur Zubereitung l\u00f6sen Sie 4 bis 5 Gramm Kratopia Red Bali Kratom Pulver in hei\u00dfem Wasser auf, wobei die Temperatur zwischen 70 und 95 Grad Celsius liegen sollte. Lassen Sie den Tee etwa 3 bis 5 Minuten ziehen, damit das Kratom seine n\u00fctzlichen Alkaloide an das Wasser abgeben kann. Nach dem Aufbr\u00fchen muss der Tee nicht mehr gefiltert werden, da die gesamte Mischung unbedenklich zu konsumieren ist. F\u00fcr Erstkonsumenten ist es ratsam, mit einer kleineren Dosis zu beginnen, um zu verstehen, wie der K\u00f6rper auf diese Kratomsorte reagiert. Red Bali Kratom ist bekannt f\u00fcr seinen milden Geschmack, der es f\u00fcr Kratom-Neulinge zug\u00e4nglicher macht. Im Laufe der Zeit k\u00f6nnen die Nutzer ihre Dosierung je nach Empfindlichkeit und gew\u00fcnschter Wirkung anpassen. F\u00fcr eine milde Wirkung kann eine niedrigere Dosis von weniger als 3 Gramm ausreichen, w\u00e4hrend diejenigen, die eine st\u00e4rkere Wirkung w\u00fcnschen, die Dosis auf 5-6 Gramm erh\u00f6hen k\u00f6nnen. Unabh\u00e4ngig von der Dosierung bietet Kratopia Red Bali Kratom ein soziales und stimmungsaufhellendes Erlebnis, das sanft ist und sich gut f\u00fcr Kratom-Neulinge eignet.<\/p>\n<h2 data-start=\"3894\" data-end=\"3936\">Inhaltsstoffe von Kratopia Rot Bali Kratom<\/h2>\n<p data-start=\"3938\" data-end=\"5137\">Der Hauptbestandteil von Kratopia Red Bali Kratom ist <strong data-start=\"3988\" data-end=\"4010\">Mitragyna speciosa<\/strong>Ein tropischer Baum, der in S\u00fcdostasien beheimatet ist. Die Bl\u00e4tter des Mitragyna speciosa Baumes werden geerntet, getrocknet und dann zu Kratompulver verarbeitet. Red Bali Kratom wird aus sorgf\u00e4ltig ausgew\u00e4hlten Bl\u00e4ttern verschiedener Kratomb\u00e4ume aus verschiedenen s\u00fcdostasiatischen Regionen gewonnen. Nach dem Trocknen werden die Bl\u00e4tter einem speziellen Lichtfermentationsprozess unterzogen, der den Alkaloidgehalt erh\u00f6ht und Red Bali seine charakteristische Wirkung verleiht. Die beiden Hauptalkaloide in Red Bali Kratom sind Mitragynin und 7-Hydroxymitragynin. Diese Verbindungen interagieren mit den k\u00f6rpereigenen Rezeptoren, um ein Gef\u00fchl des Wohlbefindens zu f\u00f6rdern, die Energie zu steigern und Schmerzen zu lindern. Die Ausgewogenheit von Kratopia Red Bali Kratom ergibt sich aus der Kombination dieser Alkaloide, die zusammen ein sanftes und mildes Erlebnis bieten, ideal f\u00fcr alle, die eine nat\u00fcrliche Alternative zur Schmerzlinderung und zum Stressabbau suchen. Aufgrund seiner ausgewogenen Zusammensetzung ist Red Bali Kratom besonders wirksam bei der F\u00f6rderung sozialer Interaktionen und der Linderung k\u00f6rperlicher Beschwerden. Seine abgerundeten Wirkungen machen es zu einer beliebten Wahl sowohl f\u00fcr neue als auch f\u00fcr erfahrene Kratom-Konsumenten.<\/p>\n<p data-start=\"5139\" data-end=\"5151\"><strong data-start=\"5139\" data-end=\"5151\">Warnung:<\/strong><\/p>\n<p data-start=\"5153\" data-end=\"5473\">Verkauf und Verwendung von Kratopia Red Bali Kratom sind f\u00fcr Personen unter 18 Jahren verboten. Au\u00dferhalb der Reichweite von Kindern aufbewahren. Nicht verwenden bei hohem oder niedrigem Blutdruck, Herz- oder Lungenproblemen, Diabetes, Schwangerschaft, Einnahme von Medikamenten, Drogen oder Alkohol. Konsultieren Sie vor der Einnahme immer einen Arzt oder eine \u00c4rztin.<\/p>","protected":false},"excerpt":{"rendered":"<p>Kratopia Red Bali Kratom ist eine ausgewogene Sorte, die f\u00fcr ihre gesellschaftsf\u00f6rdernden Eigenschaften bekannt ist. Mit ihrem sanften Geschmack und ihrer moderaten St\u00e4rke ist sie perfekt f\u00fcr Anf\u00e4nger, die eine erhebende Erfahrung suchen. Diese Red Bali Kratom ist vor allem f\u00fcr ihre potenziell schmerzlindernde Wirkung bekannt und wird oft von Menschen verwendet, die eine nat\u00fcrliche Alternative zu Opioiden suchen. Red Bali Kratom ist ideal, um soziale Interaktionen und die Stimmung zu verbessern, und ist ein gro\u00dfartiger Einstieg f\u00fcr Erstkonsumenten.<\/p>","protected":false},"featured_media":82216,"template":"","meta":[],"product_brand":[],"product_cat":[390,297,389,817,396,405,384],"product_tag":[],"class_list":{"0":"post-37822","1":"product","2":"type-product","3":"status-publish","4":"has-post-thumbnail","6":"product_cat-kratom","7":"product_cat-all-products","8":"product_cat-herbs","9":"product_cat-kratopia","10":"product_cat-relax","11":"product_cat-relax-herbs","12":"product_cat-smartshop","13":"product_shipping_class-group-7","15":"first","16":"instock","17":"taxable","18":"shipping-taxable","19":"purchasable","20":"product-type-variable","21":"has-default-attributes"},"_links":{"self":[{"href":"https:\/\/www.headshop.nl\/de\/wp-json\/wp\/v2\/product\/37822","targetHints":{"allow":["GET"]}}],"collection":[{"href":"https:\/\/www.headshop.nl\/de\/wp-json\/wp\/v2\/product"}],"about":[{"href":"https:\/\/www.headshop.nl\/de\/wp-json\/wp\/v2\/types\/product"}],"wp:featuredmedia":[{"embeddable":true,"href":"https:\/\/www.headshop.nl\/de\/wp-json\/wp\/v2\/media\/82216"}],"wp:attachment":[{"href":"https:\/\/www.headshop.nl\/de\/wp-json\/wp\/v2\/media?parent=37822"}],"wp:term":[{"taxonomy":"product_brand","embeddable":true,"href":"https:\/\/www.headshop.nl\/de\/wp-json\/wp\/v2\/product_brand?post=37822"},{"taxonomy":"product_cat","embeddable":true,"href":"https:\/\/www.headshop.nl\/de\/wp-json\/wp\/v2\/product_cat?post=37822"},{"taxonomy":"product_tag","embeddable":true,"href":"https:\/\/www.headshop.nl\/de\/wp-json\/wp\/v2\/product_tag?post=37822"}],"curies":[{"name":"wp","href":"https:\/\/api.w.org\/{rel}","templated":true}]}}