{"id":37816,"date":"2021-10-15T08:05:42","date_gmt":"2021-10-15T08:05:42","guid":{"rendered":"https:\/\/www.headshop.nl\/?post_type=product&#038;p=37816"},"modified":"2025-11-18T14:38:04","modified_gmt":"2025-11-18T14:38:04","slug":"green-bali-kratom","status":"publish","type":"product","link":"https:\/\/www.headshop.nl\/de\/green-bali-kratom\/","title":{"rendered":"Green Bali Kratom"},"content":{"rendered":"<h2 data-start=\"491\" data-end=\"529\">Was ist Kratopia Green Bali Kratom?<\/h2>\n<p data-start=\"531\" data-end=\"1679\">Kratopia Green Bali Kratom ist eine einzigartige Sorte, die aufgrund ihrer ausgewogenen und anpassungsf\u00e4higen Eigenschaften zu einer beliebten Wahl geworden ist. Obwohl sich der Name \"Bali\" auf die indonesische Insel bezieht, w\u00e4chst das in dieser Mischung verwendete Kratom nicht dort. Stattdessen handelt es sich um eine Mischung aus Kratomsorten, die haupts\u00e4chlich aus Borneo und Sumatra stammen und von H\u00e4ndlern auf Bali zusammengestellt wurden. Diese gr\u00fcne Sorte ist in der Regel weniger intensiv als ihre roten Gegenst\u00fccke und bietet eine sanfte und moderate Wirkung, die perfekt f\u00fcr Nutzer ist, die nach einem leichten Energie- oder Stimmungsaufschwung suchen. Green Bali Kratom ist bekannt daf\u00fcr, dass es sich gut mit anderen Kratom-Sorten mischen l\u00e4sst, insbesondere mit wei\u00dfem Bali, um ein harmonisches Erlebnis zu schaffen. Bei der Herstellung dieses Kratoms werden die Bl\u00e4tter sortiert, gewaschen und getrocknet, um sie in ihrem nat\u00fcrlichen Zustand zu erhalten. Das Ergebnis ist, dass Green Bali Kratom einen Gro\u00dfteil der urspr\u00fcnglichen Potenz des Blattes beibeh\u00e4lt, w\u00e4hrend seine F\u00e4higkeit, andere Kratomarten zu erg\u00e4nzen, es zu einer vielseitigen Wahl f\u00fcr Mischungen und Anpassungen macht. Ob allein oder gemischt, Kratopia Green Bali Kratom ist bekannt f\u00fcr seine F\u00e4higkeit, sowohl geistige Stimulation und ein beruhigendes, entspanntes Gef\u00fchl zu bieten.<\/p>\n<h2 data-start=\"1681\" data-end=\"1721\">Geschichte von Kratopia Gr\u00fcn Bali Kratom<\/h2>\n<p data-start=\"1723\" data-end=\"2975\">Die Geschichte von Kratopia Green Bali Kratom ist mit der alten Tradition des Kratomkonsums in S\u00fcdostasien, insbesondere in Indonesien, verwoben. W\u00e4hrend Bali f\u00fcr seine kulturelle und touristische Bedeutung bekannt ist, ist das unter dem Namen \"Bali\" verkaufte Kratom eigentlich eine Mischung von Sorten aus Regionen wie Borneo und Sumatra. Der Ursprung dieser speziellen gr\u00fcnen Variante liegt in der sorgf\u00e4ltigen Auswahl der Kratombl\u00e4tter, die dann auf eine Art und Weise verarbeitet werden, die einen Gro\u00dfteil ihrer urspr\u00fcnglichen Eigenschaften bewahrt. Green Bali wird wegen seiner F\u00e4higkeit, ein ausgewogeneres Erlebnis im Vergleich zum st\u00e4rkeren roten Bali Kratom zu bieten, bevorzugt. Historisch gesehen wird Kratom in S\u00fcdostasien zu medizinischen und rituellen Zwecken verwendet, wobei die verschiedenen Sorten eine Reihe von Wirkungen haben, von der Schmerzlinderung bis zur Steigerung der Energie. Im Laufe der Jahre wurde die Bali-Mischung weltweit popul\u00e4r, insbesondere auf den westlichen M\u00e4rkten, wo Kratom zur Entspannung, Energiegewinnung und Stimmungsaufhellung verwendet wird. Green Bali mit seiner moderaten Wirkung hat Anerkennung f\u00fcr seine Anpassungsf\u00e4higkeit und seine F\u00e4higkeit gewonnen, als Basis f\u00fcr andere Kratom-Mischungen verwendet zu werden, oft gemischt mit wei\u00dfen Sorten, um einen synergistischen Effekt zu erzielen. Dies macht Green Bali Kratom zu einem wichtigen Teil des wachsenden weltweiten Interesses an Kratom.<\/p>\n<h2 data-start=\"2977\" data-end=\"3017\">Verwendung von Kratopia Gr\u00fcn Bali Kratom<\/h2>\n<p data-start=\"3019\" data-end=\"4198\">Die h\u00e4ufigste Art, Kratopia Green Bali Kratom zu konsumieren, ist die Zubereitung als Tee. Um eine Tasse Green Bali Kratom-Tee zuzubereiten, l\u00f6sen Sie 4 bis 5 Gramm Kratompulver in hei\u00dfem Wasser (70-95 Grad Celsius) auf. Es wird empfohlen, das Kratom 3 bis 5 Minuten lang ziehen zu lassen, damit die Alkaloide vollst\u00e4ndig in das Wasser \u00fcbergehen k\u00f6nnen. Der Tee muss nicht gefiltert werden; alles kann verzehrt werden, auch das Pulver, was das Erlebnis noch verst\u00e4rkt. Wenn Sie Green Bali Kratom zum ersten Mal verwenden, ist es immer eine gute Idee, mit einer niedrigeren Dosierung zu beginnen und diese schrittweise anzupassen, um die ideale Menge f\u00fcr Ihre Bed\u00fcrfnisse zu finden. Die meisten Anwender beginnen mit einer milden Dosis von 4 bis 5 Gramm, die eine sanft anregende Wirkung hat. Da die Wirkung nach etwa einer Stunde nachl\u00e4sst, entscheiden sich manche f\u00fcr eine zweite Tasse. Green Bali Kratom ist f\u00fcr seine sanfte Wirkung bekannt, die es f\u00fcr Kratom-Neulinge oder diejenigen, die eine mildere Erfahrung suchen, geeignet macht. Manche Nutzer kombinieren Green Bali auch mit anderen Kratomsorten, wie z.B. White Bali, um die eher anregenden Eigenschaften anderer Sorten auszugleichen. Unabh\u00e4ngig davon, wie es verwendet wird, bietet Green Bali eine ausgewogene, entspannende Erfahrung, die viele als angenehm empfinden.<\/p>\n<h2 data-start=\"4200\" data-end=\"4244\">Inhaltsstoffe von Kratopia Gr\u00fcn Bali Kratom<\/h2>\n<p data-start=\"4246\" data-end=\"5451\">Kratopia Gr\u00fcn Bali Kratom wird aus den Bl\u00e4ttern von <strong data-start=\"4300\" data-end=\"4322\">Mitragyna speciosa<\/strong>einem in S\u00fcdostasien beheimateten Baum. Der Hauptinhaltsstoff, Mitragynin, ist das Alkaloid, das f\u00fcr die anregende Wirkung von Kratom verantwortlich ist. Green Bali ist vor allem f\u00fcr seinen hohen Gehalt an Mitragynin bekannt, das zu seinen erhebenden und zugleich beruhigenden Eigenschaften beitr\u00e4gt. Die Bl\u00e4tter werden sorgf\u00e4ltig geerntet, gewaschen und getrocknet, wodurch die starken Alkaloide, die dem Kratom seine charakteristische Wirkung verleihen, erhalten bleiben. Im Gegensatz zu roten Kratom-Sorten, die fermentiert werden, beh\u00e4lt Green Bali Kratom viel von der nat\u00fcrlichen Energie und Lebendigkeit der urspr\u00fcnglichen Bl\u00e4tter. Das Alkaloidprofil von Green Bali eignet sich f\u00fcr eine Vielzahl von Anwendungen, von der Steigerung von Energie und Konzentration bis zur F\u00f6rderung des Wohlbefindens. Neben Mitragynin enth\u00e4lt Kratom auch andere Alkaloide, wie z.B. 7-Hydroxymitragynin, die die Gesamtwirkung des Kratoms verst\u00e4rken. Kratopia Green Bali Kratom zeichnet sich durch seine F\u00e4higkeit aus, eine moderate Erfahrung zu bieten, die eine Kombination aus Stimulation und Entspannung bietet, die ein breites Spektrum von Benutzern anspricht. Ob allein oder in Kombination mit anderen Sorten, Green Bali Kratom bietet eine effektive und angenehme Erfahrung.<\/p>\n<p data-start=\"5453\" data-end=\"5465\"><strong data-start=\"5453\" data-end=\"5465\">Warnung:<\/strong><\/p>\n<p data-start=\"5467\" data-end=\"5789\">Verkauf und Verwendung von Kratopia Green Bali Kratom sind f\u00fcr Personen unter 18 Jahren verboten. Au\u00dferhalb der Reichweite von Kindern aufbewahren. Nicht verwenden bei hohem oder niedrigem Blutdruck, Herz- oder Lungenproblemen, Diabetes, Schwangerschaft, Einnahme von Medikamenten, Drogen oder Alkohol. Konsultieren Sie vor der Einnahme immer einen Arzt oder eine \u00c4rztin.<\/p>","protected":false},"excerpt":{"rendered":"<p>Von der gr\u00fcnen Insel, Indonesien kommt gr\u00fcnes Bali Kratom. Dieses kleine Blattpulver ist eines der beliebtesten Kratom unter vielen! Es gibt Dir ein sanftes, aber gl\u00fcckliches High, das Dir die Schmerzen nimmt und Dich entspannt zur\u00fcckl\u00e4sst. Unser Green Bali Kratom ist perfekt, wenn Du einen extra Kick brauchst!<\/p>","protected":false},"featured_media":82225,"template":"","meta":[],"product_brand":[],"product_cat":[390,297,389,817,396,405,384],"product_tag":[],"class_list":{"0":"post-37816","1":"product","2":"type-product","3":"status-publish","4":"has-post-thumbnail","6":"product_cat-kratom","7":"product_cat-all-products","8":"product_cat-herbs","9":"product_cat-kratopia","10":"product_cat-relax","11":"product_cat-relax-herbs","12":"product_cat-smartshop","13":"product_shipping_class-group-7","15":"first","16":"instock","17":"taxable","18":"shipping-taxable","19":"purchasable","20":"product-type-variable","21":"has-default-attributes"},"_links":{"self":[{"href":"https:\/\/www.headshop.nl\/de\/wp-json\/wp\/v2\/product\/37816","targetHints":{"allow":["GET"]}}],"collection":[{"href":"https:\/\/www.headshop.nl\/de\/wp-json\/wp\/v2\/product"}],"about":[{"href":"https:\/\/www.headshop.nl\/de\/wp-json\/wp\/v2\/types\/product"}],"wp:featuredmedia":[{"embeddable":true,"href":"https:\/\/www.headshop.nl\/de\/wp-json\/wp\/v2\/media\/82225"}],"wp:attachment":[{"href":"https:\/\/www.headshop.nl\/de\/wp-json\/wp\/v2\/media?parent=37816"}],"wp:term":[{"taxonomy":"product_brand","embeddable":true,"href":"https:\/\/www.headshop.nl\/de\/wp-json\/wp\/v2\/product_brand?post=37816"},{"taxonomy":"product_cat","embeddable":true,"href":"https:\/\/www.headshop.nl\/de\/wp-json\/wp\/v2\/product_cat?post=37816"},{"taxonomy":"product_tag","embeddable":true,"href":"https:\/\/www.headshop.nl\/de\/wp-json\/wp\/v2\/product_tag?post=37816"}],"curies":[{"name":"wp","href":"https:\/\/api.w.org\/{rel}","templated":true}]}}