{"id":37562,"date":"2025-01-30T08:40:32","date_gmt":"2025-01-30T08:40:32","guid":{"rendered":"https:\/\/www.headshop.nl\/?post_type=product&#038;p=37562"},"modified":"2025-05-23T09:04:58","modified_gmt":"2025-05-23T09:04:58","slug":"wedding-cake-x-triple-og","status":"publish","type":"product","link":"https:\/\/www.headshop.nl\/de\/wedding-cake-x-triple-og\/","title":{"rendered":"Wedding Cake x Triple OG - Vision Seeds"},"content":{"rendered":"<h2><span data-sheets-value=\"{&quot;1&quot;:2,&quot;2&quot;:&quot;Wedding Cake x Triple OG&quot;}\" data-sheets-userformat=\"{&quot;2&quot;:6723,&quot;3&quot;:{&quot;1&quot;:0},&quot;4&quot;:{&quot;1&quot;:2,&quot;2&quot;:16573901},&quot;9&quot;:0,&quot;12&quot;:0,&quot;14&quot;:{&quot;1&quot;:2,&quot;2&quot;:0},&quot;15&quot;:&quot;Arial&quot;}\">Wedding Cake x Triple OG<\/span> Cannabis-Samen von Vision Seeds<\/h2>\n<p>Vision Seeds Wedding Cake x Triple OG Cannabis Strain ist eine sehr einzigartige und skurrile Mischung mit Aromen, die s\u00fc\u00df, spritzig, cremig und sauer sind. Da es sich um eine extrem hohe THC-Cannabissorte handelt, tritt die Wirkung nach dem Rauchen dieser k\u00f6stlichen Dessert-Queen sofort ein. Du wirst Freude, erhebende Energie, Euphorie sowie einen intensiven Kopfschub erleben!<\/p>\n<p>Dies ist gro\u00dfartig f\u00fcr diejenigen, die nach sofortiger Linderung von Stress oder Angst suchen, k\u00f6rperliche Aufgaben nach der Arbeit in Angriff nehmen, mittags kreativ werden mit hoot hoot-\u00e4hnlichen Aktivit\u00e4ten (AKA Handwerk), oder auch einfach nur den ganzen Tag im Haus herumh\u00e4ngen und sich volllaufen lassen. Seien Sie aber vorsichtig, denn ihre Wirkung setzt schnell ein! Wundere Dich nicht, wenn Du innerhalb weniger Stunden, nachdem Du diese potente Powerfrau angez\u00fcndet hast, pl\u00f6tzlich v\u00f6llig aus dem H\u00e4uschen bist.<\/p>\n<p>Sie kommt in einer einzigartigen Verpackung mit einem kuchen\u00e4hnlichen Zuckerguss, aber ihre aromatischen Qualit\u00e4ten k\u00f6nnten das sein, was Dich wirklich dazu bringt, immer wieder zu kommen. Mit intensiven Effekten rund um das Erlebnis - rieche und schmecke sie und habe Spa\u00df, etwas Neues auszuprobieren!<\/p>","protected":false},"excerpt":{"rendered":"<p>Visions k\u00f6stliche Hochzeitstorten-Sorte mit dem treffenden Namen Wedding Cake x Triple OG ist eine wahre K\u00f6nigin. Sie beginnt mit einem unvergesslichen Aroma - s\u00fc\u00df und spritzig mit einem Hauch von sauer, um Deine Geschmacksknospen verr\u00fcckt zu machen! Sie w\u00e4chst zu einer gro\u00dfen, farbenfrohen Bl\u00fcte heran, die Dir viel hochwirksame Energie f\u00fcr den Tag liefert. Dieses Biest legt eine solide 25% THC Punktzahl auf den Tisch, also pass auf mit diesen Z\u00fcgen, Bruder!<\/p>","protected":false},"featured_media":37574,"template":"","meta":[],"product_brand":[],"product_cat":[950,297,467,470,465,629,468],"product_tag":[],"class_list":{"0":"post-37562","1":"product","2":"type-product","3":"status-publish","4":"has-post-thumbnail","6":"product_cat-vision-seeds","7":"product_cat-all-products","8":"product_cat-feminized-seeds","9":"product_cat-high-thc-seeds","10":"product_cat-seedshop","11":"product_cat-seedshop-top-10","12":"product_cat-usa-seeds","13":"product_shipping_class-creditcard-on","15":"first","16":"instock","17":"taxable","18":"shipping-taxable","19":"purchasable","20":"product-type-variable","21":"has-default-attributes"},"_links":{"self":[{"href":"https:\/\/www.headshop.nl\/de\/wp-json\/wp\/v2\/product\/37562","targetHints":{"allow":["GET"]}}],"collection":[{"href":"https:\/\/www.headshop.nl\/de\/wp-json\/wp\/v2\/product"}],"about":[{"href":"https:\/\/www.headshop.nl\/de\/wp-json\/wp\/v2\/types\/product"}],"wp:featuredmedia":[{"embeddable":true,"href":"https:\/\/www.headshop.nl\/de\/wp-json\/wp\/v2\/media\/37574"}],"wp:attachment":[{"href":"https:\/\/www.headshop.nl\/de\/wp-json\/wp\/v2\/media?parent=37562"}],"wp:term":[{"taxonomy":"product_brand","embeddable":true,"href":"https:\/\/www.headshop.nl\/de\/wp-json\/wp\/v2\/product_brand?post=37562"},{"taxonomy":"product_cat","embeddable":true,"href":"https:\/\/www.headshop.nl\/de\/wp-json\/wp\/v2\/product_cat?post=37562"},{"taxonomy":"product_tag","embeddable":true,"href":"https:\/\/www.headshop.nl\/de\/wp-json\/wp\/v2\/product_tag?post=37562"}],"curies":[{"name":"wp","href":"https:\/\/api.w.org\/{rel}","templated":true}]}}