{"id":37559,"date":"2025-01-30T08:40:29","date_gmt":"2025-01-30T08:40:29","guid":{"rendered":"https:\/\/www.headshop.nl\/?post_type=product&#038;p=37559"},"modified":"2025-05-23T09:05:05","modified_gmt":"2025-05-23T09:05:05","slug":"vision-kosher","status":"publish","type":"product","link":"https:\/\/www.headshop.nl\/de\/vision-kosher\/","title":{"rendered":"Vision Kosher - Vision Saatgut"},"content":{"rendered":"<h2><span data-sheets-value=\"{&quot;1&quot;:2,&quot;2&quot;:&quot;Vision Kosher&quot;}\" data-sheets-userformat=\"{&quot;2&quot;:6723,&quot;3&quot;:{&quot;1&quot;:0},&quot;4&quot;:{&quot;1&quot;:2,&quot;2&quot;:13624051},&quot;9&quot;:0,&quot;12&quot;:0,&quot;14&quot;:{&quot;1&quot;:2,&quot;2&quot;:0},&quot;15&quot;:&quot;Arial&quot;}\">Vision Kosher<\/span> Cannabis-Samen von Vision Seeds<\/h2>\n<p>Wenn es um die Ernte geht, kann man sich entweder f\u00fcr ein Produkt entscheiden, das zuverl\u00e4ssig und lange haltbar sein muss, oder f\u00fcr eines, dem es an Geruch oder Geschmack fehlt, oder f\u00fcr eines mit einem unscheinbaren Ertrag. Aber was, wenn man alle drei M\u00f6glichkeiten haben m\u00f6chte? Die Kosher Girl von Vision Seeds ist die einzige Option f\u00fcr alle, die einen ausgewogenen Ansatz suchen.<\/p>\n<p>Stell Dir eine Sorte vor, die nach nur 8 Wochen Bl\u00fctezeit riesige Mengen an Knospen hervorbringt, nie nach Heu riecht und so gut schmeckt, wie sie raucht - dann willkommen zu Hause! Mit dieser besonderen Dame wirst Du zur Erntezeit einige ernsthafte Angeberechte haben!<\/p>\n<p>Vision Seeds Vision Kosher ist eine der schmackhaftesten Zigaretten, die erfahrenen Kiffern bekannt sind. Au\u00dferdem ist dieses mittelgro\u00dfe M\u00e4dchen eine der besten Zeitinvestitionen, wenn es um die Ernte geht. Wenn Sie auf der Suche nach einer Indica-dominanten Sorte sind, die eine erstaunliche Geschmackspalette hat, eine betr\u00e4chtliche Menge an THC enth\u00e4lt und enorme Knospen hervorbringen kann - das ist Ihr M\u00e4dchen! Die Kosher Girl hat einen einzigartigen und sehr erkennbaren Geschmack, der als eine reichhaltige, erdige und dennoch sehr fruchtige Mischung aus einzigartigen Aromen beschrieben werden kann. Da sie ziemlich potent ist, liefert sie ein starkes, erhebendes High.<\/p>","protected":false},"excerpt":{"rendered":"<p>Dieses mittelgro\u00dfe M\u00e4dchen liefert ein starkes, erhebendes High und hat einen Geschmack wie nichts anderes. Vision Kosher ist eine entz\u00fcckende indicadominierte Cannabissorte, die alle besten Eigenschaften ihrer Eltern vereint, um eine der geschmackvollsten, schlagkr\u00e4ftigsten Pflanzen zu erschaffen. Sie hat ein erdiges Aroma mit blumigen Akzenten und schmeckt wie ein erfrischender Obstsalat, der durch einen Spritzer Erde oder etwas Gr\u00fcnes noch k\u00f6stlicher wird. Dieser gro\u00dfe Produzent ist in 9 Wochen reif f\u00fcr die Ernte und liefert ein erhebendes High mit etwa 20% THC.<\/p>","protected":false},"featured_media":37572,"template":"","meta":[],"product_brand":[],"product_cat":[950,297,467,470,465,468],"product_tag":[],"class_list":{"0":"post-37559","1":"product","2":"type-product","3":"status-publish","4":"has-post-thumbnail","6":"product_cat-vision-seeds","7":"product_cat-all-products","8":"product_cat-feminized-seeds","9":"product_cat-high-thc-seeds","10":"product_cat-seedshop","11":"product_cat-usa-seeds","12":"product_shipping_class-creditcard-on","14":"first","15":"instock","16":"taxable","17":"shipping-taxable","18":"purchasable","19":"product-type-variable","20":"has-default-attributes"},"_links":{"self":[{"href":"https:\/\/www.headshop.nl\/de\/wp-json\/wp\/v2\/product\/37559","targetHints":{"allow":["GET"]}}],"collection":[{"href":"https:\/\/www.headshop.nl\/de\/wp-json\/wp\/v2\/product"}],"about":[{"href":"https:\/\/www.headshop.nl\/de\/wp-json\/wp\/v2\/types\/product"}],"wp:featuredmedia":[{"embeddable":true,"href":"https:\/\/www.headshop.nl\/de\/wp-json\/wp\/v2\/media\/37572"}],"wp:attachment":[{"href":"https:\/\/www.headshop.nl\/de\/wp-json\/wp\/v2\/media?parent=37559"}],"wp:term":[{"taxonomy":"product_brand","embeddable":true,"href":"https:\/\/www.headshop.nl\/de\/wp-json\/wp\/v2\/product_brand?post=37559"},{"taxonomy":"product_cat","embeddable":true,"href":"https:\/\/www.headshop.nl\/de\/wp-json\/wp\/v2\/product_cat?post=37559"},{"taxonomy":"product_tag","embeddable":true,"href":"https:\/\/www.headshop.nl\/de\/wp-json\/wp\/v2\/product_tag?post=37559"}],"curies":[{"name":"wp","href":"https:\/\/api.w.org\/{rel}","templated":true}]}}