{"id":37553,"date":"2025-01-30T08:40:26","date_gmt":"2025-01-30T08:40:26","guid":{"rendered":"https:\/\/www.headshop.nl\/?post_type=product&#038;p=37553"},"modified":"2025-05-23T09:05:19","modified_gmt":"2025-05-23T09:05:19","slug":"vision-cookies","status":"publish","type":"product","link":"https:\/\/www.headshop.nl\/de\/vision-cookies\/","title":{"rendered":"Vision Cookies - Vision Seeds"},"content":{"rendered":"<h2><span data-sheets-value=\"{&quot;1&quot;:2,&quot;2&quot;:&quot;Vision Cookies&quot;}\" data-sheets-userformat=\"{&quot;2&quot;:6723,&quot;3&quot;:{&quot;1&quot;:0},&quot;4&quot;:{&quot;1&quot;:2,&quot;2&quot;:15389148},&quot;9&quot;:0,&quot;12&quot;:0,&quot;14&quot;:{&quot;1&quot;:2,&quot;2&quot;:0},&quot;15&quot;:&quot;Arial&quot;}\">Vision Cookies<\/span> Cannabis-Samen von Vision Seeds<\/h2>\n<p>Vision Cookies ist f\u00fcr jeden, der auf der Suche nach einer pr\u00e4zisen, starken Sorte ist, die nach Melone und Pfirsich riecht und nach Beeren schmeckt. Diese Sorte ist perfekt f\u00fcr den Stressabbau mit erhebenden und euphorischen Effekten. Vision Cookies erreicht im Durchschnitt ~20% THC Werte, die hoch genug sind, um gute Ertr\u00e4ge zu liefern - bis zu 800g\/Pflanze, wenn die Bedingungen stimmen!<\/p>\n<p>Planen Sie Ihren n\u00e4chsten Ausflug mit Freude und Vergn\u00fcgen, um verj\u00fcngt und gl\u00fccklich von der Arbeit nach Hause zu kommen! Vision Cookies Cannabis Strain wird Sie mit dem Wunsch verlassen, in sich selbst einzutauchen. Genie\u00dfen Sie den Sinn des Lebens durch diese wunderbare Sorte f\u00fcr intensive mentale Ver\u00e4nderungen.<\/p>\n<p>Diese Sorte eignet sich hervorragend f\u00fcr fast jedes Klima. Da sie extrem gut im Freien w\u00e4chst, werden auch ihre Ertr\u00e4ge entsprechend hoch sein! Vision Cookies ist die perfekte Wahl f\u00fcr alle, die eine weniger intensive, aber immer noch sehr potente Lady suchen, die ein fruchtiges Aroma hat und Ernten ab 800 Gramm pro Pflanze produzieren kann. Ideal f\u00fcr den totalen Stressabbau, werden diese Cannabis-Cookies eine erhebende Euphorie liefern, die Sie angenehm verbl\u00fcffen wird! Genie\u00dfen Sie den Geschmack von Melone, Pfirsich und Beeren in dieser erstaunlichen Sorte.<\/p>","protected":false},"excerpt":{"rendered":"<p>Vision Cookies ist ein fruchtiger, nach Beeren schmeckender Hybrid, der schnell w\u00e4chst und gro\u00dfe Ertr\u00e4ge liefert. Sie produziert kein sehr starkes Aroma, kann aber dennoch bis zu 800 g pro Pflanze liefern, wenn die Bedingungen perfekt sind! Die richtige Wahl f\u00fcr alle, die auf der Suche nach einer sehr potenten, aber nicht wahnsinnig starken Cannabissorte sind, die nach S\u00fc\u00dfigkeiten und Beeren riecht. Seien Sie sich bewusst, wie sie immer noch in einem soliden 20% THC Marke treten kann, so ist es definitiv Ihre Zeit wert!<\/p>","protected":false},"featured_media":37570,"template":"","meta":[],"product_brand":[],"product_cat":[950,297,467,470,465,629],"product_tag":[],"class_list":{"0":"post-37553","1":"product","2":"type-product","3":"status-publish","4":"has-post-thumbnail","6":"product_cat-vision-seeds","7":"product_cat-all-products","8":"product_cat-feminized-seeds","9":"product_cat-high-thc-seeds","10":"product_cat-seedshop","11":"product_cat-seedshop-top-10","12":"product_shipping_class-creditcard-on","14":"first","15":"instock","16":"taxable","17":"shipping-taxable","18":"purchasable","19":"product-type-variable","20":"has-default-attributes"},"_links":{"self":[{"href":"https:\/\/www.headshop.nl\/de\/wp-json\/wp\/v2\/product\/37553","targetHints":{"allow":["GET"]}}],"collection":[{"href":"https:\/\/www.headshop.nl\/de\/wp-json\/wp\/v2\/product"}],"about":[{"href":"https:\/\/www.headshop.nl\/de\/wp-json\/wp\/v2\/types\/product"}],"wp:featuredmedia":[{"embeddable":true,"href":"https:\/\/www.headshop.nl\/de\/wp-json\/wp\/v2\/media\/37570"}],"wp:attachment":[{"href":"https:\/\/www.headshop.nl\/de\/wp-json\/wp\/v2\/media?parent=37553"}],"wp:term":[{"taxonomy":"product_brand","embeddable":true,"href":"https:\/\/www.headshop.nl\/de\/wp-json\/wp\/v2\/product_brand?post=37553"},{"taxonomy":"product_cat","embeddable":true,"href":"https:\/\/www.headshop.nl\/de\/wp-json\/wp\/v2\/product_cat?post=37553"},{"taxonomy":"product_tag","embeddable":true,"href":"https:\/\/www.headshop.nl\/de\/wp-json\/wp\/v2\/product_tag?post=37553"}],"curies":[{"name":"wp","href":"https:\/\/api.w.org\/{rel}","templated":true}]}}