{"id":37536,"date":"2025-01-31T07:41:02","date_gmt":"2025-01-31T07:41:02","guid":{"rendered":"https:\/\/www.headshop.nl\/?post_type=product&#038;p=37536"},"modified":"2025-05-23T09:02:24","modified_gmt":"2025-05-23T09:02:24","slug":"tom-kush-og","status":"publish","type":"product","link":"https:\/\/www.headshop.nl\/de\/tom-kush-og\/","title":{"rendered":"Tom Kush OG - Vision Saatgut"},"content":{"rendered":"<h2><span data-sheets-value=\"{&quot;1&quot;:2,&quot;2&quot;:&quot;Tom Kush OG&quot;}\" data-sheets-userformat=\"{&quot;2&quot;:6723,&quot;3&quot;:{&quot;1&quot;:0},&quot;4&quot;:{&quot;1&quot;:2,&quot;2&quot;:15120559},&quot;9&quot;:0,&quot;12&quot;:0,&quot;14&quot;:{&quot;1&quot;:2,&quot;2&quot;:0},&quot;15&quot;:&quot;Arial&quot;}\">Tom Kush OG<\/span> Cannabis-Samen von Vision Seeds<\/h2>\n<p>Es gibt nur eine Tom Kush OG und das ist sie! Erwarte eine energiegeladene Mischung aus Sativa- und Indica-Genetik, die einen angenehmen Rausch ohne zu \u00fcberw\u00e4ltigende psychoaktive Effekte bietet. Wie Du Dir denken kannst, ist dieser b\u00f6se Junge sehr potent und kickt h\u00e4rter als die meisten anderen Sorten auf dem Markt.<\/p>\n<p>Es gibt nichts Besseres, um Dich f\u00fcr den Tag in gute Laune zu versetzen als diese Sorte! Die von Vision Seeds gez\u00fcchtete Cannabis-Sorte Tom Kush OG ist eine erstaunlich spa\u00dfige und energiegeladene Sorte, mit der sich Ihre Kunden gro\u00dfartig f\u00fchlen werden. Egal, ob es um die Behandlung von Stress oder \u00c4ngsten geht oder darum, ohne Sorgen herumzuschlendern, diese Knospen sind sicher, alles zu bieten, wonach Deine Kunden suchen - eine wunderbare Rauchsession den ganzen Weg hindurch.<\/p>\n<p>Dieses bezaubernde Kush ist das perfekte Mittel gegen intensive Angstzust\u00e4nde.<\/p>\n<p>Dein Tag wird sich so viel besser anf\u00fchlen, nachdem du etwas Zeit mit diesem Juwel verbracht hast! Dieses kraftvolle Gras kombiniert die kiefernartigen, zitrusartigen Aromen von OG Kush mit einer Mischung aus erdigem Holz und als zus\u00e4tzlichen Bonus wird sie Dich nicht mit einem nebligen Kopf zur\u00fccklassen. Oh nein! Sie wird den Stress von Deinen m\u00fcden Schultern sch\u00fctteln und Dir die gl\u00fccklichen Vibes geben, die wir alle manchmal brauchen. Eine gro\u00dfartige und kraftvolle Pflanze!<\/p>","protected":false},"excerpt":{"rendered":"<p>Wenn Sie auf der Suche nach einer echten OG Kush aus Nordamerika waren, kommt Tom Kush zur Rettung. Diese OG Kush steht bei 22% THC und kann sich mit einigen der dichtesten, harzigsten Knospen auf dem Markt messen! Das Aroma von saurer Zitrone und erdiger Kiefer macht sie zu einem echten Genuss. Es ist ein Biest von einer Pflanze, die jeder liebt zu wachsen!<\/p>","protected":false},"featured_media":37568,"template":"","meta":[],"product_brand":[],"product_cat":[950,297,467,470,465,468],"product_tag":[],"class_list":{"0":"post-37536","1":"product","2":"type-product","3":"status-publish","4":"has-post-thumbnail","6":"product_cat-vision-seeds","7":"product_cat-all-products","8":"product_cat-feminized-seeds","9":"product_cat-high-thc-seeds","10":"product_cat-seedshop","11":"product_cat-usa-seeds","12":"product_shipping_class-creditcard-on","14":"first","15":"instock","16":"taxable","17":"shipping-taxable","18":"purchasable","19":"product-type-variable","20":"has-default-attributes"},"_links":{"self":[{"href":"https:\/\/www.headshop.nl\/de\/wp-json\/wp\/v2\/product\/37536","targetHints":{"allow":["GET"]}}],"collection":[{"href":"https:\/\/www.headshop.nl\/de\/wp-json\/wp\/v2\/product"}],"about":[{"href":"https:\/\/www.headshop.nl\/de\/wp-json\/wp\/v2\/types\/product"}],"wp:featuredmedia":[{"embeddable":true,"href":"https:\/\/www.headshop.nl\/de\/wp-json\/wp\/v2\/media\/37568"}],"wp:attachment":[{"href":"https:\/\/www.headshop.nl\/de\/wp-json\/wp\/v2\/media?parent=37536"}],"wp:term":[{"taxonomy":"product_brand","embeddable":true,"href":"https:\/\/www.headshop.nl\/de\/wp-json\/wp\/v2\/product_brand?post=37536"},{"taxonomy":"product_cat","embeddable":true,"href":"https:\/\/www.headshop.nl\/de\/wp-json\/wp\/v2\/product_cat?post=37536"},{"taxonomy":"product_tag","embeddable":true,"href":"https:\/\/www.headshop.nl\/de\/wp-json\/wp\/v2\/product_tag?post=37536"}],"curies":[{"name":"wp","href":"https:\/\/api.w.org\/{rel}","templated":true}]}}