{"id":37530,"date":"2025-01-30T07:40:55","date_gmt":"2025-01-30T07:40:55","guid":{"rendered":"https:\/\/www.headshop.nl\/?post_type=product&#038;p=37530"},"modified":"2025-05-23T09:08:15","modified_gmt":"2025-05-23T09:08:15","slug":"supreme-lemon","status":"publish","type":"product","link":"https:\/\/www.headshop.nl\/de\/supreme-lemon\/","title":{"rendered":"Supreme Lemon - Vision Saatgut"},"content":{"rendered":"<h2><span data-sheets-value=\"{&quot;1&quot;:2,&quot;2&quot;:&quot;Supreme Lemon&quot;}\" data-sheets-userformat=\"{&quot;2&quot;:6723,&quot;3&quot;:{&quot;1&quot;:0},&quot;4&quot;:{&quot;1&quot;:2,&quot;2&quot;:16573901},&quot;9&quot;:0,&quot;12&quot;:0,&quot;14&quot;:{&quot;1&quot;:2,&quot;2&quot;:0},&quot;15&quot;:&quot;Arial&quot;}\">Supreme Lemon<\/span> Cannabis-Samen von Vision Seeds<\/h2>\n<p>Supreme Lemon ist ein rein Sativa-dominanter Hybrid, der auf der urspr\u00fcnglichen Kreativit\u00e4t von Vision Seeds basiert. Sie entstand aus der Kreuzung von Haze (beliebt f\u00fcr ihren sanften Rausch) und einer der weltweit beliebtesten modernen Sorten, Lemon Skunk. Mit ihrem hohen THC-Gehalt und dem neutralen Cannabis-Geschmack eignet sich diese Lady gut f\u00fcr den energiegeladenen Tagesgebrauch; ein erfahrener Nutzer wird sie als kreativ und kommunikativ empfinden - mit einer starken sozialisierenden Wirkung!<\/p>\n<p>Diese Marihuana-Sorte ist ein Hybrid aus zwei Cannabis-Legenden. Der Geruch und Geschmack ist frisch, zitrusartig, mit einem krautigen Aroma, das an Zitronenverbene oder Zitronenbasilikum erinnert.<\/p>\n<p>Sie hat eine ernstzunehmende genetische Veranlagung - Eltern Silver Haze und Lemon Skunk, wer will schon eine extrem potente Sorte in seinem Sortiment haben?<\/p>\n<p>Jeder spricht dar\u00fcber, wie frisch ihr Geschmack ist. Sie gibt Dir diesen gro\u00dfen zitronigen Knall, w\u00e4hrend sie ihre Sativa-Dominanz mit einem Goldmedaillen-Z\u00fcchter-Stammbaum in Schach h\u00e4lt. Und wir haben noch gar nicht \u00fcber die Wirkung gesprochen: Kreativit\u00e4t und Energie in jedem Zug!<\/p>","protected":false},"excerpt":{"rendered":"<p>Hallo! Wir hoffen, Sie lieben es, neue Dinge zu entdecken und dieses Mal haben wir etwas Unglaubliches f\u00fcr Sie. Meet Supreme Lemon Cannabis Strain von Vision Seeds! Diese Dame ist eine Kreuzung zwischen Silver Haze und Lemon Skunk, also perfekt f\u00fcr Leute, die diese Sorten bereits m\u00f6gen. Aber es kommt noch besser: Supreme hat einen beeindruckenden THC-Gehalt und die beste Sativa-Genetik, die den ganzen Tag lang f\u00fcr kreative und anregende Effekte sorgt. M\u00fcssen wir noch mehr hinzuf\u00fcgen?<\/p>","protected":false},"featured_media":37268,"template":"","meta":[],"product_brand":[],"product_cat":[950,297,467,470,465],"product_tag":[],"class_list":{"0":"post-37530","1":"product","2":"type-product","3":"status-publish","4":"has-post-thumbnail","6":"product_cat-vision-seeds","7":"product_cat-all-products","8":"product_cat-feminized-seeds","9":"product_cat-high-thc-seeds","10":"product_cat-seedshop","11":"product_shipping_class-creditcard-on","13":"first","14":"instock","15":"taxable","16":"shipping-taxable","17":"purchasable","18":"product-type-variable","19":"has-default-attributes"},"_links":{"self":[{"href":"https:\/\/www.headshop.nl\/de\/wp-json\/wp\/v2\/product\/37530","targetHints":{"allow":["GET"]}}],"collection":[{"href":"https:\/\/www.headshop.nl\/de\/wp-json\/wp\/v2\/product"}],"about":[{"href":"https:\/\/www.headshop.nl\/de\/wp-json\/wp\/v2\/types\/product"}],"wp:featuredmedia":[{"embeddable":true,"href":"https:\/\/www.headshop.nl\/de\/wp-json\/wp\/v2\/media\/37268"}],"wp:attachment":[{"href":"https:\/\/www.headshop.nl\/de\/wp-json\/wp\/v2\/media?parent=37530"}],"wp:term":[{"taxonomy":"product_brand","embeddable":true,"href":"https:\/\/www.headshop.nl\/de\/wp-json\/wp\/v2\/product_brand?post=37530"},{"taxonomy":"product_cat","embeddable":true,"href":"https:\/\/www.headshop.nl\/de\/wp-json\/wp\/v2\/product_cat?post=37530"},{"taxonomy":"product_tag","embeddable":true,"href":"https:\/\/www.headshop.nl\/de\/wp-json\/wp\/v2\/product_tag?post=37530"}],"curies":[{"name":"wp","href":"https:\/\/api.w.org\/{rel}","templated":true}]}}