{"id":37518,"date":"2025-01-30T07:40:38","date_gmt":"2025-01-30T07:40:38","guid":{"rendered":"https:\/\/www.headshop.nl\/?post_type=product&#038;p=37518"},"modified":"2025-05-23T09:08:37","modified_gmt":"2025-05-23T09:08:37","slug":"russian-snow","status":"publish","type":"product","link":"https:\/\/www.headshop.nl\/de\/russian-snow\/","title":{"rendered":"Russian Snow - Vision Saatgut"},"content":{"rendered":"<h2><span data-sheets-value=\"{&quot;1&quot;:2,&quot;2&quot;:&quot;Russian Snow&quot;}\" data-sheets-userformat=\"{&quot;2&quot;:6723,&quot;3&quot;:{&quot;1&quot;:0},&quot;4&quot;:{&quot;1&quot;:2,&quot;2&quot;:13689059},&quot;9&quot;:0,&quot;12&quot;:0,&quot;14&quot;:{&quot;1&quot;:2,&quot;2&quot;:0},&quot;15&quot;:&quot;Arial&quot;}\">Russian Snow<\/span> Cannabis-Samen von Vision Seeds<\/h2>\n<p>Vision Seeds Russian Snow hat ihren einzigartigen Namen von nichts anderem als der schneewei\u00dfen, frostigen Trichomenzahl, die selbst den erfahrensten Cannabisz\u00fcchter verbl\u00fcffen wird! Wer h\u00e4tte gedacht, dass die Kreuzung von AK-49 und White Widow solch angenehme und kraftvolle Indica-Ergebnisse bringen w\u00fcrde...<\/p>\n<p>Mit mehr Schie\u00dfpulver als n\u00f6tig, w\u00e4chst diese Schneek\u00f6nigin zu einer durchschnittlichen H\u00f6he mit einer straffen Statur heran und gl\u00e4nzt dann mit sehr harzigen Bl\u00fctenspitzen. Erwarten Sie, dass sp\u00fcrbare AK-49 und White Widow Aroma mit s\u00fc\u00dfen Noten gef\u00fcllt. Wenn es darum geht, sie anzuz\u00fcnden, ist das High, das sie mit einem starken und dauerhaften Rausch liefert, nicht von dieser Welt!<\/p>\n<p>Entwickelt in Russland, durch Kreuzung von AK-97 und White Widow. Wispy wei\u00dfen Trichomen machen diese eine Schneek\u00f6nigin Traum wahr werden. AK-97 ist kraftvoll und m\u00e4chtig allein, w\u00e4hrend die White Widow schmeckt s\u00fc\u00df mit ihrem Hauch von tropischen Fr\u00fcchten. Diese K\u00f6nigin wird eine durchschnittliche H\u00f6he erreichen, w\u00e4hrend sie dicke Knospen bildet, die nur f\u00fcr den Innen- oder Gew\u00e4chshausgebrauch empfohlen werden, um sie wie eine K\u00f6nigin zu genie\u00dfen!<\/p>","protected":false},"excerpt":{"rendered":"<p>Die AK-49 und White Widow vereinen sich zu dieser erstaunlichen Russian Snow Cannabis-Sorte! Diese Schneek\u00f6nigin gl\u00e4nzt mit einem starken Harzgehalt und einer erstaunlichen Ernte. Sie ist die perfekte Mischung aus Potenz, Qualit\u00e4t, Ertrag und Geschmack. Erleichtern Sie Ihren Geist mit einer raumgreifenden Euphorie, die Sie nie entt\u00e4uschen wird. Jeder, der einen Zug von dieser Cannabis-Sorte nimmt, wird sich in einem traumhaften Rausch befinden, der jeden Stress bew\u00e4ltigen kann!<\/p>","protected":false},"featured_media":37262,"template":"","meta":[],"product_brand":[],"product_cat":[950,297,467,470,465],"product_tag":[],"class_list":{"0":"post-37518","1":"product","2":"type-product","3":"status-publish","4":"has-post-thumbnail","6":"product_cat-vision-seeds","7":"product_cat-all-products","8":"product_cat-feminized-seeds","9":"product_cat-high-thc-seeds","10":"product_cat-seedshop","11":"product_shipping_class-creditcard-on","13":"first","14":"instock","15":"taxable","16":"shipping-taxable","17":"purchasable","18":"product-type-variable","19":"has-default-attributes"},"_links":{"self":[{"href":"https:\/\/www.headshop.nl\/de\/wp-json\/wp\/v2\/product\/37518","targetHints":{"allow":["GET"]}}],"collection":[{"href":"https:\/\/www.headshop.nl\/de\/wp-json\/wp\/v2\/product"}],"about":[{"href":"https:\/\/www.headshop.nl\/de\/wp-json\/wp\/v2\/types\/product"}],"wp:featuredmedia":[{"embeddable":true,"href":"https:\/\/www.headshop.nl\/de\/wp-json\/wp\/v2\/media\/37262"}],"wp:attachment":[{"href":"https:\/\/www.headshop.nl\/de\/wp-json\/wp\/v2\/media?parent=37518"}],"wp:term":[{"taxonomy":"product_brand","embeddable":true,"href":"https:\/\/www.headshop.nl\/de\/wp-json\/wp\/v2\/product_brand?post=37518"},{"taxonomy":"product_cat","embeddable":true,"href":"https:\/\/www.headshop.nl\/de\/wp-json\/wp\/v2\/product_cat?post=37518"},{"taxonomy":"product_tag","embeddable":true,"href":"https:\/\/www.headshop.nl\/de\/wp-json\/wp\/v2\/product_tag?post=37518"}],"curies":[{"name":"wp","href":"https:\/\/api.w.org\/{rel}","templated":true}]}}