{"id":37509,"date":"2025-01-30T07:40:32","date_gmt":"2025-01-30T07:40:32","guid":{"rendered":"https:\/\/www.headshop.nl\/?post_type=product&#038;p=37509"},"modified":"2025-05-23T09:08:59","modified_gmt":"2025-05-23T09:08:59","slug":"northern-lights","status":"publish","type":"product","link":"https:\/\/www.headshop.nl\/de\/northern-lights\/","title":{"rendered":"Northern Lights - Vision Saatgut"},"content":{"rendered":"<h2><span data-sheets-value=\"{&quot;1&quot;:2,&quot;2&quot;:&quot;Northern Lights&quot;}\" data-sheets-userformat=\"{&quot;2&quot;:6723,&quot;3&quot;:{&quot;1&quot;:0},&quot;4&quot;:{&quot;1&quot;:2,&quot;2&quot;:15120559},&quot;9&quot;:0,&quot;12&quot;:0,&quot;14&quot;:{&quot;1&quot;:2,&quot;2&quot;:0},&quot;15&quot;:&quot;Arial&quot;}\">Northern Lights<\/span> Cannabis-Samen von Vision Seeds<\/h2>\n<p>Genie\u00dfen Sie das klassische Cannabisgef\u00fchl der alten Schule mit dieser Northern Lights Cannabissorte! Von den s\u00fc\u00df duftenden Bl\u00fcten bis hin zu den schweren, lethargischen k\u00f6rperlichen Effekten, die Sie genie\u00dfen werden, ist diese Indica ein Muss f\u00fcr Indoor- und Outdoor-Grower.<\/p>\n<p>\u00c4hnlich wie ihr s\u00fc\u00dfer Geschmack - den Du entweder lieben oder hassen wirst - r\u00fchmt sich Northern Lights mit einer Indica-Sorte, die Dich in jeder Hinsicht von den Socken haut - mit scharfen und s\u00fc\u00dfen Aromen, die sich durch die gesamte Transaktion ziehen! Diese schwere Indica-Sorte sorgt f\u00fcr eine \u00fcppige, fettige Harzproduktion; ganz zu schweigen davon, dass ihre sanfte THC-Potenz Ihren Appetit anregt wie keine andere Sorte. Neulinge sollten Vorsicht walten lassen, denn dieses Gras hat es in sich. Wir haben Dich gewarnt!<\/p>\n<p>Wer sagt, dass Indica-Sorten keinen Spa\u00df machen k\u00f6nnen? Benannt nach der Aurora Borealis, wird Dich diese frostige Sorte auf eine Reise tief in die wolkenverhangenen N\u00e4chte vergangener Tage mitnehmen. Ihre potente Genetik paart sich mit anderen herrlich verr\u00fcckten Sorten, die das Beste f\u00fcr die Geschmacksknospen sind. Alles dicht verpackt in dichten, mittelgro\u00dfen Knospen, die vor Geschmack nur so strotzen - ein unwiderstehliches Erlebnis! Du wirst eine intensive Welle der Entspannung erleben, die noch lange nach dem ersten High anh\u00e4lt.<\/p>","protected":false},"excerpt":{"rendered":"<p>Die Cannabis-Sorte Northern Lights ist eine der beliebtesten Sorten weltweit, und zwar aus zwei Hauptgr\u00fcnden: Sie ist einfach anzubauen und liefert einzigartige narkotische Effekte. Mit einer mittelgro\u00dfen Statur, kann diese Dame qualitativ hochwertige Marihuana Knospen in einem hohen Blume-zu-Blatt-Verh\u00e4ltnis f\u00fcr erfahrene Z\u00fcchter produzieren.<\/p>","protected":false},"featured_media":37258,"template":"","meta":[],"product_brand":[],"product_cat":[950,297,467,470,465],"product_tag":[],"class_list":{"0":"post-37509","1":"product","2":"type-product","3":"status-publish","4":"has-post-thumbnail","6":"product_cat-vision-seeds","7":"product_cat-all-products","8":"product_cat-feminized-seeds","9":"product_cat-high-thc-seeds","10":"product_cat-seedshop","11":"product_shipping_class-creditcard-on","13":"first","14":"instock","15":"taxable","16":"shipping-taxable","17":"purchasable","18":"product-type-variable","19":"has-default-attributes"},"_links":{"self":[{"href":"https:\/\/www.headshop.nl\/de\/wp-json\/wp\/v2\/product\/37509","targetHints":{"allow":["GET"]}}],"collection":[{"href":"https:\/\/www.headshop.nl\/de\/wp-json\/wp\/v2\/product"}],"about":[{"href":"https:\/\/www.headshop.nl\/de\/wp-json\/wp\/v2\/types\/product"}],"wp:featuredmedia":[{"embeddable":true,"href":"https:\/\/www.headshop.nl\/de\/wp-json\/wp\/v2\/media\/37258"}],"wp:attachment":[{"href":"https:\/\/www.headshop.nl\/de\/wp-json\/wp\/v2\/media?parent=37509"}],"wp:term":[{"taxonomy":"product_brand","embeddable":true,"href":"https:\/\/www.headshop.nl\/de\/wp-json\/wp\/v2\/product_brand?post=37509"},{"taxonomy":"product_cat","embeddable":true,"href":"https:\/\/www.headshop.nl\/de\/wp-json\/wp\/v2\/product_cat?post=37509"},{"taxonomy":"product_tag","embeddable":true,"href":"https:\/\/www.headshop.nl\/de\/wp-json\/wp\/v2\/product_tag?post=37509"}],"curies":[{"name":"wp","href":"https:\/\/api.w.org\/{rel}","templated":true}]}}