{"id":37433,"date":"2025-01-30T08:06:40","date_gmt":"2025-01-30T08:06:40","guid":{"rendered":"https:\/\/www.headshop.nl\/?post_type=product&#038;p=37433"},"modified":"2025-05-23T09:05:26","modified_gmt":"2025-05-23T09:05:26","slug":"nicole-x-og","status":"publish","type":"product","link":"https:\/\/www.headshop.nl\/de\/nicole-x-og\/","title":{"rendered":"Nicole x OG - Vision Saatgut"},"content":{"rendered":"<h2><span data-sheets-value=\"{&quot;1&quot;:2,&quot;2&quot;:&quot;Nicole x OG&quot;}\" data-sheets-userformat=\"{&quot;2&quot;:6723,&quot;3&quot;:{&quot;1&quot;:0},&quot;4&quot;:{&quot;1&quot;:2,&quot;2&quot;:13624051},&quot;9&quot;:0,&quot;12&quot;:0,&quot;14&quot;:{&quot;1&quot;:2,&quot;2&quot;:0},&quot;15&quot;:&quot;Arial&quot;}\">Nicole x OG<\/span> Cannabis-Samen von Vision Seeds<\/h2>\n<p>Nicole X OG von Vision Seeds ist eine unserer h\u00fcbschesten Pflanzen, die Dich mit der Gr\u00f6\u00dfe ihres Ertrags verbl\u00fcffen kann. Ihre THC-Werte sind unschlagbar, was sie in der Gemeinschaft der erfahrenen Cannabiskonsumenten noch beliebter macht.<\/p>\n<p>Der Geschmack dieser Dame ist nicht von dieser Welt. Du wirst ein eigenartiges Beerenaroma erleben, gemischt mit Zitrus- und erdigen T\u00f6nen, die Dich dazu bringen werden, nach mehr zu verlangen. Diese Indica-dominante Lady beginnt mit starken lethargischen Effekten, die Dich in einen kompletten Entspannungszustand versetzen, w\u00e4hrend sie Deine mentalen Stressoren wegflackern l\u00e4sst und Dich wieder in purer Freude zur\u00fcckl\u00e4sst.<\/p>\n<p>Diese schwere Indica ist eine OG Kush x Nicole-Sorte, die sich durch eine geringe Koh\u00e4sivit\u00e4t und ein leichtes Aroma auszeichnet. Der Geschmack von Beeren \u00fcberwiegt, gemischt mit Zitrusfr\u00fcchten und einem Hauch von Erdigkeit. Der Rausch f\u00e4ngt langsam an, steigert sich aber bis zu dem Punkt, an dem es keinen Zweifel mehr gibt, dass du ausgeknockt bist! Mit seiner Mischung aus berauschenden Highs sollte dies Ihr n\u00e4chster n\u00e4chtlicher Rauchgenuss sein!<\/p>","protected":false},"excerpt":{"rendered":"<p>Diese Indica-dominante Dame beginnt mit starken lethargischen Effekten zu kicken! Der Geschmack dieser erstaunlichen Dame ist, gelinde gesagt, \u00fcberw\u00e4ltigend... Erwarte ein eigenartiges Beerenaroma, gemischt mit starken Zitrusfr\u00fcchten und einem Hauch von holzig-erdigen Nachkl\u00e4ngen. Nicole x OG ist eine gro\u00dfartige Pflanze f\u00fcr jeden Kush-Liebhaber da drau\u00dfen!<\/p>","protected":false},"featured_media":37300,"template":"","meta":[],"product_brand":[],"product_cat":[950,297,467,470,465],"product_tag":[],"class_list":{"0":"post-37433","1":"product","2":"type-product","3":"status-publish","4":"has-post-thumbnail","6":"product_cat-vision-seeds","7":"product_cat-all-products","8":"product_cat-feminized-seeds","9":"product_cat-high-thc-seeds","10":"product_cat-seedshop","11":"product_shipping_class-creditcard-on","13":"first","14":"instock","15":"taxable","16":"shipping-taxable","17":"purchasable","18":"product-type-variable","19":"has-default-attributes"},"_links":{"self":[{"href":"https:\/\/www.headshop.nl\/de\/wp-json\/wp\/v2\/product\/37433","targetHints":{"allow":["GET"]}}],"collection":[{"href":"https:\/\/www.headshop.nl\/de\/wp-json\/wp\/v2\/product"}],"about":[{"href":"https:\/\/www.headshop.nl\/de\/wp-json\/wp\/v2\/types\/product"}],"wp:featuredmedia":[{"embeddable":true,"href":"https:\/\/www.headshop.nl\/de\/wp-json\/wp\/v2\/media\/37300"}],"wp:attachment":[{"href":"https:\/\/www.headshop.nl\/de\/wp-json\/wp\/v2\/media?parent=37433"}],"wp:term":[{"taxonomy":"product_brand","embeddable":true,"href":"https:\/\/www.headshop.nl\/de\/wp-json\/wp\/v2\/product_brand?post=37433"},{"taxonomy":"product_cat","embeddable":true,"href":"https:\/\/www.headshop.nl\/de\/wp-json\/wp\/v2\/product_cat?post=37433"},{"taxonomy":"product_tag","embeddable":true,"href":"https:\/\/www.headshop.nl\/de\/wp-json\/wp\/v2\/product_tag?post=37433"}],"curies":[{"name":"wp","href":"https:\/\/api.w.org\/{rel}","templated":true}]}}