{"id":37427,"date":"2025-01-30T08:06:37","date_gmt":"2025-01-30T08:06:37","guid":{"rendered":"https:\/\/www.headshop.nl\/?post_type=product&#038;p=37427"},"modified":"2025-05-23T09:05:58","modified_gmt":"2025-05-23T09:05:58","slug":"medical-49-cbd","status":"publish","type":"product","link":"https:\/\/www.headshop.nl\/de\/medical-49-cbd\/","title":{"rendered":"Medical 49 (CBD+) - Vision Saatgut"},"content":{"rendered":"<h2><span data-sheets-value=\"{&quot;1&quot;:2,&quot;2&quot;:&quot;Medical 49 (CBD+)&quot;}\" data-sheets-userformat=\"{&quot;2&quot;:6723,&quot;3&quot;:{&quot;1&quot;:0},&quot;4&quot;:{&quot;1&quot;:2,&quot;2&quot;:16043212},&quot;9&quot;:0,&quot;12&quot;:0,&quot;14&quot;:{&quot;1&quot;:2,&quot;2&quot;:0},&quot;15&quot;:&quot;Arial&quot;}\">Medical 49 (CBD+) <\/span>Cannabis-Samen von Vision Seeds<\/h2>\n<p>Medical 49 CBD+ wurde f\u00fcr Patienten entwickelt, die auf der Suche nach einer gro\u00dfartigen medizinischen Cannabissorte sind, die bei k\u00f6rperlichen und geistigen Beschwerden helfen kann. Sie hat einen niedrigen Gehalt an THC, aber einen hohen CBD-Gehalt, was sie perfekt f\u00fcr diejenigen macht, die Angstzust\u00e4nde oder Stress lindern wollen.<\/p>\n<p>Seit sie zum ersten Mal auf den Markt kam, ist diese Sorte ein Favorit f\u00fcr viele. Die Medical 49 CBD+ Cannabissorten neigen dazu, die Nerven zu beruhigen und helfen den Menschen, sich weniger \u00e4ngstlich oder gestresst zu f\u00fchlen; aber das ist nicht alles, was diese kleinen Sch\u00f6nheiten tun! Es gibt einige ziemlich coole medizinische Vorteile, die mit diesen Sorten verbunden sind - zum Beispiel bei \u00dcbelkeit!<\/p>\n<p>Wenn Sie auf der Suche nach Linderung von k\u00f6rperlichen Schmerzen (insbesondere Kopfschmerzen) sind, dann empfehlen wir Ihnen, einen Zug von ihr zu nehmen. Diese erstaunliche Pflanze wurde selektiv gez\u00fcchtet, um alles zu liefern, was<\/p>","protected":false},"excerpt":{"rendered":"<p>Vision Seeds Medical 49 CBD+ - eine der besten Cannabissorten f\u00fcr alle, die Angst und Stress abbauen wollen. Niedrige THC, hohe CBD. Gro\u00dfartig f\u00fcr Menschen, die Linderung von \u00dcbelkeit oder sogar Schmerzen brauchen. Wenn du denkst, dass Cannabis eine gro\u00dfe Unterst\u00fctzung f\u00fcr dich sein k\u00f6nnte, ist dies die Sorte, die du anbauen solltest. Der Name sagt schon alles, oder?<\/p>","protected":false},"featured_media":37254,"template":"","meta":[],"product_brand":[],"product_cat":[950,297,469,467,465],"product_tag":[],"class_list":{"0":"post-37427","1":"product","2":"type-product","3":"status-publish","4":"has-post-thumbnail","6":"product_cat-vision-seeds","7":"product_cat-all-products","8":"product_cat-cbd-seeds","9":"product_cat-feminized-seeds","10":"product_cat-seedshop","11":"product_shipping_class-creditcard-on","13":"first","14":"instock","15":"taxable","16":"shipping-taxable","17":"purchasable","18":"product-type-variable","19":"has-default-attributes"},"_links":{"self":[{"href":"https:\/\/www.headshop.nl\/de\/wp-json\/wp\/v2\/product\/37427","targetHints":{"allow":["GET"]}}],"collection":[{"href":"https:\/\/www.headshop.nl\/de\/wp-json\/wp\/v2\/product"}],"about":[{"href":"https:\/\/www.headshop.nl\/de\/wp-json\/wp\/v2\/types\/product"}],"wp:featuredmedia":[{"embeddable":true,"href":"https:\/\/www.headshop.nl\/de\/wp-json\/wp\/v2\/media\/37254"}],"wp:attachment":[{"href":"https:\/\/www.headshop.nl\/de\/wp-json\/wp\/v2\/media?parent=37427"}],"wp:term":[{"taxonomy":"product_brand","embeddable":true,"href":"https:\/\/www.headshop.nl\/de\/wp-json\/wp\/v2\/product_brand?post=37427"},{"taxonomy":"product_cat","embeddable":true,"href":"https:\/\/www.headshop.nl\/de\/wp-json\/wp\/v2\/product_cat?post=37427"},{"taxonomy":"product_tag","embeddable":true,"href":"https:\/\/www.headshop.nl\/de\/wp-json\/wp\/v2\/product_tag?post=37427"}],"curies":[{"name":"wp","href":"https:\/\/api.w.org\/{rel}","templated":true}]}}