{"id":37424,"date":"2025-01-30T08:06:36","date_gmt":"2025-01-30T08:06:36","guid":{"rendered":"https:\/\/www.headshop.nl\/?post_type=product&#038;p=37424"},"modified":"2025-05-23T09:06:05","modified_gmt":"2025-05-23T09:06:05","slug":"lambs-breath-x-ak-49","status":"publish","type":"product","link":"https:\/\/www.headshop.nl\/de\/lambs-breath-x-ak-49\/","title":{"rendered":"Lamb\u2019s Breath x AK-49 - Vision Seeds"},"content":{"rendered":"<h2>Lamb\u2019s Breath x AK-49 Cannabis-Samen von Vision Seeds<\/h2>\n<p>Mach Dich bereit, ein tiefes und faszinierendes High zu erleben, das mit W\u00fcrze und K\u00e4sigkeit gef\u00fcllt ist. Die Sorte Lamb\u2019s Breath x AK-49 ist unser Sativa-Champion der Wahl f\u00fcr diejenigen, die einen erstaunlichen Stimmungsaufheller mit starker Energie suchen.<\/p>\n<p>Da dieses M\u00e4dchen nur positive Eigenschaften hat, laden wir Sie ein, ihren subtilen w\u00fcrzigen Geschmack zu genie\u00dfen und all die gro\u00dfartigen Qualit\u00e4ten zu entdecken, die sie Ihrem Leben bieten kann! Freundliche gr\u00fcne Farbe Knospen kommen in orange Haare bedeckt; nicht zu vergessen, dass diese Dame hat etwas im Inneren, die die Erfahrung noch angenehmer machen wird: eine komplexe Mischung aus Cannabinoiden und Terpenen.<\/p>\n<p>Also z\u00f6gern Sie nicht - bestellen Sie Ihre Mistress jetzt!<\/p>","protected":false},"excerpt":{"rendered":"<p>Als Kreuzung von Vision Seeds Lamb's Breath und AK-49 Cannabis Strain ist diese Dame so lustig wie ein Wecker an einem Donnerstagmorgen. Kraftvoll mit einem ernsthaften Sativa-Einfluss, wird sie dich dazu bringen, dich in sie zu verlieben, wenn deine Stimmung sauer ist. Vivid Greens w\u00fcrde alle Schattierungen von Gr\u00fcn werden, wenn man sie zu lange anschaut, aufgrund der hohen THC-Werte in Kombination mit einem hohen Gehalt an anderen Cannabinoiden. Eine Cannabissorte, die man unbedingt ausprobieren muss!<\/p>","protected":false},"featured_media":37298,"template":"","meta":[],"product_brand":[],"product_cat":[950,297,467,470,465],"product_tag":[],"class_list":{"0":"post-37424","1":"product","2":"type-product","3":"status-publish","4":"has-post-thumbnail","6":"product_cat-vision-seeds","7":"product_cat-all-products","8":"product_cat-feminized-seeds","9":"product_cat-high-thc-seeds","10":"product_cat-seedshop","11":"product_shipping_class-creditcard-on","13":"first","14":"instock","15":"taxable","16":"shipping-taxable","17":"purchasable","18":"product-type-variable","19":"has-default-attributes"},"_links":{"self":[{"href":"https:\/\/www.headshop.nl\/de\/wp-json\/wp\/v2\/product\/37424","targetHints":{"allow":["GET"]}}],"collection":[{"href":"https:\/\/www.headshop.nl\/de\/wp-json\/wp\/v2\/product"}],"about":[{"href":"https:\/\/www.headshop.nl\/de\/wp-json\/wp\/v2\/types\/product"}],"wp:featuredmedia":[{"embeddable":true,"href":"https:\/\/www.headshop.nl\/de\/wp-json\/wp\/v2\/media\/37298"}],"wp:attachment":[{"href":"https:\/\/www.headshop.nl\/de\/wp-json\/wp\/v2\/media?parent=37424"}],"wp:term":[{"taxonomy":"product_brand","embeddable":true,"href":"https:\/\/www.headshop.nl\/de\/wp-json\/wp\/v2\/product_brand?post=37424"},{"taxonomy":"product_cat","embeddable":true,"href":"https:\/\/www.headshop.nl\/de\/wp-json\/wp\/v2\/product_cat?post=37424"},{"taxonomy":"product_tag","embeddable":true,"href":"https:\/\/www.headshop.nl\/de\/wp-json\/wp\/v2\/product_tag?post=37424"}],"curies":[{"name":"wp","href":"https:\/\/api.w.org\/{rel}","templated":true}]}}