{"id":37415,"date":"2025-01-30T08:06:30","date_gmt":"2025-01-30T08:06:30","guid":{"rendered":"https:\/\/www.headshop.nl\/?post_type=product&#038;p=37415"},"modified":"2025-05-23T09:06:32","modified_gmt":"2025-05-23T09:06:32","slug":"crystal-queen","status":"publish","type":"product","link":"https:\/\/www.headshop.nl\/de\/crystal-queen\/","title":{"rendered":"Crystal Queen - Vision Saatgut"},"content":{"rendered":"<h2><span data-sheets-value=\"{&quot;1&quot;:2,&quot;2&quot;:&quot;Crystal Queen&quot;}\" data-sheets-userformat=\"{&quot;2&quot;:6723,&quot;3&quot;:{&quot;1&quot;:0},&quot;4&quot;:{&quot;1&quot;:2,&quot;2&quot;:13228792},&quot;9&quot;:0,&quot;12&quot;:0,&quot;14&quot;:{&quot;1&quot;:2,&quot;2&quot;:0},&quot;15&quot;:&quot;Arial&quot;}\">Crystal Queen<\/span> Cannabis-Samen von Vision Seeds<\/h2>\n<p>Einfach dadurch, dass sie so sch\u00f6n ist, dass man sie sofort rauchen m\u00f6chte. Und dann liefert sie an allen Fronten: ihr Ertrag ist nicht zu klein oder zu gro\u00df f\u00fcr jede Situation, ihre Knospen tragen beeindruckende Mengen an THC, was bedeutet, dass diese K\u00f6nigin auch eine potente Wirkung auf Ihr System hat.<\/p>\n<p>Ihre terpenreiche, gemischte Geschmackspalette wird jedes Inhalieren so angenehm wie m\u00f6glich machen; verpassen Sie jetzt nicht diese kristallbedeckten Bl\u00fcten!<\/p>\n<p>Crystal Queen Hanfsamen sind fast so gut, wie selbst gekr\u00f6nt zu werden! Mit erstaunlicher Gr\u00f6\u00dfe, Qualit\u00e4t, Dichte, Potenz und Wachstumserfahrung werden Sie von ihr so begeistert sein, dass Sie vielleicht sogar selbst ein Diadem tragen m\u00f6chten.<\/p>","protected":false},"excerpt":{"rendered":"<p>Crystal Queen Hanfsamen von Vision Seeds sind die perfekte Kombination aus erstaunlich, glatt, und chill. Als eine Elite-Cannabis-Sorte mit einer satten 20% THC Potenz, ist Crystal Queen pure Gl\u00fcckseligkeit - die nat\u00fcrliche Anziehungskraft der Freude des Z\u00fcchters! Sie hebt sowohl Aussehen als auch Geschmack auf ein ganz neues Niveau!<\/p>","protected":false},"featured_media":37326,"template":"","meta":[],"product_brand":[],"product_cat":[950,297,467,470,465],"product_tag":[],"class_list":{"0":"post-37415","1":"product","2":"type-product","3":"status-publish","4":"has-post-thumbnail","6":"product_cat-vision-seeds","7":"product_cat-all-products","8":"product_cat-feminized-seeds","9":"product_cat-high-thc-seeds","10":"product_cat-seedshop","11":"product_shipping_class-creditcard-on","13":"first","14":"instock","15":"taxable","16":"shipping-taxable","17":"purchasable","18":"product-type-variable","19":"has-default-attributes"},"_links":{"self":[{"href":"https:\/\/www.headshop.nl\/de\/wp-json\/wp\/v2\/product\/37415","targetHints":{"allow":["GET"]}}],"collection":[{"href":"https:\/\/www.headshop.nl\/de\/wp-json\/wp\/v2\/product"}],"about":[{"href":"https:\/\/www.headshop.nl\/de\/wp-json\/wp\/v2\/types\/product"}],"wp:featuredmedia":[{"embeddable":true,"href":"https:\/\/www.headshop.nl\/de\/wp-json\/wp\/v2\/media\/37326"}],"wp:attachment":[{"href":"https:\/\/www.headshop.nl\/de\/wp-json\/wp\/v2\/media?parent=37415"}],"wp:term":[{"taxonomy":"product_brand","embeddable":true,"href":"https:\/\/www.headshop.nl\/de\/wp-json\/wp\/v2\/product_brand?post=37415"},{"taxonomy":"product_cat","embeddable":true,"href":"https:\/\/www.headshop.nl\/de\/wp-json\/wp\/v2\/product_cat?post=37415"},{"taxonomy":"product_tag","embeddable":true,"href":"https:\/\/www.headshop.nl\/de\/wp-json\/wp\/v2\/product_tag?post=37415"}],"curies":[{"name":"wp","href":"https:\/\/api.w.org\/{rel}","templated":true}]}}