{"id":37412,"date":"2025-01-30T08:06:27","date_gmt":"2025-01-30T08:06:27","guid":{"rendered":"https:\/\/www.headshop.nl\/?post_type=product&#038;p=37412"},"modified":"2025-05-23T09:07:12","modified_gmt":"2025-05-23T09:07:12","slug":"critical-impact","status":"publish","type":"product","link":"https:\/\/www.headshop.nl\/de\/critical-impact\/","title":{"rendered":"Critical Impact - Vision Saatgut"},"content":{"rendered":"<h2>Critical Impact Cannabis-Samen von Vision Seeds<\/h2>\n<p>Nichts wird Dich zu einem besseren, erfolgreicheren Cannabisz\u00fcchter machen als der Umgang mit einer Critical Impact. Wie jeder gute Skunk\/Kush-Hybrid ist sie die richtige Pflanze f\u00fcr diejenigen, die ihre Ernte maximieren und einige der besten Rauchqualit\u00e4ten auf diesem Planeten genie\u00dfen wollen. Du wirst von ihren \u00fcppigen Ertr\u00e4gen begeistert sein, da sie eine unglaubliche Wachstumsrate hat, die mit dem Beginn der Bl\u00fctezeit nur noch st\u00e4rker wird - und das alles auf nat\u00fcrliche Weise!<\/p>\n<p>Stellen Sie sicher, dass Ihre Anbauanlage mit diesem b\u00f6sen M\u00e4dchen umgehen kann, denn sie ist scharf und stinkt wie keine andere! Die perfekte Wahl f\u00fcr erfahrene Z\u00fcchter oder diejenigen, die \"gro\u00df werden oder nach Hause gehen\" wollen!<\/p>","protected":false},"excerpt":{"rendered":"<p>Diese Critical Impact Cannabissamen sind ein Muss f\u00fcr alle, die gro\u00dfe Ernten von hochwertigem Gras lieben. Mit 600 Gramm oder mehr pro Quadratmeter im Innenbereich, ist dies eine der schnellsten und am besten produzierenden Sorten auf dem Markt - sowohl im Innen- als auch im Au\u00dfenbereich! Sie riecht auch gro\u00dfartig, also stellen Sie sicher, dass Sie sie lieben und Sie werden sehr belohnt werden!<\/p>","protected":false},"featured_media":37324,"template":"","meta":[],"product_brand":[],"product_cat":[950,297,467,465],"product_tag":[],"class_list":{"0":"post-37412","1":"product","2":"type-product","3":"status-publish","4":"has-post-thumbnail","6":"product_cat-vision-seeds","7":"product_cat-all-products","8":"product_cat-feminized-seeds","9":"product_cat-seedshop","10":"product_shipping_class-creditcard-on","12":"first","13":"instock","14":"taxable","15":"shipping-taxable","16":"purchasable","17":"product-type-variable","18":"has-default-attributes"},"_links":{"self":[{"href":"https:\/\/www.headshop.nl\/de\/wp-json\/wp\/v2\/product\/37412","targetHints":{"allow":["GET"]}}],"collection":[{"href":"https:\/\/www.headshop.nl\/de\/wp-json\/wp\/v2\/product"}],"about":[{"href":"https:\/\/www.headshop.nl\/de\/wp-json\/wp\/v2\/types\/product"}],"wp:featuredmedia":[{"embeddable":true,"href":"https:\/\/www.headshop.nl\/de\/wp-json\/wp\/v2\/media\/37324"}],"wp:attachment":[{"href":"https:\/\/www.headshop.nl\/de\/wp-json\/wp\/v2\/media?parent=37412"}],"wp:term":[{"taxonomy":"product_brand","embeddable":true,"href":"https:\/\/www.headshop.nl\/de\/wp-json\/wp\/v2\/product_brand?post=37412"},{"taxonomy":"product_cat","embeddable":true,"href":"https:\/\/www.headshop.nl\/de\/wp-json\/wp\/v2\/product_cat?post=37412"},{"taxonomy":"product_tag","embeddable":true,"href":"https:\/\/www.headshop.nl\/de\/wp-json\/wp\/v2\/product_tag?post=37412"}],"curies":[{"name":"wp","href":"https:\/\/api.w.org\/{rel}","templated":true}]}}