{"id":37395,"date":"2025-01-30T08:06:07","date_gmt":"2025-01-30T08:06:07","guid":{"rendered":"https:\/\/www.headshop.nl\/?post_type=product&#038;p=37395"},"modified":"2025-05-23T09:07:45","modified_gmt":"2025-05-23T09:07:45","slug":"blue-power","status":"publish","type":"product","link":"https:\/\/www.headshop.nl\/de\/blue-power\/","title":{"rendered":"Blue Power - Vision Saatgut"},"content":{"rendered":"<h2>Blue Power Cannabis-Samen von Vision Seeds<\/h2>\n<p>Blue Power Cannabis-Samen sind perfekt f\u00fcr alle Ihre s\u00fc\u00dfen, fruchtigen Bed\u00fcrfnisse. Durch die Kreuzung von Blueberry mit White Widow und Skunk erzeugen diese Samen ein starkes, nach Zuckerwatte duftendes Kraut. Diese geilen kleinen Jungs werden Dich fragen lassen, warum Du Dich noch nie mit Power-Sorten besch\u00e4ftigt hast!<\/p>\n<p>Holen Sie sich ein paar Cannabis-Samen von Vision Seeds Blue Power und machen Sie sich bereit, sich von dem umwerfend sch\u00f6nen, endlosen Geschmack \u00fcberraschen zu lassen, der mit einem Knall von CBD abgerundet wird.<\/p>\n<p>Bonbonfarbene Knospen, sternf\u00f6rmiges Bonbon-High! Das ist es, was Du bekommst, wenn Du Skunk, White Widow und Blueberry f\u00fcr diese unglaubliche Sorte kreuzt, die Dir geben wird, was Du jederzeit brauchst - Energie, Euphorie und Gl\u00fcck, verpackt in einen erstaunlichen Duft von Beeren. Alle Naschkatzen m\u00fcssen dieses Baby unbedingt ausprobieren!<\/p>","protected":false},"excerpt":{"rendered":"<p>Blue Power Cannabis ist ein Muss f\u00fcr Ihren Garten! Nachdem Sie diese starke Sorte gerochen haben, werden Sie wissen, warum. Weich und fruchtig mit einem ausgepr\u00e4gten Beerenaroma, ist Blue Power eine der begehrtesten Cannabisbl\u00fcten in der Kollektion von Vision Seeds. Erstaunlich und lecker K\u00f6nigin, die eine erstaunliche Raucherfahrung bringt!<\/p>","protected":false},"featured_media":37314,"template":"","meta":[],"product_brand":[],"product_cat":[950,297,467,465],"product_tag":[],"class_list":{"0":"post-37395","1":"product","2":"type-product","3":"status-publish","4":"has-post-thumbnail","6":"product_cat-vision-seeds","7":"product_cat-all-products","8":"product_cat-feminized-seeds","9":"product_cat-seedshop","10":"product_shipping_class-creditcard-on","12":"first","13":"instock","14":"taxable","15":"shipping-taxable","16":"purchasable","17":"product-type-variable","18":"has-default-attributes"},"_links":{"self":[{"href":"https:\/\/www.headshop.nl\/de\/wp-json\/wp\/v2\/product\/37395","targetHints":{"allow":["GET"]}}],"collection":[{"href":"https:\/\/www.headshop.nl\/de\/wp-json\/wp\/v2\/product"}],"about":[{"href":"https:\/\/www.headshop.nl\/de\/wp-json\/wp\/v2\/types\/product"}],"wp:featuredmedia":[{"embeddable":true,"href":"https:\/\/www.headshop.nl\/de\/wp-json\/wp\/v2\/media\/37314"}],"wp:attachment":[{"href":"https:\/\/www.headshop.nl\/de\/wp-json\/wp\/v2\/media?parent=37395"}],"wp:term":[{"taxonomy":"product_brand","embeddable":true,"href":"https:\/\/www.headshop.nl\/de\/wp-json\/wp\/v2\/product_brand?post=37395"},{"taxonomy":"product_cat","embeddable":true,"href":"https:\/\/www.headshop.nl\/de\/wp-json\/wp\/v2\/product_cat?post=37395"},{"taxonomy":"product_tag","embeddable":true,"href":"https:\/\/www.headshop.nl\/de\/wp-json\/wp\/v2\/product_tag?post=37395"}],"curies":[{"name":"wp","href":"https:\/\/api.w.org\/{rel}","templated":true}]}}