{"id":37389,"date":"2025-01-30T08:06:00","date_gmt":"2025-01-30T08:06:00","guid":{"rendered":"https:\/\/www.headshop.nl\/?post_type=product&#038;p=37389"},"modified":"2025-05-23T09:07:58","modified_gmt":"2025-05-23T09:07:58","slug":"amnesia-x-buddha-kush","status":"publish","type":"product","link":"https:\/\/www.headshop.nl\/de\/amnesia-x-buddha-kush\/","title":{"rendered":"Amnesia x Buddha Kush - Vision Saatgut"},"content":{"rendered":"<h2><span data-sheets-value=\"{&quot;1&quot;:2,&quot;2&quot;:&quot;Amnesia x Buddha Kush&quot;}\" data-sheets-userformat=\"{&quot;2&quot;:6723,&quot;3&quot;:{&quot;1&quot;:0},&quot;4&quot;:{&quot;1&quot;:2,&quot;2&quot;:15389148},&quot;9&quot;:0,&quot;12&quot;:0,&quot;14&quot;:{&quot;1&quot;:2,&quot;2&quot;:0},&quot;15&quot;:&quot;Arial&quot;}\">Amnesia x Buddha Kush<\/span> Cannabis-Samen von Vision Seeds<\/h2>\n<p>Diese Hanfsamen sind die perfekte Wahl f\u00fcr Liebhaber des zerebralen Rausches, die einen starken Kick suchen. Wenn man sie richtig behandelt, kann man riesige und dicht gepackte Knospen erwarten, die mit Harz bedeckt sind und eine gl\u00e4nzende Farbe haben. Diese Dame ist \u00fcberhaupt nicht sch\u00fcchtern, also ist sie potent mit gro\u00dfen Dosen von THC, die Sie auf eine Flucht aus der Realit\u00e4t schicken werden. Lass dich von ihrer Sativa-Dominanz nicht abschrecken! Diese kleinen Pflanzen-Ladys k\u00f6nnen gro\u00df werden, wenn man ihnen Zeit zum Reifen gibt. Erwarte erdige Aromen, die Deine Geschmacksknospen befriedigen und noch einige Zeit nach der Verkostung nachklingen werden.<\/p>\n<p>Sie bietet nicht nur eine beachtliche Potenz, sondern auch riesige und dicht gepackte Knospen, die mit gl\u00e4nzenden Harzdr\u00fcsen bedeckt sind und erdige und zitrusartige Aromen hinterlassen, die es wert sind, genossen zu werden und f\u00fcr einige Zeit auf Ihren Geschmacksknospen zu verweilen.<\/p>\n<p>Ihre kr\u00e4ftige Sativa-Genetik macht sie anf\u00e4llig daf\u00fcr, gro\u00df zu werden, so dass es am besten w\u00e4re, sie drinnen zu lassen, bis sie voll aufgebl\u00fcht ist... Eine gro\u00dfartige Kreuzung zum Ausprobieren, wenn Sie auf der Suche nach weiteren einzigartigen Pflanzen sind!<\/p>","protected":false},"excerpt":{"rendered":"<p>Diese Cannabis-Pflanze ist die perfekte Wahl f\u00fcr Liebhaber des zerebralen Rausches, die nach einem starken Kracher suchen. Wie wir alle wissen, liebt es dieses M\u00e4dchen, einen Schlag zu landen und kann ziemlich stark sein, wenn sie richtig behandelt wird. Das Beeindruckendste an ihr ist, dass sie sich bei richtiger Pflege in einen erstaunlichen Stimmungsaufheller mit hohen THC-Werten verwandeln wird. Eine sehr sch\u00f6ne Zucht, die von vielen geliebt werden wird!<\/p>","protected":false},"featured_media":37290,"template":"","meta":[],"product_brand":[],"product_cat":[950,297,467,465],"product_tag":[],"class_list":{"0":"post-37389","1":"product","2":"type-product","3":"status-publish","4":"has-post-thumbnail","6":"product_cat-vision-seeds","7":"product_cat-all-products","8":"product_cat-feminized-seeds","9":"product_cat-seedshop","10":"product_shipping_class-creditcard-on","12":"first","13":"instock","14":"taxable","15":"shipping-taxable","16":"purchasable","17":"product-type-variable","18":"has-default-attributes"},"_links":{"self":[{"href":"https:\/\/www.headshop.nl\/de\/wp-json\/wp\/v2\/product\/37389","targetHints":{"allow":["GET"]}}],"collection":[{"href":"https:\/\/www.headshop.nl\/de\/wp-json\/wp\/v2\/product"}],"about":[{"href":"https:\/\/www.headshop.nl\/de\/wp-json\/wp\/v2\/types\/product"}],"wp:featuredmedia":[{"embeddable":true,"href":"https:\/\/www.headshop.nl\/de\/wp-json\/wp\/v2\/media\/37290"}],"wp:attachment":[{"href":"https:\/\/www.headshop.nl\/de\/wp-json\/wp\/v2\/media?parent=37389"}],"wp:term":[{"taxonomy":"product_brand","embeddable":true,"href":"https:\/\/www.headshop.nl\/de\/wp-json\/wp\/v2\/product_brand?post=37389"},{"taxonomy":"product_cat","embeddable":true,"href":"https:\/\/www.headshop.nl\/de\/wp-json\/wp\/v2\/product_cat?post=37389"},{"taxonomy":"product_tag","embeddable":true,"href":"https:\/\/www.headshop.nl\/de\/wp-json\/wp\/v2\/product_tag?post=37389"}],"curies":[{"name":"wp","href":"https:\/\/api.w.org\/{rel}","templated":true}]}}