{"id":37386,"date":"2025-01-30T08:05:58","date_gmt":"2025-01-30T08:05:58","guid":{"rendered":"https:\/\/www.headshop.nl\/?post_type=product&#038;p=37386"},"modified":"2025-05-23T09:08:04","modified_gmt":"2025-05-23T09:08:04","slug":"amnesia","status":"publish","type":"product","link":"https:\/\/www.headshop.nl\/de\/amnesia\/","title":{"rendered":"Amnesia - Vision Saatgut"},"content":{"rendered":"<h2><span data-sheets-value=\"{&quot;1&quot;:2,&quot;2&quot;:&quot;Amnesia&quot;}\" data-sheets-userformat=\"{&quot;2&quot;:6723,&quot;3&quot;:{&quot;1&quot;:0},&quot;4&quot;:{&quot;1&quot;:2,&quot;2&quot;:16573901},&quot;9&quot;:0,&quot;12&quot;:0,&quot;14&quot;:{&quot;1&quot;:2,&quot;2&quot;:0},&quot;15&quot;:&quot;Arial&quot;}\">Amnesia <\/span>Cannabis-Samen von Vision Seeds<\/h2>\n<p>Diese Cannabis-Samen sind Ihr Ticket zu einem Rausch, der Sie buchst\u00e4blich mit Gl\u00fcck und Euphorie \u00fcberraschen wird. Vision Seeds Amnesia ist eine perfekte Mischung aus kreativer Motivation und Sativa-Dominanz. Diese Dame wird Deine Kreativit\u00e4t mit ihrem energiegeladenen Gras an die Grenzen bringen, das alles belebt, von Deinen Gedanken bis hin zu Deinen Muskeln - und Dir kreative Inspiration schenkt.<\/p>\n<p>Sie riecht eher subtil, aber erst in dem Moment, in dem sie angez\u00fcndet wird, werden die Genie\u00dfer mit einem dunstigen, blumigen Hauch konfrontiert! Die Wirkung kann bereits 5-15 Minuten nach dem Rauchen eintreten und die Leute berichten von einem gesteigerten Gl\u00fccksgef\u00fchl, gemischt mit einer erh\u00f6hten zerebralen Wirkung.<\/p>","protected":false},"excerpt":{"rendered":"<p>Der Anbau von Cannabis im Haus ist aufregend, aber es gibt viele Dinge zu lernen, bevor Sie ein Experte f\u00fcr den Anbau f\u00fcr sich selbst werden. Amnesia Cannabis-Samen sind der perfekte Einstieg f\u00fcr Anf\u00e4nger in diese neue Welt des Anbaus mit einer schnell bl\u00fchenden Sativa-Sorte, die sich schnell einstellt.<\/p>","protected":false},"featured_media":37304,"template":"","meta":[],"product_brand":[],"product_cat":[950,297,467,465],"product_tag":[],"class_list":{"0":"post-37386","1":"product","2":"type-product","3":"status-publish","4":"has-post-thumbnail","6":"product_cat-vision-seeds","7":"product_cat-all-products","8":"product_cat-feminized-seeds","9":"product_cat-seedshop","10":"product_shipping_class-creditcard-on","12":"first","13":"instock","14":"taxable","15":"shipping-taxable","16":"purchasable","17":"product-type-variable","18":"has-default-attributes"},"_links":{"self":[{"href":"https:\/\/www.headshop.nl\/de\/wp-json\/wp\/v2\/product\/37386","targetHints":{"allow":["GET"]}}],"collection":[{"href":"https:\/\/www.headshop.nl\/de\/wp-json\/wp\/v2\/product"}],"about":[{"href":"https:\/\/www.headshop.nl\/de\/wp-json\/wp\/v2\/types\/product"}],"wp:featuredmedia":[{"embeddable":true,"href":"https:\/\/www.headshop.nl\/de\/wp-json\/wp\/v2\/media\/37304"}],"wp:attachment":[{"href":"https:\/\/www.headshop.nl\/de\/wp-json\/wp\/v2\/media?parent=37386"}],"wp:term":[{"taxonomy":"product_brand","embeddable":true,"href":"https:\/\/www.headshop.nl\/de\/wp-json\/wp\/v2\/product_brand?post=37386"},{"taxonomy":"product_cat","embeddable":true,"href":"https:\/\/www.headshop.nl\/de\/wp-json\/wp\/v2\/product_cat?post=37386"},{"taxonomy":"product_tag","embeddable":true,"href":"https:\/\/www.headshop.nl\/de\/wp-json\/wp\/v2\/product_tag?post=37386"}],"curies":[{"name":"wp","href":"https:\/\/api.w.org\/{rel}","templated":true}]}}