{"id":37344,"date":"2025-01-30T10:48:18","date_gmt":"2025-01-30T10:48:18","guid":{"rendered":"https:\/\/www.headshop.nl\/?post_type=product&#038;p=37344"},"modified":"2025-05-23T09:02:32","modified_gmt":"2025-05-23T09:02:32","slug":"auto-white-widow","status":"publish","type":"product","link":"https:\/\/www.headshop.nl\/de\/auto-white-widow\/","title":{"rendered":"Auto White Widow - Vision Seeds"},"content":{"rendered":"<h2><span data-sheets-value=\"{&quot;1&quot;:2,&quot;2&quot;:&quot;Auto White Widow&quot;}\" data-sheets-userformat=\"{&quot;2&quot;:14915,&quot;3&quot;:{&quot;1&quot;:0},&quot;4&quot;:{&quot;1&quot;:2,&quot;2&quot;:13624051},&quot;9&quot;:0,&quot;12&quot;:0,&quot;14&quot;:{&quot;1&quot;:2,&quot;2&quot;:0},&quot;15&quot;:&quot;Calibri&quot;,&quot;16&quot;:12}\">Auto White Widow<\/span> Cannabis-Samen von Vision Seeds<\/h2>\n<p>Nach 12 Wochen haben Sie wundersch\u00f6ne, erntereife Knospen in Ihrem Marihuana-Gew\u00e4chshaus, die stark genug sind, um selbst die h\u00e4rtesten Klimabedingungen zu \u00fcberstehen. Warten Sie nicht l\u00e4nger, meine Damen und Herren! Warten Sie nicht l\u00e4nger!<\/p>\n<p>White Widow Auto Cannabis Seeds sind Ihr neuer bester Freund! Diese schnell wachsenden, diskreten Cannabissamen sind perfekt f\u00fcr Z\u00fcchter in raueren Klimazonen. Ihre stark entspannende Wirkung macht sie ideal f\u00fcr die Linderung von \u00c4ngsten, w\u00e4hrend ihre schnelle Wachstumszeit die Ernte kurz und auf den Punkt bringt. Beginnen Sie noch heute mit dem Anbau dieser Babies!<\/p>\n<p>Diese zug\u00e4ngliche Wahl wird jede Aufregung lindern, w\u00e4hrend Sie sich dank ihrer beruhigenden Wirkung auf Entz\u00fcndungen, Schmerzen und Schlaflosigkeit wohl f\u00fchlen. Ideal f\u00fcr den t\u00e4glichen Gebrauch.<\/p>","protected":false},"excerpt":{"rendered":"<p>White Widow ist f\u00fcr viele die erste Wahl. Egal, ob es darum geht, Langeweile, Angst oder Depressionen zu bek\u00e4mpfen, diese Sorte erf\u00fcllt den Zweck, ohne es tags\u00fcber zu \u00fcbertreiben. Und das Beste daran? Sie w\u00e4chst schnell! Classic Cannabis-Sorte f\u00fcr klassische Cannabis-Raucher. Sie wissen, was das ist!<\/p>","protected":false},"featured_media":37349,"template":"","meta":[],"product_brand":[],"product_cat":[950,297,466,465],"product_tag":[],"class_list":{"0":"post-37344","1":"product","2":"type-product","3":"status-publish","4":"has-post-thumbnail","6":"product_cat-vision-seeds","7":"product_cat-all-products","8":"product_cat-autoflowering-seeds","9":"product_cat-seedshop","10":"product_shipping_class-creditcard-on","12":"first","13":"instock","14":"taxable","15":"shipping-taxable","16":"purchasable","17":"product-type-variable","18":"has-default-attributes"},"_links":{"self":[{"href":"https:\/\/www.headshop.nl\/de\/wp-json\/wp\/v2\/product\/37344","targetHints":{"allow":["GET"]}}],"collection":[{"href":"https:\/\/www.headshop.nl\/de\/wp-json\/wp\/v2\/product"}],"about":[{"href":"https:\/\/www.headshop.nl\/de\/wp-json\/wp\/v2\/types\/product"}],"wp:featuredmedia":[{"embeddable":true,"href":"https:\/\/www.headshop.nl\/de\/wp-json\/wp\/v2\/media\/37349"}],"wp:attachment":[{"href":"https:\/\/www.headshop.nl\/de\/wp-json\/wp\/v2\/media?parent=37344"}],"wp:term":[{"taxonomy":"product_brand","embeddable":true,"href":"https:\/\/www.headshop.nl\/de\/wp-json\/wp\/v2\/product_brand?post=37344"},{"taxonomy":"product_cat","embeddable":true,"href":"https:\/\/www.headshop.nl\/de\/wp-json\/wp\/v2\/product_cat?post=37344"},{"taxonomy":"product_tag","embeddable":true,"href":"https:\/\/www.headshop.nl\/de\/wp-json\/wp\/v2\/product_tag?post=37344"}],"curies":[{"name":"wp","href":"https:\/\/api.w.org\/{rel}","templated":true}]}}