{"id":37242,"date":"2025-01-30T09:02:47","date_gmt":"2025-01-30T09:02:47","guid":{"rendered":"https:\/\/www.headshop.nl\/?post_type=product&#038;p=37242"},"modified":"2025-05-23T09:02:39","modified_gmt":"2025-05-23T09:02:39","slug":"auto-vision-kush","status":"publish","type":"product","link":"https:\/\/www.headshop.nl\/de\/auto-vision-kush\/","title":{"rendered":"Auto Vision Kush - Vision Seeds"},"content":{"rendered":"<h2><span data-sheets-value=\"{&quot;1&quot;:2,&quot;2&quot;:&quot;Auto Vision Kush&quot;}\" data-sheets-userformat=\"{&quot;2&quot;:14915,&quot;3&quot;:{&quot;1&quot;:0},&quot;4&quot;:{&quot;1&quot;:2,&quot;2&quot;:16773836},&quot;9&quot;:0,&quot;12&quot;:0,&quot;14&quot;:{&quot;1&quot;:2,&quot;2&quot;:0},&quot;15&quot;:&quot;Calibri&quot;,&quot;16&quot;:12}\">Auto Vision Kush<\/span> Cannabis-Samen von Vision Seeds<\/h2>\n<p>Meet die K\u00f6nigin der gro\u00dfen Ertr\u00e4ge, Vision Kush Auto Cannabis Seeds. Obwohl es sich um eine autoflowering Pflanze handelt, wird sie ihre Bl\u00fctezeit in weniger als 12 Wochen beenden! Wenn Sie einmal eine dieser 200 cm gro\u00dfen Pflanzen in die H\u00e4nde bekommen, werden Sie nie wieder etwas anderes anbauen. Au\u00dferdem ist sie mit ihrem THC-Gehalt, der bei 19% liegt, \u00fcberhaupt nicht sch\u00fcchtern.<\/p>\n<p>Sie hat eine starke Indica-Dominanz, was sie perfekt zur Schmerzlinderung und zum Einschlafen macht, wenn sie tags\u00fcber geraucht wird, oder zum Entspannen vor dem Schlafengehen, wenn sie in der Nacht geraucht wird.<\/p>\n<p>Diese verr\u00fcckten Weed-Samen sind bekannt f\u00fcr gr\u00f6\u00dfere Ertr\u00e4ge, die Sie entweder drinnen oder drau\u00dfen anbauen k\u00f6nnen. Wenn Sie die potenteste Kush autoflowering Sorte mit einem durchschnittlichen THC von 19% erhalten m\u00f6chten, dann sollten Sie diese Hanfsamen jetzt pflanzen!<\/p>\n<p>Diese Marihuana-Samen werden Ihnen bessere Ergebnisse liefern, weil sie st\u00e4rker sind und das High l\u00e4nger anh\u00e4lt als andere Standard-Weed-Sorten. Holen Sie sich Hilfe bei der Linderung von Schmerzen, Schlaflosigkeit, Depressionen, Appetitlosigkeit und vielem mehr, indem Sie dieses schnell wachsende Cannabis f\u00fcr sich selbst anbauen.<\/p>","protected":false},"excerpt":{"rendered":"<p>Wenn Du auf der Suche nach einer Sorte bist, die Dir ein unglaubliches Wachstumserlebnis bietet, dann ist Vision Kush Auto genau das Richtige f\u00fcr Dich. Diese automatische K\u00f6nigin Auto produziert hohe Ertr\u00e4ge und kann beim Anbau im Freien bis zu 200 cm hoch werden! Ihre Ernte wird deutlich h\u00f6her ausfallen, als wenn Sie andere Sorten w\u00e4hlen w\u00fcrden. Oh, und es ist super hoch in THC. Erstaunlich, oder?<\/p>","protected":false},"featured_media":37347,"template":"","meta":[],"product_brand":[],"product_cat":[950,297,466,470,465],"product_tag":[],"class_list":{"0":"post-37242","1":"product","2":"type-product","3":"status-publish","4":"has-post-thumbnail","6":"product_cat-vision-seeds","7":"product_cat-all-products","8":"product_cat-autoflowering-seeds","9":"product_cat-high-thc-seeds","10":"product_cat-seedshop","11":"product_shipping_class-creditcard-on","13":"first","14":"instock","15":"taxable","16":"shipping-taxable","17":"purchasable","18":"product-type-variable","19":"has-default-attributes"},"_links":{"self":[{"href":"https:\/\/www.headshop.nl\/de\/wp-json\/wp\/v2\/product\/37242","targetHints":{"allow":["GET"]}}],"collection":[{"href":"https:\/\/www.headshop.nl\/de\/wp-json\/wp\/v2\/product"}],"about":[{"href":"https:\/\/www.headshop.nl\/de\/wp-json\/wp\/v2\/types\/product"}],"wp:featuredmedia":[{"embeddable":true,"href":"https:\/\/www.headshop.nl\/de\/wp-json\/wp\/v2\/media\/37347"}],"wp:attachment":[{"href":"https:\/\/www.headshop.nl\/de\/wp-json\/wp\/v2\/media?parent=37242"}],"wp:term":[{"taxonomy":"product_brand","embeddable":true,"href":"https:\/\/www.headshop.nl\/de\/wp-json\/wp\/v2\/product_brand?post=37242"},{"taxonomy":"product_cat","embeddable":true,"href":"https:\/\/www.headshop.nl\/de\/wp-json\/wp\/v2\/product_cat?post=37242"},{"taxonomy":"product_tag","embeddable":true,"href":"https:\/\/www.headshop.nl\/de\/wp-json\/wp\/v2\/product_tag?post=37242"}],"curies":[{"name":"wp","href":"https:\/\/api.w.org\/{rel}","templated":true}]}}