{"id":37239,"date":"2025-01-30T09:02:45","date_gmt":"2025-01-30T09:02:45","guid":{"rendered":"https:\/\/www.headshop.nl\/?post_type=product&#038;p=37239"},"modified":"2025-05-23T09:02:52","modified_gmt":"2025-05-23T09:02:52","slug":"auto-vision-gorilla","status":"publish","type":"product","link":"https:\/\/www.headshop.nl\/de\/auto-vision-gorilla\/","title":{"rendered":"Auto Vision Gorilla - Vision Seeds"},"content":{"rendered":"<h2><span data-sheets-value=\"{&quot;1&quot;:2,&quot;2&quot;:&quot;Auto Vision Gorilla&quot;}\" data-sheets-userformat=\"{&quot;2&quot;:14915,&quot;3&quot;:{&quot;1&quot;:0},&quot;4&quot;:{&quot;1&quot;:2,&quot;2&quot;:16043212},&quot;9&quot;:0,&quot;12&quot;:0,&quot;14&quot;:{&quot;1&quot;:2,&quot;2&quot;:0},&quot;15&quot;:&quot;Calibri&quot;,&quot;16&quot;:12}\">Auto Vision Gorilla<\/span> Cannabis-Samen von Vision Seeds<\/h2>\n<p>Diese Sorte wird von den meisten Anf\u00e4ngern als die am meisten gew\u00e4hlte autoflowering K\u00f6nigin angesehen, da sie alles hat - Vision Gorilla Auto besitzt einen Zitrusgeschmack, mit starken Noten von Kiefernholz und s\u00fc\u00df-saurem Geschmack.<\/p>\n<p>Die Vision Gorilla Auto-Cannabis-Samen sind perfekt f\u00fcr Sie, wenn Sie suchen, um Ihre eigenen Autoflowering Cannabis-Pflanzen, die eine schnelle Bl\u00fctezeit und hohe THC Ebenen haben zu wachsen. Und ja, diese Sorte ist resistent gegen Sch\u00e4dlinge\/Krankheiten, was sie noch besser macht, weil niemand die Energie hat, sich damit zu besch\u00e4ftigen. Mit dem gro\u00dfartigen Geschmack von Zitrusfr\u00fcchten und einem Hauch von Kiefernholz ist dieses M\u00e4dchen perfekt f\u00fcr dich!<\/p>","protected":false},"excerpt":{"rendered":"<p>Vision Seeds Vision Gorilla Auto ist eine der beliebtesten autoflowering Sorten aufgrund ihres hohen THC-Gehalts, ihres einfachen Anbaus in k\u00e4lteren Klimazonen und des modernen Geschmacks, den sie bietet. Diese Sorte wurde von der niederl\u00e4ndischen Firma Vision Seeds f\u00fcr den Innenbereich gez\u00fcchtet und eignet sich hervorragend f\u00fcr Anbauprofis, die mit selbstbl\u00fchenden Marihuanapflanzen beginnen m\u00f6chten!<\/p>","protected":false},"featured_media":37337,"template":"","meta":[],"product_brand":[],"product_cat":[950,297,466,470,465],"product_tag":[],"class_list":{"0":"post-37239","1":"product","2":"type-product","3":"status-publish","4":"has-post-thumbnail","6":"product_cat-vision-seeds","7":"product_cat-all-products","8":"product_cat-autoflowering-seeds","9":"product_cat-high-thc-seeds","10":"product_cat-seedshop","11":"product_shipping_class-creditcard-on","13":"first","14":"instock","15":"taxable","16":"shipping-taxable","17":"purchasable","18":"product-type-variable","19":"has-default-attributes"},"_links":{"self":[{"href":"https:\/\/www.headshop.nl\/de\/wp-json\/wp\/v2\/product\/37239","targetHints":{"allow":["GET"]}}],"collection":[{"href":"https:\/\/www.headshop.nl\/de\/wp-json\/wp\/v2\/product"}],"about":[{"href":"https:\/\/www.headshop.nl\/de\/wp-json\/wp\/v2\/types\/product"}],"wp:featuredmedia":[{"embeddable":true,"href":"https:\/\/www.headshop.nl\/de\/wp-json\/wp\/v2\/media\/37337"}],"wp:attachment":[{"href":"https:\/\/www.headshop.nl\/de\/wp-json\/wp\/v2\/media?parent=37239"}],"wp:term":[{"taxonomy":"product_brand","embeddable":true,"href":"https:\/\/www.headshop.nl\/de\/wp-json\/wp\/v2\/product_brand?post=37239"},{"taxonomy":"product_cat","embeddable":true,"href":"https:\/\/www.headshop.nl\/de\/wp-json\/wp\/v2\/product_cat?post=37239"},{"taxonomy":"product_tag","embeddable":true,"href":"https:\/\/www.headshop.nl\/de\/wp-json\/wp\/v2\/product_tag?post=37239"}],"curies":[{"name":"wp","href":"https:\/\/api.w.org\/{rel}","templated":true}]}}