{"id":37233,"date":"2025-01-30T09:02:41","date_gmt":"2025-01-30T09:02:41","guid":{"rendered":"https:\/\/www.headshop.nl\/?post_type=product&#038;p=37233"},"modified":"2025-05-23T09:02:59","modified_gmt":"2025-05-23T09:02:59","slug":"auto-vision-critical","status":"publish","type":"product","link":"https:\/\/www.headshop.nl\/de\/auto-vision-critical\/","title":{"rendered":"Auto Vision Critical - Vision Seeds"},"content":{"rendered":"<h2><span data-sheets-value=\"{&quot;1&quot;:2,&quot;2&quot;:&quot;Auto Vision Critical&quot;}\" data-sheets-userformat=\"{&quot;2&quot;:14915,&quot;3&quot;:{&quot;1&quot;:0},&quot;4&quot;:{&quot;1&quot;:2,&quot;2&quot;:14281427},&quot;9&quot;:0,&quot;12&quot;:0,&quot;14&quot;:{&quot;1&quot;:2,&quot;2&quot;:0},&quot;15&quot;:&quot;Calibri&quot;,&quot;16&quot;:12}\">Auto Vision Critical <\/span>Cannabis-Samen von Vision Seeds<\/h2>\n<p>Klein und diskret, aber nicht zu niedrig in THC. Sie m\u00fcssen sich keine Sorgen machen, dass diese Damen Ihre Stealth-Growing-Operation durcheinander bringen. Sie ist perfekt, wenn Du einfach nur ein bisschen bet\u00e4ubende Entspannung willst, ohne allzu viel soziale \u00c4ngste zu entwickeln. Dieses spa\u00dfige und einnehmende autoflowering Baby ist etwas, das sogar der unerfahrenste Z\u00fcchter mit relativer Leichtigkeit handhaben kann!<\/p>\n<p>Vision Seeds Vision Critical Auto ist die perfekte Sorte, wenn Sie auf der Suche nach einer Sorte sind, die sich gut anbauen l\u00e4sst und erstklassige Geschmacksrichtungen, Aromen und Wirkungen bietet. Da sie eine gute Wahl f\u00fcr den heimlichen Anbau ist, ist sie ein Kinderspiel f\u00fcr diejenigen, die eine kleine Pflanze suchen, die diskret vor Passanten versteckt werden kann. Dar\u00fcber hinaus spielt es keine Rolle, ob sie geil oder aromatisch ist, denn dieses M\u00e4dchen entt\u00e4uscht nicht!<\/p>","protected":false},"excerpt":{"rendered":"<p>Sie macht es auf ihre Weise und sie ist einfach perfekt. Vision Critical Auto liefert einen sanften, nicht zu THC-lastigen, entspannten und chilligen Zug, der viele mit dem einzigartigen und lieblichen Aroma von Zitrusfr\u00fcchten, Gew\u00fcrzen und H\u00f6lzern erfreuen wird. Oh, und sie ist perfekt f\u00fcr die ultra-stealth-Grower. Versuchen Sie es selbst und Sie werden sie lieben!<\/p>","protected":false},"featured_media":37308,"template":"","meta":[],"product_brand":[],"product_cat":[950,297,466,465],"product_tag":[],"class_list":{"0":"post-37233","1":"product","2":"type-product","3":"status-publish","4":"has-post-thumbnail","6":"product_cat-vision-seeds","7":"product_cat-all-products","8":"product_cat-autoflowering-seeds","9":"product_cat-seedshop","10":"product_shipping_class-creditcard-on","12":"first","13":"instock","14":"taxable","15":"shipping-taxable","16":"purchasable","17":"product-type-variable","18":"has-default-attributes"},"_links":{"self":[{"href":"https:\/\/www.headshop.nl\/de\/wp-json\/wp\/v2\/product\/37233","targetHints":{"allow":["GET"]}}],"collection":[{"href":"https:\/\/www.headshop.nl\/de\/wp-json\/wp\/v2\/product"}],"about":[{"href":"https:\/\/www.headshop.nl\/de\/wp-json\/wp\/v2\/types\/product"}],"wp:featuredmedia":[{"embeddable":true,"href":"https:\/\/www.headshop.nl\/de\/wp-json\/wp\/v2\/media\/37308"}],"wp:attachment":[{"href":"https:\/\/www.headshop.nl\/de\/wp-json\/wp\/v2\/media?parent=37233"}],"wp:term":[{"taxonomy":"product_brand","embeddable":true,"href":"https:\/\/www.headshop.nl\/de\/wp-json\/wp\/v2\/product_brand?post=37233"},{"taxonomy":"product_cat","embeddable":true,"href":"https:\/\/www.headshop.nl\/de\/wp-json\/wp\/v2\/product_cat?post=37233"},{"taxonomy":"product_tag","embeddable":true,"href":"https:\/\/www.headshop.nl\/de\/wp-json\/wp\/v2\/product_tag?post=37233"}],"curies":[{"name":"wp","href":"https:\/\/api.w.org\/{rel}","templated":true}]}}