{"id":37227,"date":"2025-01-30T09:02:35","date_gmt":"2025-01-30T09:02:35","guid":{"rendered":"https:\/\/www.headshop.nl\/?post_type=product&#038;p=37227"},"modified":"2025-05-23T09:03:30","modified_gmt":"2025-05-23T09:03:30","slug":"auto-super-skunk","status":"publish","type":"product","link":"https:\/\/www.headshop.nl\/de\/auto-super-skunk\/","title":{"rendered":"Auto Super Skunk - Vision Seeds"},"content":{"rendered":"<h2><span data-sheets-value=\"{&quot;1&quot;:2,&quot;2&quot;:&quot;Auto Super Skunk &quot;}\" data-sheets-userformat=\"{&quot;2&quot;:14915,&quot;3&quot;:{&quot;1&quot;:0},&quot;4&quot;:{&quot;1&quot;:2,&quot;2&quot;:15389148},&quot;9&quot;:0,&quot;12&quot;:0,&quot;14&quot;:{&quot;1&quot;:2,&quot;2&quot;:0},&quot;15&quot;:&quot;Calibri&quot;,&quot;16&quot;:12}\">Auto Super Skunk <\/span>Cannabis-Samen von Vision Seeds<\/h2>\n<p>Dieser Auto Super Skunk Cannabis-Samen ist auf der Suche nach qualitativ hochwertigem Spielzeit und wird h\u00f6flich genug sein, um in H\u00fclle und F\u00fclle zur\u00fcck zu geben, was Sie ihr die M\u00f6glichkeit geben, die Arbeit auf zu tun. Aber pass auf... ihre Potenz hat es in sich, also stell sicher, dass Du bereit bist, mit diesem stinkend-guten Genetik-Kraftpaket loszulegen, das beide Seiten abdeckt!<\/p>\n<p>Super Skunk Auto ist sowohl bei Anf\u00e4ngern als auch bei erfahrenen G\u00e4rtnern beliebt. Sie gedeiht in feuchtwarmen Klimazonen, in denen Sie w\u00e4hrend des gesamten Wachstumsprozesses f\u00fcr reichlich organisches Material sorgen m\u00fcssen. Diese Pflanzen werden zu kleinen Monstern heranwachsen, die sich gerne nach oben strecken, um Licht zu bekommen! Auto Super Skunk Hanfsamen k\u00f6nnen das ganze Jahr \u00fcber im Freien gepflanzt werden, ohne dass man sich Sorgen machen muss, ihre Bed\u00fcrfnisse zu vernachl\u00e4ssigen.<\/p>\n<p>Der verf\u00fchrerische Geruch von s\u00fc\u00dfen Blumen, der durch ihre frostige Harzschicht dringt, ist der Traum eines jeden K\u00fcnstlers, der ein paar tolle gemischte Sorten f\u00fcr sein kreatives Genie sucht.<\/p>","protected":false},"excerpt":{"rendered":"<p>Manche Samen sind schw\u00e4cher als andere. Dieses M\u00e4dchen nicht! Sie wird ihr volles Potenzial aussch\u00f6pfen, schneller als der durchschnittliche Setzling, einfach weil sie es kann! Vielleicht haben Sie den Platz f\u00fcr einen gr\u00f6\u00dferen Topf oder Sie haben eine wirklich tolle Erde mit den perfekten N\u00e4hrstoffen - was auch immer es ist, denken Sie nicht zu viel dar\u00fcber nach. Wachse einfach und genie\u00dfe ihre erstaunlichen Puffs in wenigen Wochen. Sie ist ein skunkiges Biest und Du wirst es lieben!<\/p>","protected":false},"featured_media":37288,"template":"","meta":[],"product_brand":[],"product_cat":[950,297,466,465],"product_tag":[],"class_list":{"0":"post-37227","1":"product","2":"type-product","3":"status-publish","4":"has-post-thumbnail","6":"product_cat-vision-seeds","7":"product_cat-all-products","8":"product_cat-autoflowering-seeds","9":"product_cat-seedshop","10":"product_shipping_class-creditcard-on","12":"first","13":"instock","14":"taxable","15":"shipping-taxable","16":"purchasable","17":"product-type-variable","18":"has-default-attributes"},"_links":{"self":[{"href":"https:\/\/www.headshop.nl\/de\/wp-json\/wp\/v2\/product\/37227","targetHints":{"allow":["GET"]}}],"collection":[{"href":"https:\/\/www.headshop.nl\/de\/wp-json\/wp\/v2\/product"}],"about":[{"href":"https:\/\/www.headshop.nl\/de\/wp-json\/wp\/v2\/types\/product"}],"wp:featuredmedia":[{"embeddable":true,"href":"https:\/\/www.headshop.nl\/de\/wp-json\/wp\/v2\/media\/37288"}],"wp:attachment":[{"href":"https:\/\/www.headshop.nl\/de\/wp-json\/wp\/v2\/media?parent=37227"}],"wp:term":[{"taxonomy":"product_brand","embeddable":true,"href":"https:\/\/www.headshop.nl\/de\/wp-json\/wp\/v2\/product_brand?post=37227"},{"taxonomy":"product_cat","embeddable":true,"href":"https:\/\/www.headshop.nl\/de\/wp-json\/wp\/v2\/product_cat?post=37227"},{"taxonomy":"product_tag","embeddable":true,"href":"https:\/\/www.headshop.nl\/de\/wp-json\/wp\/v2\/product_tag?post=37227"}],"curies":[{"name":"wp","href":"https:\/\/api.w.org\/{rel}","templated":true}]}}