{"id":37224,"date":"2025-01-30T09:02:32","date_gmt":"2025-01-30T09:02:32","guid":{"rendered":"https:\/\/www.headshop.nl\/?post_type=product&#038;p=37224"},"modified":"2025-05-23T09:03:41","modified_gmt":"2025-05-23T09:03:41","slug":"auto-northern-lights","status":"publish","type":"product","link":"https:\/\/www.headshop.nl\/de\/auto-northern-lights\/","title":{"rendered":"Auto Northern Lights - Vision Seeds"},"content":{"rendered":"<h2>Auto Northern Lights Cannabis-Samen von Vision Seeds<\/h2>\n<p>Auto Northern Lights Cannabis-Samen sind genau das, was Sie f\u00fcr die perfekte Zeit brauchen. Mach Dich bereit f\u00fcr den Ritt, denn bei dieser Auto geht es nur ums Anz\u00fcnden! Sie ist Dein bester Freund - sie bietet sowohl widerstandsf\u00e4hige Wachstumsqualit\u00e4ten, die den Anbau super einfach machen, als auch fantastische, hochqualitative, potente Buds.<\/p>\n<p>Wenn du auf der Suche nach einer tollen Sorte bist, die du anbauen m\u00f6chtest, aber nicht sicher bist, wo du anfangen sollst, werden dir diese knallharten Cannabababys dabei helfen, alles richtig zu machen, damit du auf dem Weg keine Fehler machst.<\/p>\n<p>Sie ist sehr pflegeleicht und verzeiht auch Anf\u00e4ngerfehlern, so dass selbst erfahrene Profis sie lieben! Sind Sie bereit f\u00fcr einen tollen Gespr\u00e4chsstoff? Diese Samen liefern Puffs, nach denen sich die Leute sehnen w\u00fcrden.<\/p>","protected":false},"excerpt":{"rendered":"<p>Northern Lights Auto-Cannabis-Samen brauchen normalerweise 8-10 Wochen bis zur Bl\u00fcte, aber Du kannst den Schalter fr\u00fcher umlegen, wenn Deine Pflanzen gesund und kr\u00e4ftig sind. Erh\u00f6hen Sie die Beleuchtung, wenn das Tageslicht weniger scheint, beobachten Sie, wie die Knospen voller Bl\u00fcten wachsen, und warten Sie auf diese erstaunlich schmeckenden Northern Lights-Explosionen! Vollgepackt mit einem superstarken Rausch, der Dich kreativ f\u00fchlen l\u00e4sst und Dich nichts anderes tun l\u00e4sst, als gro\u00df zu denken - schnapp Dir jetzt ein paar Packungen dieser unaufhaltsamen Bl\u00fcten, bevor sie weg sind!<\/p>","protected":false},"featured_media":37286,"template":"","meta":[],"product_brand":[],"product_cat":[950,297,466,470,465],"product_tag":[],"class_list":{"0":"post-37224","1":"product","2":"type-product","3":"status-publish","4":"has-post-thumbnail","6":"product_cat-vision-seeds","7":"product_cat-all-products","8":"product_cat-autoflowering-seeds","9":"product_cat-high-thc-seeds","10":"product_cat-seedshop","11":"product_shipping_class-creditcard-on","13":"first","14":"instock","15":"taxable","16":"shipping-taxable","17":"purchasable","18":"product-type-variable","19":"has-default-attributes"},"_links":{"self":[{"href":"https:\/\/www.headshop.nl\/de\/wp-json\/wp\/v2\/product\/37224","targetHints":{"allow":["GET"]}}],"collection":[{"href":"https:\/\/www.headshop.nl\/de\/wp-json\/wp\/v2\/product"}],"about":[{"href":"https:\/\/www.headshop.nl\/de\/wp-json\/wp\/v2\/types\/product"}],"wp:featuredmedia":[{"embeddable":true,"href":"https:\/\/www.headshop.nl\/de\/wp-json\/wp\/v2\/media\/37286"}],"wp:attachment":[{"href":"https:\/\/www.headshop.nl\/de\/wp-json\/wp\/v2\/media?parent=37224"}],"wp:term":[{"taxonomy":"product_brand","embeddable":true,"href":"https:\/\/www.headshop.nl\/de\/wp-json\/wp\/v2\/product_brand?post=37224"},{"taxonomy":"product_cat","embeddable":true,"href":"https:\/\/www.headshop.nl\/de\/wp-json\/wp\/v2\/product_cat?post=37224"},{"taxonomy":"product_tag","embeddable":true,"href":"https:\/\/www.headshop.nl\/de\/wp-json\/wp\/v2\/product_tag?post=37224"}],"curies":[{"name":"wp","href":"https:\/\/api.w.org\/{rel}","templated":true}]}}