{"id":37221,"date":"2025-01-30T09:02:28","date_gmt":"2025-01-30T09:02:28","guid":{"rendered":"https:\/\/www.headshop.nl\/?post_type=product&#038;p=37221"},"modified":"2025-05-23T09:03:48","modified_gmt":"2025-05-23T09:03:48","slug":"auto-lowryder","status":"publish","type":"product","link":"https:\/\/www.headshop.nl\/de\/auto-lowryder\/","title":{"rendered":"Auto Lowryder - Vision Saatgut"},"content":{"rendered":"<h2>Auto Lowryder Cannabis-Samen von Vision Seeds<\/h2>\n<p>Die Auto Lowryder Cannabis-Samen sind die kleinste, diskreteste selbstbl\u00fchende K\u00f6nigin, die v\u00f6llig unbemerkt wachsen wird - perfekt f\u00fcr Anf\u00e4nger. Diese unauff\u00e4lligen Cannabis-Samen produzieren mittelgro\u00dfe Bl\u00fcten mit einem 14% THC Niveau; entwickelt, um schnell und einfach zu wachsen, egal was Ihre Erfahrung ist oder wo Sie leben (da sie k\u00e4ltere Klimazonen aushalten kann).<\/p>\n<p>Als eine der am schnellsten wachsenden Sorten von der Saat bis zur Bl\u00fcte macht die Widerstandsf\u00e4higkeit dieses kleinen M\u00e4dchens ihre kleine Statur wett, indem sie in deutlich k\u00fcrzerer Zeit als andere Autos ein Qualit\u00e4tsprodukt erzeugt. Mit Generationen selektiver Zucht produziert sie einen \u00fcberdurchschnittlichen Qualit\u00e4tsgeschmack, der seit '92 durch den Familienstammbaum weitergegeben wurde. Sie wird Ihnen gerade genug geben, ohne den Geschmack zu vergessen!<\/p>","protected":false},"excerpt":{"rendered":"<p>OG der autoflowering Pflanzen? Auto Lowryder Cannabis-Samen sind die perfekte Sorte f\u00fcr Anf\u00e4nger, die heimlich wachsen wollen. Diese Autoflowering-Samen produzieren kleine, hochwertige Knospen mit moderaten THC-Werten. Mit nur 14% THC diese genetische ist perfekt f\u00fcr diejenigen, die in den Anbau einer einfachen Pflanze interessiert, aber mit gro\u00dfen Geschmack und Harzproduktion. Machen Sie sich keine Sorgen mehr, dass die Nachbarn Ihre Topfpflanzen sehen - bauen Sie diese Auto-Wunder an!<\/p>","protected":false},"featured_media":37284,"template":"","meta":[],"product_brand":[],"product_cat":[950,297,466,465],"product_tag":[],"class_list":{"0":"post-37221","1":"product","2":"type-product","3":"status-publish","4":"has-post-thumbnail","6":"product_cat-vision-seeds","7":"product_cat-all-products","8":"product_cat-autoflowering-seeds","9":"product_cat-seedshop","10":"product_shipping_class-creditcard-on","12":"first","13":"instock","14":"taxable","15":"shipping-taxable","16":"purchasable","17":"product-type-variable","18":"has-default-attributes"},"_links":{"self":[{"href":"https:\/\/www.headshop.nl\/de\/wp-json\/wp\/v2\/product\/37221","targetHints":{"allow":["GET"]}}],"collection":[{"href":"https:\/\/www.headshop.nl\/de\/wp-json\/wp\/v2\/product"}],"about":[{"href":"https:\/\/www.headshop.nl\/de\/wp-json\/wp\/v2\/types\/product"}],"wp:featuredmedia":[{"embeddable":true,"href":"https:\/\/www.headshop.nl\/de\/wp-json\/wp\/v2\/media\/37284"}],"wp:attachment":[{"href":"https:\/\/www.headshop.nl\/de\/wp-json\/wp\/v2\/media?parent=37221"}],"wp:term":[{"taxonomy":"product_brand","embeddable":true,"href":"https:\/\/www.headshop.nl\/de\/wp-json\/wp\/v2\/product_brand?post=37221"},{"taxonomy":"product_cat","embeddable":true,"href":"https:\/\/www.headshop.nl\/de\/wp-json\/wp\/v2\/product_cat?post=37221"},{"taxonomy":"product_tag","embeddable":true,"href":"https:\/\/www.headshop.nl\/de\/wp-json\/wp\/v2\/product_tag?post=37221"}],"curies":[{"name":"wp","href":"https:\/\/api.w.org\/{rel}","templated":true}]}}