{"id":37212,"date":"2025-01-30T09:02:18","date_gmt":"2025-01-30T09:02:18","guid":{"rendered":"https:\/\/www.headshop.nl\/?post_type=product&#038;p=37212"},"modified":"2025-05-23T09:04:10","modified_gmt":"2025-05-23T09:04:10","slug":"auto-delhi-cheese","status":"publish","type":"product","link":"https:\/\/www.headshop.nl\/de\/auto-delhi-cheese\/","title":{"rendered":"Auto Delhi Cheese - Vision Saatgut"},"content":{"rendered":"<h2><span data-sheets-value=\"{&quot;1&quot;:2,&quot;2&quot;:&quot;Auto Delhi Cheese&quot;}\" data-sheets-userformat=\"{&quot;2&quot;:14915,&quot;3&quot;:{&quot;1&quot;:0},&quot;4&quot;:{&quot;1&quot;:2,&quot;2&quot;:11982760},&quot;9&quot;:0,&quot;12&quot;:0,&quot;14&quot;:{&quot;1&quot;:2,&quot;2&quot;:0},&quot;15&quot;:&quot;Calibri&quot;,&quot;16&quot;:12}\">Auto Delhi Cheese<\/span> Cannabis-Samen von Vision Seeds<\/h2>\n<p>Hochwertige Cheese-Genetik f\u00fcr alle Puff-Liebhaber! Vision Seeds Delhi Cheese Auto ist perfekt f\u00fcr die weicheren Inhalatoren unter den Greifern. Diese Pflanze zieht in der Regel eine geringere THC-Produktion an als andere Auto-Sorten auf dieser Liste, aber keine Sorge - es gibt immer noch eine Menge guter Sachen, die man mit dieser g\u00f6ttlichen Genetik-G\u00f6ttin genie\u00dfen kann.<\/p>\n<p>Es dauert nur 10 Wochen, bis sie dir deine sorgf\u00e4ltig gepfl\u00fcckte Charge \u00fcbergibt, also sei geduldig und mach dich bereit f\u00fcr ein puffiges Erlebnis! Der Geruch w\u00e4hrend des Wachstums und beim Rauchen ist ziemlich ausgepr\u00e4gt - also sei darauf vorbereitet.<\/p>","protected":false},"excerpt":{"rendered":"<p>Die Delhi Cheese Auto ist der perfekte Genuss f\u00fcr Liebhaber des weichen Puffs. Der Purist unter den Kiffern wird sie als \u00e4u\u00dferst raffiniert und gleicherma\u00dfen potent empfinden - hier wird kein bisschen K\u00e4se verschwendet! Willst du den Geschmack, den du nur von den hochwertigsten handverlesenen Sorten bekommst? Dann ist Delhi Cheese Auto genau das Richtige f\u00fcr Sie.<\/p>","protected":false},"featured_media":37282,"template":"","meta":[],"product_brand":[],"product_cat":[950,297,466,465],"product_tag":[],"class_list":{"0":"post-37212","1":"product","2":"type-product","3":"status-publish","4":"has-post-thumbnail","6":"product_cat-vision-seeds","7":"product_cat-all-products","8":"product_cat-autoflowering-seeds","9":"product_cat-seedshop","10":"product_shipping_class-creditcard-on","12":"first","13":"instock","14":"taxable","15":"shipping-taxable","16":"purchasable","17":"product-type-variable","18":"has-default-attributes"},"_links":{"self":[{"href":"https:\/\/www.headshop.nl\/de\/wp-json\/wp\/v2\/product\/37212","targetHints":{"allow":["GET"]}}],"collection":[{"href":"https:\/\/www.headshop.nl\/de\/wp-json\/wp\/v2\/product"}],"about":[{"href":"https:\/\/www.headshop.nl\/de\/wp-json\/wp\/v2\/types\/product"}],"wp:featuredmedia":[{"embeddable":true,"href":"https:\/\/www.headshop.nl\/de\/wp-json\/wp\/v2\/media\/37282"}],"wp:attachment":[{"href":"https:\/\/www.headshop.nl\/de\/wp-json\/wp\/v2\/media?parent=37212"}],"wp:term":[{"taxonomy":"product_brand","embeddable":true,"href":"https:\/\/www.headshop.nl\/de\/wp-json\/wp\/v2\/product_brand?post=37212"},{"taxonomy":"product_cat","embeddable":true,"href":"https:\/\/www.headshop.nl\/de\/wp-json\/wp\/v2\/product_cat?post=37212"},{"taxonomy":"product_tag","embeddable":true,"href":"https:\/\/www.headshop.nl\/de\/wp-json\/wp\/v2\/product_tag?post=37212"}],"curies":[{"name":"wp","href":"https:\/\/api.w.org\/{rel}","templated":true}]}}