{"id":37209,"date":"2025-01-30T09:02:16","date_gmt":"2025-01-30T09:02:16","guid":{"rendered":"https:\/\/www.headshop.nl\/?post_type=product&#038;p=37209"},"modified":"2025-05-23T09:04:18","modified_gmt":"2025-05-23T09:04:18","slug":"auto-blueberry-bliss","status":"publish","type":"product","link":"https:\/\/www.headshop.nl\/de\/auto-blueberry-bliss\/","title":{"rendered":"Auto Blueberry Bliss - Vision Seeds"},"content":{"rendered":"<h2>Auto Blueberry Bliss Cannabis-Samen von Vision Seeds<\/h2>\n<p>Diese mittelgro\u00dfe Sativa ist eine gro\u00dfartige bl\u00fchende Sorte f\u00fcr Anf\u00e4nger mit gro\u00dfen, h\u00fcbschen Knospen. Obwohl es sie erst seit ein paar Jahren gibt, hat Auto Bliss ihren Namen von der Auto Blueberry-Seite ihrer DNA und ist schnell zu einem Favoriten in den Apotheken geworden. Sie wird in der Bl\u00fcte etwa 3 bis 4 Fu\u00df hoch und hat unversch\u00e4mte Farben, die jeden K\u00fcnstler stolz machen w\u00fcrden. Der Geschmack ist frisch und s\u00fc\u00df mit einem erhebenden Rausch, der schnell einsetzt und dann ins Land der Couchlock-Tr\u00e4ume f\u00e4llt.<\/p>\n<p>Dieses M\u00e4dchen wird ihre Raucher mit einer Indica-Dominanz und einer sanften Sativa-Dominanz begeistern. Sie rettet Dich vor dem Stress des Tages: nur ein paar Z\u00fcge und sie wird sich um die Dinge k\u00fcmmern.<br \/>\nVision Seeds Auto Blueberry Bliss wird denjenigen empfohlen, die eine kleinere, aber schmackhafte Pflanze suchen, sowie einen l\u00e4ssigen Rauch, der zu tiefer Entspannung f\u00e4hig ist, ohne Paranoia oder einen verlangsamten Denkprozess, der mit den meisten Indicas verbunden ist.<\/p>","protected":false},"excerpt":{"rendered":"<p>Diese Cannabis-Sorte ist eine perfekte Wahl f\u00fcr diejenigen, die einen Liebhaber THC Ebene (etwas um 14%) Rauch, sondern auf der Suche nach Einzigartigkeit und s\u00fc\u00dfer Knospe Aussehen. Mit Wurzeln in BlueBerry - diese blaue Indica-Dame wird auf starke und geschmackvolle, dicht wie Felsen Knospen liefern.<\/p>","protected":false},"featured_media":37280,"template":"","meta":[],"product_brand":[],"product_cat":[950,297,466,465],"product_tag":[],"class_list":{"0":"post-37209","1":"product","2":"type-product","3":"status-publish","4":"has-post-thumbnail","6":"product_cat-vision-seeds","7":"product_cat-all-products","8":"product_cat-autoflowering-seeds","9":"product_cat-seedshop","10":"product_shipping_class-creditcard-on","12":"first","13":"instock","14":"taxable","15":"shipping-taxable","16":"purchasable","17":"product-type-variable","18":"has-default-attributes"},"_links":{"self":[{"href":"https:\/\/www.headshop.nl\/de\/wp-json\/wp\/v2\/product\/37209","targetHints":{"allow":["GET"]}}],"collection":[{"href":"https:\/\/www.headshop.nl\/de\/wp-json\/wp\/v2\/product"}],"about":[{"href":"https:\/\/www.headshop.nl\/de\/wp-json\/wp\/v2\/types\/product"}],"wp:featuredmedia":[{"embeddable":true,"href":"https:\/\/www.headshop.nl\/de\/wp-json\/wp\/v2\/media\/37280"}],"wp:attachment":[{"href":"https:\/\/www.headshop.nl\/de\/wp-json\/wp\/v2\/media?parent=37209"}],"wp:term":[{"taxonomy":"product_brand","embeddable":true,"href":"https:\/\/www.headshop.nl\/de\/wp-json\/wp\/v2\/product_brand?post=37209"},{"taxonomy":"product_cat","embeddable":true,"href":"https:\/\/www.headshop.nl\/de\/wp-json\/wp\/v2\/product_cat?post=37209"},{"taxonomy":"product_tag","embeddable":true,"href":"https:\/\/www.headshop.nl\/de\/wp-json\/wp\/v2\/product_tag?post=37209"}],"curies":[{"name":"wp","href":"https:\/\/api.w.org\/{rel}","templated":true}]}}