{"id":37197,"date":"2021-09-28T11:47:43","date_gmt":"2021-09-28T11:47:43","guid":{"rendered":"https:\/\/www.headshop.nl\/?post_type=product&#038;p=37197"},"modified":"2026-02-19T01:26:19","modified_gmt":"2026-02-19T01:26:19","slug":"muira-puama-herbs","status":"publish","type":"product","link":"https:\/\/www.headshop.nl\/de\/muira-puama-herbs\/","title":{"rendered":"Muira Puama Herbs"},"content":{"rendered":"<h2>Was ist Muira Puama?<\/h2>\n<p>Muira Puama, wissenschaftlich bekannt als Ptychopetalum Olacoides, ist eine tropische Pflanze, die im Amazonas-Regenwald in Brasilien heimisch ist. Sie wird seit Jahrhunderten von indigenen St\u00e4mmen wegen ihrer starken Wirkung auf die sexuelle Gesundheit und die allgemeine Vitalit\u00e4t verwendet. Oft als \"Potency Wood\" bezeichnet, ist Muira Puama weithin bekannt f\u00fcr seine F\u00e4higkeit, als starkes Aphrodisiakum zu wirken, die Libido zu steigern und die sexuelle Funktion sowohl bei M\u00e4nnern als auch bei Frauen zu verbessern.<\/p>\n<p>Zus\u00e4tzlich zu seinen Vorteilen f\u00fcr die sexuelle Gesundheit ist Muira Puama auch f\u00fcr sein Potenzial bekannt, Stress zu lindern und Gelenkschmerzen zu reduzieren. Diese Vielseitigkeit macht es zu einem wertvollen Kraut nicht nur f\u00fcr die Verbesserung der Intimit\u00e4t, sondern auch f\u00fcr die Unterst\u00fctzung des allgemeinen Wohlbefindens. Das Kraut wird am h\u00e4ufigsten in Form von Tee konsumiert, wo seine Wirkung schnell und effektiv sp\u00fcrbar ist. Aufgrund seiner milden und doch kraftvollen Eigenschaften ist Muira Puama nach wie vor eine beliebte Wahl f\u00fcr alle, die ein nat\u00fcrliches Mittel zur Steigerung ihrer Vitalit\u00e4t und Stimmung suchen.<\/p>\n<h2>Geschichte der Muira Puama<\/h2>\n<p>Die Geschichte von Muira Puama reicht Jahrhunderte zur\u00fcck bis zu den indigenen V\u00f6lkern des Amazonasgebiets. Diese St\u00e4mme haben die Rinde und die Wurzeln des Muira Puama-Baums seit langem f\u00fcr eine Vielzahl von medizinischen Zwecken verwendet. Eine der bemerkenswertesten Verwendungen war die als Aphrodisiakum, das das sexuelle Verlangen steigert und die Leistung verbessert. Der Name \"Potency Wood\" stammt von seinem guten Ruf als nat\u00fcrlicher Libidoverst\u00e4rker.<\/p>\n<p>In der traditionellen brasilianischen Medizin wurde Muira Puama auch zur Behandlung von Krankheiten wie M\u00fcdigkeit, Stress und Gelenkschmerzen eingesetzt. Die stimulierende Wirkung des Krauts auf K\u00f6rper und Geist machte es zu einem wesentlichen Bestandteil der lokalen Pharmakop\u00f6e. Mit der Zeit verbreitete sich der Ruhm von Muira Puama \u00fcber Brasilien hinaus, und heute wird es weltweit als Nahrungserg\u00e4nzungsmittel zur Unterst\u00fctzung der sexuellen Gesundheit, des Stressabbaus und der allgemeinen Vitalit\u00e4t verwendet.<\/p>\n<p>Da die moderne Kr\u00e4utermedizin immer beliebter wird, bleibt Muira Puama eine der angesehensten und gefragtesten Pflanzen zur Verbesserung des k\u00f6rperlichen und geistigen Wohlbefindens.<\/p>\n<h2>So verwenden Sie Muira Puama<\/h2>\n<p>Muira Puama wird in der Regel in Form eines Tees konsumiert, der als der effektivste Weg gilt, um seine Vorteile zu erfahren. Um den Tee zuzubereiten, lassen Sie einfach 1 Gramm des Muira Puama-Krauts in hei\u00dfem Wasser ziehen und trinken es t\u00e4glich. Diese Dosierung wird f\u00fcr diejenigen empfohlen, die ihre Libido steigern, Stress abbauen oder Gelenkschmerzen lindern wollen. Um die besten Ergebnisse zu erzielen, ist es ratsam, das Kraut regelm\u00e4\u00dfig einzunehmen, um die volle Bandbreite seiner Wirkungen zu erfahren.<\/p>\n<p>Muira Puama kann auch mit anderen Kr\u00e4utern, wie z.B. Damiana, kombiniert werden, um seine aphrodisierende Wirkung und seine allgemeine Potenz weiter zu verst\u00e4rken. Die Vielseitigkeit dieses Krauts erm\u00f6glicht verschiedene Zubereitungsmethoden, einschlie\u00dflich Tinkturen oder Kapseln, je nach pers\u00f6nlicher Vorliebe.<\/p>\n<p>Bei der Einnahme von Muira Puama ist es wichtig, sich an die empfohlene Dosierung zu halten und die Reaktion des K\u00f6rpers zu beobachten. Seine Wirkung kann ausgepr\u00e4gter sein, wenn es konsequent \u00fcber einen l\u00e4ngeren Zeitraum eingenommen wird, was es zu einer wertvollen Erg\u00e4nzung einer t\u00e4glichen Wellness-Routine macht.<\/p>\n<h2>Inhaltsstoffe von Muira Puama<\/h2>\n<p>Der Wirkstoff von Muira Puama ist Ptychopetalum Olacoides, eine tropische Pflanze, die eine Vielzahl von bioaktiven Verbindungen enth\u00e4lt. Es wird angenommen, dass diese Verbindungen f\u00fcr die starke aphrodisierende und stressabbauende Wirkung von Muira Puama verantwortlich sind. Die Rinde und die Wurzeln der Pflanze enthalten Alkaloide und andere Verbindungen, die mit den Systemen des K\u00f6rpers interagieren, um die sexuelle Funktion zu verbessern, die Libido zu steigern und ein Gef\u00fchl des Wohlbefindens zu f\u00f6rdern.<\/p>\n<p>Zus\u00e4tzlich zu seinen Hauptvorteilen bietet Muira Puama auch entz\u00fcndungshemmende und schmerzlindernde Eigenschaften, die es bei Gelenk- und Muskelbeschwerden wirksam machen. Das Vorhandensein dieser bioaktiven Verbindungen macht Muira Puama nicht nur zu einem Aphrodisiakum, sondern auch zu einer ganzheitlichen Pflanze, die die allgemeine Gesundheit und Vitalit\u00e4t unterst\u00fctzt.<\/p>\n<p>Durch die Kombination der Vorteile der sexuellen Verbesserung, des Stressabbaus und der Reduzierung von Gelenkschmerzen ist Muira Puama zu einem sehr gefragten Kraut f\u00fcr diejenigen geworden, die nach einer nat\u00fcrlichen, umfassenden Wellness-L\u00f6sung suchen.<\/p>\n<p><strong>Warnung:<\/strong><br \/>\nMuira Puama ist f\u00fcr Personen \u00fcber 18 Jahren bestimmt. Au\u00dferhalb der Reichweite von Kindern aufbewahren. Dieses Kraut ist ein MAO-Hemmer und sollte nicht von Personen mit Nieren- oder Herzproblemen, hohem oder niedrigem Blutdruck, Diabetes oder Personen, die unter dem Einfluss von Medikamenten, Drogen oder Alkohol stehen, verwendet werden. Es handelt sich nicht um ein Medikament, sondern um ein Nahrungserg\u00e4nzungsmittel und sollte auch als solches behandelt werden. Kaufen Sie es nicht, wenn das Siegel gebrochen ist.<\/p>","protected":false},"excerpt":{"rendered":"<p>Muira Puama ist ein starkes aphrodisierendes Kraut, das aus Brasilien stammt und f\u00fcr seine F\u00e4higkeit bekannt ist, die Libido zu steigern und die sexuelle Leistungsf\u00e4higkeit zu verbessern. Es wird aus der Rinde und den Wurzeln des Muira Puama-Baums gewonnen und ist auch bei Stress und Gelenkschmerzen wirksam. Dieses nat\u00fcrliche Heilmittel kann als Tee getrunken werden und ist sowohl f\u00fcr M\u00e4nner als auch f\u00fcr Frauen geeignet.<\/p>","protected":false},"featured_media":82148,"template":"","meta":[],"product_brand":[],"product_cat":[391,297,395,389,457,814,396,405,705,384],"product_tag":[],"class_list":{"0":"post-37197","1":"product","2":"type-product","3":"status-publish","4":"has-post-thumbnail","6":"product_cat-extracts","7":"product_cat-all-products","8":"product_cat-aphrodisiacs","9":"product_cat-herbs","10":"product_cat-herbs-healthshop","11":"product_cat-indian-elements","12":"product_cat-relax","13":"product_cat-relax-herbs","14":"product_cat-sex-shop","15":"product_cat-smartshop","17":"first","18":"instock","19":"taxable","20":"shipping-taxable","21":"purchasable","22":"product-type-variable","23":"has-default-attributes"},"_links":{"self":[{"href":"https:\/\/www.headshop.nl\/de\/wp-json\/wp\/v2\/product\/37197","targetHints":{"allow":["GET"]}}],"collection":[{"href":"https:\/\/www.headshop.nl\/de\/wp-json\/wp\/v2\/product"}],"about":[{"href":"https:\/\/www.headshop.nl\/de\/wp-json\/wp\/v2\/types\/product"}],"wp:featuredmedia":[{"embeddable":true,"href":"https:\/\/www.headshop.nl\/de\/wp-json\/wp\/v2\/media\/82148"}],"wp:attachment":[{"href":"https:\/\/www.headshop.nl\/de\/wp-json\/wp\/v2\/media?parent=37197"}],"wp:term":[{"taxonomy":"product_brand","embeddable":true,"href":"https:\/\/www.headshop.nl\/de\/wp-json\/wp\/v2\/product_brand?post=37197"},{"taxonomy":"product_cat","embeddable":true,"href":"https:\/\/www.headshop.nl\/de\/wp-json\/wp\/v2\/product_cat?post=37197"},{"taxonomy":"product_tag","embeddable":true,"href":"https:\/\/www.headshop.nl\/de\/wp-json\/wp\/v2\/product_tag?post=37197"}],"curies":[{"name":"wp","href":"https:\/\/api.w.org\/{rel}","templated":true}]}}